{"id":3100,"date":"2020-09-22T01:43:33","date_gmt":"2020-09-22T00:43:33","guid":{"rendered":"http:\/\/www.slamdisques.com\/slamdisques\/?page_id=3100"},"modified":"2025-07-29T17:00:08","modified_gmt":"2025-07-29T16:00:08","slug":"contact","status":"publish","type":"page","link":"https:\/\/www.slamdisques.com\/slamdisques\/contact","title":{"rendered":"Contactez &#8211; nous"},"content":{"rendered":"\n<div class=\"wp-block-columns is-layout-flex wp-container-core-columns-is-layout-9d6595d7 wp-block-columns-is-layout-flex\">\n<div class=\"wp-block-column is-layout-flow wp-block-column-is-layout-flow\" style=\"flex-basis:66.66%\">\n<p>Slam Disques est une maison de disques qui \u0153uvre dans le rock francophone depuis 2002. Le label a depuis vendu pr\u00e8s de 40 000 albums, <em>stream<\/em> 10 millions de chansons par ann\u00e9e, a produit plus de 160 vid\u00e9oclips et fait la gestion de 800 shows. <\/p>\n<\/div>\n\n\n\n<div class=\"wp-block-column is-layout-flow wp-block-column-is-layout-flow\" style=\"flex-basis:33.33%\">\n<p class=\"has-text-align-left\"><strong>\ud83d\udccd\u00a0<\/strong>4900 Gilmore<br>Montr\u00e9al, Qu\u00e9bec <br>H4E 4N3 <\/p>\n\n\n\n<p class=\"has-text-align-left\">\ud83d\udcdeT\u00e9l\u00e9phone : 514 504-7791 <\/p>\n\n\n\n<p>Fax (oui on a un fax) : 514 504-7792<\/p>\n<\/div>\n<\/div>\n\n\n\n<h1 class=\"wp-block-heading has-text-align-center\">Notre \u00e9quipe<\/h1>\n\n\n\n<div class=\"wp-block-columns is-layout-flex wp-container-core-columns-is-layout-9d6595d7 wp-block-columns-is-layout-flex\">\n<div class=\"wp-block-column is-layout-flow wp-block-column-is-layout-flow\">\n<hr class=\"wp-block-separator has-alpha-channel-opacity is-style-wide\"\/>\n<\/div>\n\n\n\n<div class=\"wp-block-column is-layout-flow wp-block-column-is-layout-flow\">\n<hr class=\"wp-block-separator has-alpha-channel-opacity is-style-wide\"\/>\n<\/div>\n\n\n\n<div class=\"wp-block-column is-layout-flow wp-block-column-is-layout-flow\">\n<hr class=\"wp-block-separator has-alpha-channel-opacity is-style-wide\"\/>\n<\/div>\n<\/div>\n\n\n\n<div class=\"wp-block-columns is-layout-flex wp-container-core-columns-is-layout-9d6595d7 wp-block-columns-is-layout-flex\">\n<div class=\"wp-block-column is-layout-flow wp-block-column-is-layout-flow\">\n<p><strong>Karl Meury<\/strong> <\/p>\n\n\n\n<p>warlock de contenu &#8211; Producteur de contenu (37 Superkicks) : <a href=\"mailto:karl@slamdisques.com\">karl@slamdisques.com<\/a><\/p>\n<\/div>\n\n\n\n<div class=\"wp-block-column is-layout-flow wp-block-column-is-layout-flow\">\n<p class=\"has-text-align-left\"><strong>Sima Dell&rsquo;Olio<\/strong><\/p>\n\n\n\n<p class=\"has-text-align-left\">l&rsquo;oratrice &#8211; A&amp;R (Slam Disques, Hell for Breakfast, 37 Superkicks, Bandpromo) : <a href=\"mailto:sima@hellforbreakfast.com\">sima@hellforbreakfast.com<\/a><\/p>\n<\/div>\n\n\n\n<div class=\"wp-block-column is-layout-flow wp-block-column-is-layout-flow\">\n<p><strong>Genevi\u00e8ve Sirois<\/strong><\/p>\n\n\n\n<p>l&rsquo;h\u00e9riti\u00e8re \u2013 Administration : <a href=\"mailto:genevieve@slamdisques.com\">genevieve@slamdisques.com<\/a><\/p>\n<\/div>\n<\/div>\n\n\n\n<div class=\"wp-block-columns is-layout-flex wp-container-core-columns-is-layout-9d6595d7 wp-block-columns-is-layout-flex\">\n<div class=\"wp-block-column is-layout-flow wp-block-column-is-layout-flow\">\n<hr class=\"wp-block-separator has-alpha-channel-opacity is-style-wide\"\/>\n<\/div>\n\n\n\n<div class=\"wp-block-column is-layout-flow wp-block-column-is-layout-flow\">\n<hr class=\"wp-block-separator has-alpha-channel-opacity is-style-wide\"\/>\n<\/div>\n\n\n\n<div class=\"wp-block-column is-layout-flow wp-block-column-is-layout-flow\">\n<hr class=\"wp-block-separator has-alpha-channel-opacity is-style-wide\"\/>\n<\/div>\n<\/div>\n\n\n\n<div class=\"wp-block-columns is-layout-flex wp-container-core-columns-is-layout-9d6595d7 wp-block-columns-is-layout-flex\">\n<div class=\"wp-block-column is-layout-flow wp-block-column-is-layout-flow\">\n<p><strong>Jo-Anick Lafrance-Bolduc<\/strong><\/p>\n\n\n\n<p>wizard &#8211; Bras droit de Genevi\u00e8ve : <a href=\"mailto:joanick@slamdisques.com\">joanick@slamdisques.com<\/a><\/p>\n<\/div>\n\n\n\n<div class=\"wp-block-column is-layout-flow wp-block-column-is-layout-flow\">\n<p><strong>Alexandra Cimon<\/strong><\/p>\n\n\n\n<p>proph\u00e8te &#8211; Charg\u00e9e de production et commercialisation : <a href=\"mailto:felix@slamdisques.com\">alexandra@slamdisques.com<\/a><\/p>\n<\/div>\n\n\n\n<div class=\"wp-block-column is-layout-flow wp-block-column-is-layout-flow\">\n<p><strong>Antony Steben<\/strong><\/p>\n\n\n\n<p>paladin &#8211; Distribution, commercialisation et relations de presse: <a href=\"mailto:antony@hellforbreakfast.com\">antony@hellforbreakfast.com<\/a> <\/p>\n<\/div>\n<\/div>\n\n\n\n<div class=\"wp-block-columns is-layout-flex wp-container-core-columns-is-layout-9d6595d7 wp-block-columns-is-layout-flex\">\n<div class=\"wp-block-column is-layout-flow wp-block-column-is-layout-flow\">\n<hr class=\"wp-block-separator has-alpha-channel-opacity is-style-wide\"\/>\n<\/div>\n\n\n\n<div class=\"wp-block-column is-layout-flow wp-block-column-is-layout-flow\">\n<hr class=\"wp-block-separator has-alpha-channel-opacity is-style-wide\"\/>\n<\/div>\n\n\n\n<div class=\"wp-block-column is-layout-flow wp-block-column-is-layout-flow\">\n<hr class=\"wp-block-separator has-alpha-channel-opacity is-style-wide\"\/>\n<\/div>\n<\/div>\n\n\n\n<div class=\"wp-block-columns is-layout-flex wp-container-core-columns-is-layout-9d6595d7 wp-block-columns-is-layout-flex\">\n<div class=\"wp-block-column is-layout-flow wp-block-column-is-layout-flow\">\n<p><strong>Alex Paquette<\/strong><\/p>\n\n\n\n<p>promoteur de fun &#8211; Agent de spectacle et \u00e9dition: <a href=\"mailto:alex@slamdisques.com\">alex@slamdisques.com<\/a> <\/p>\n<\/div>\n\n\n\n<div class=\"wp-block-column is-layout-flow wp-block-column-is-layout-flow\">\n<p><strong>Teresa Fortier<\/strong><\/p>\n\n\n\n<p>Gestionnaire de communaut\u00e9 et P.R : <a href=\"mailto:teresa@slamdisques.com\">teresa@slamdisques.com<\/a><\/p>\n<\/div>\n\n\n\n<div class=\"wp-block-column is-layout-flow wp-block-column-is-layout-flow\">\n<p><strong>Jessy Fuchs<\/strong><\/p>\n\n\n\n<p>Directeur artistique et producteur : <a href=\"mailto:info@slamdisques.com\">info@slamdisques.com<\/a><\/p>\n<\/div>\n<\/div>\n\n\n\n<div class=\"wp-block-columns is-layout-flex wp-container-core-columns-is-layout-9d6595d7 wp-block-columns-is-layout-flex\">\n<div class=\"wp-block-column is-layout-flow wp-block-column-is-layout-flow\">\n<hr class=\"wp-block-separator has-alpha-channel-opacity is-style-wide\"\/>\n<\/div>\n\n\n\n<div class=\"wp-block-column is-layout-flow wp-block-column-is-layout-flow\">\n<hr class=\"wp-block-separator has-alpha-channel-opacity is-style-wide\"\/>\n<\/div>\n\n\n\n<div class=\"wp-block-column is-layout-flow wp-block-column-is-layout-flow\">\n<hr class=\"wp-block-separator has-alpha-channel-opacity is-style-wide\"\/>\n<\/div>\n<\/div>\n\n\n\n<h1 class=\"wp-block-heading\">D\u00e9mos<\/h1>\n\n\n\n<p>Tu peux nous envoyer tes chansons, mais limite-toi \u00e0 tes 2-3 meilleures \u00e0 vie (<strong>lien(s), pas des pi\u00e8ces jointes<\/strong>). Prends-toi \u00e0 l&rsquo;avance quand tu veux un label; souvent on pr\u00e9voit notre calendrier 18 mois \u00e0 l&rsquo;avance. Assure-toi qu&rsquo;on est une maison de disques qui <em>fit<\/em> avec ce que tu fais : dans ton courriel, dis-nous avec qui tu te verrais en spectacle dans notre <em>roster<\/em>.<\/p>\n","protected":false},"excerpt":{"rendered":"<p>Slam Disques est une maison de disques qui \u0153uvre dans le rock francophone depuis 2002. Le label a depuis vendu pr\u00e8s de 40 000 albums, stream 10 millions de chansons par ann\u00e9e, a produit plus de 160 vid\u00e9oclips et fait la gestion de 800 shows. \ud83d\udccd\u00a04900 GilmoreMontr\u00e9al, Qu\u00e9bec H4E 4N3 \ud83d\udcdeT\u00e9l\u00e9phone : 514 504-7791 Fax &hellip; <\/p>\n<p class=\"link-more\"><a href=\"https:\/\/www.slamdisques.com\/slamdisques\/contact\" class=\"more-link\">Continuer la lecture<span class=\"screen-reader-text\"> de &laquo;&nbsp;Contactez &#8211; nous&nbsp;&raquo;<\/span><\/a><\/p>\n","protected":false},"author":1,"featured_media":0,"parent":0,"menu_order":0,"comment_status":"closed","ping_status":"closed","template":"","meta":{"footnotes":""},"class_list":["post-3100","page","type-page","status-publish","hentry"],"_links":{"self":[{"href":"https:\/\/www.slamdisques.com\/slamdisques\/wp-json\/wp\/v2\/pages\/3100","targetHints":{"allow":["GET"]}}],"collection":[{"href":"https:\/\/www.slamdisques.com\/slamdisques\/wp-json\/wp\/v2\/pages"}],"about":[{"href":"https:\/\/www.slamdisques.com\/slamdisques\/wp-json\/wp\/v2\/types\/page"}],"author":[{"embeddable":true,"href":"https:\/\/www.slamdisques.com\/slamdisques\/wp-json\/wp\/v2\/users\/1"}],"replies":[{"embeddable":true,"href":"https:\/\/www.slamdisques.com\/slamdisques\/wp-json\/wp\/v2\/comments?post=3100"}],"version-history":[{"count":18,"href":"https:\/\/www.slamdisques.com\/slamdisques\/wp-json\/wp\/v2\/pages\/3100\/revisions"}],"predecessor-version":[{"id":5409,"href":"https:\/\/www.slamdisques.com\/slamdisques\/wp-json\/wp\/v2\/pages\/3100\/revisions\/5409"}],"wp:attachment":[{"href":"https:\/\/www.slamdisques.com\/slamdisques\/wp-json\/wp\/v2\/media?parent=3100"}],"curies":[{"name":"wp","href":"https:\/\/api.w.org\/{rel}","templated":true}]}}