{"id":3268,"date":"2020-10-20T23:03:50","date_gmt":"2020-10-20T22:03:50","guid":{"rendered":"http:\/\/www.slamdisques.com\/slamdisques\/?page_id=3268"},"modified":"2021-09-03T00:09:13","modified_gmt":"2021-09-02T23:09:13","slug":"reprises-acoustiques-vol-2-ep","status":"publish","type":"page","link":"https:\/\/www.slamdisques.com\/slamdisques\/reprises-acoustiques-vol-2-ep","title":{"rendered":"Reprises acoustiques, vol.2 (EP)"},"content":{"rendered":"\n<div class=\"wp-block-image\"><figure class=\"alignleft size-large is-resized\"><img loading=\"lazy\" decoding=\"async\" src=\"https:\/\/www.slamdisques.com\/slamdisques\/wp-content\/uploads\/2020\/10\/Noe-Talbot_Reprises-acoustiques-vol.-2-avec-Dom_1440x1440px-1-1024x1024.jpg\" alt=\"\" class=\"wp-image-3269\" width=\"314\" height=\"314\" srcset=\"https:\/\/www.slamdisques.com\/slamdisques\/wp-content\/uploads\/2020\/10\/Noe-Talbot_Reprises-acoustiques-vol.-2-avec-Dom_1440x1440px-1-1024x1024.jpg 1024w, https:\/\/www.slamdisques.com\/slamdisques\/wp-content\/uploads\/2020\/10\/Noe-Talbot_Reprises-acoustiques-vol.-2-avec-Dom_1440x1440px-1-300x300.jpg 300w, https:\/\/www.slamdisques.com\/slamdisques\/wp-content\/uploads\/2020\/10\/Noe-Talbot_Reprises-acoustiques-vol.-2-avec-Dom_1440x1440px-1-150x150.jpg 150w, https:\/\/www.slamdisques.com\/slamdisques\/wp-content\/uploads\/2020\/10\/Noe-Talbot_Reprises-acoustiques-vol.-2-avec-Dom_1440x1440px-1-768x768.jpg 768w, https:\/\/www.slamdisques.com\/slamdisques\/wp-content\/uploads\/2020\/10\/Noe-Talbot_Reprises-acoustiques-vol.-2-avec-Dom_1440x1440px-1-100x100.jpg 100w, https:\/\/www.slamdisques.com\/slamdisques\/wp-content\/uploads\/2020\/10\/Noe-Talbot_Reprises-acoustiques-vol.-2-avec-Dom_1440x1440px-1.jpg 1440w\" sizes=\"auto, (max-width: 314px) 100vw, 314px\" \/><figcaption><strong>D\u00e9tails de l&rsquo;album:<\/strong><br>Sortie: 8 mai 2020<br>Enregistrement et mixage: J\u00e9r\u00f4me Boisvert<br><em>\u00a9\u2117 Slam Disques<\/em><br><br><strong>Tracklist:<\/strong><br><a href=\"https:\/\/fanlink.to\/reprisesacoustiquesvol2\">1. Drag My Body (French Cover)<br>2. International You Day (French Cover)<br>3. Good &amp; Gone (French Cover)<br>4. Bad Art &amp; Weirdo Ideas (French Cover)<br>5. Chalkline (French Cover)<br>6. Dammit (French Cover)<br>7. Ring of Fire = 4 Points (French Cover)<br>8. A Song for Milly Michaelson (French Cover)<\/a><\/figcaption><\/figure><\/div>\n\n\n\n<p class=\"has-medium-font-size\"><strong>Reprises acoustiques, vol.2<\/strong> (EP)<br><a href=\"https:\/\/www.slamdisques.com\/slamdisques\/noe-talbot-2\">No\u00e9 Talbot &amp; Dominic Pelletier<\/a><\/p>\n\n\n\n<hr class=\"wp-block-separator is-style-wide\"\/>\n\n\n\n<p class=\"has-small-font-size\">Traduire des chansons de punk rock en fran\u00e7ais et en cr\u00e9er de nouvelles versions acoustiques pour faire appr\u00e9cier \u00e0 un public plus large les magnifiques textes et m\u00e9lodies qu\u2019elles peuvent receler ; s&rsquo;\u00e9loigner des pi\u00e8ces originales tout en gardant l&rsquo;\u00e2me de chaque piste : c\u2019est l\u2019essence de cette collaboration entre deux amis de longue date : No\u00e9 Talbot et Dominic Pelletier (Caravane).<\/p>\n\n\n\n<p class=\"has-small-font-size\">L&rsquo;ajout de ce dernier au projet permet \u00e0 ce volume de se distinguer grandement du premier par son univers musical, l&rsquo;agencement unique de ces deux chanteurs et le choix des chansons. On passe d&rsquo;artistes pop punk mythiques tels que Blink-182 ou No Use for a Name, \u00e0 des artistes plus rock\/emo comme Thrice ou Beach Slang, en allant jusqu&rsquo;aux h\u00e9ros locaux montr\u00e9alais The Sainte Catherines.<\/p>\n\n\n\n<p class=\"has-small-font-size\">Outre les multiples sons de keys et de guitares, l&rsquo;apport de la violoniste\/pianiste Katherine Plante se fait sentir aussi sur la plupart des pistes du EP, le tout \u00e9tant brillamment capt\u00e9, enrob\u00e9 et mix\u00e9 \u00e0 Drummondville dans le r\u00e9put\u00e9 studio Momentum de J\u00e9r\u00f4me Boisvert (Trois-Accords, Sylvie DesGroseillers, W\u00e9zo).<\/p>\n\n\n\n<div class=\"wp-block-buttons alignleft is-layout-flex wp-block-buttons-is-layout-flex\">\n<div class=\"wp-block-button\"><a class=\"wp-block-button__link\" href=\"https:\/\/fanlink.to\/reprisesacoustiquesvol2\" target=\"_blank\" rel=\"noreferrer noopener\">\u00c9coutez Reprises acoustiques, vol.2<\/a><\/div>\n<\/div>\n\n\n\n<p><\/p>\n","protected":false},"excerpt":{"rendered":"<p>Reprises acoustiques, vol.2 (EP)No\u00e9 Talbot &amp; Dominic Pelletier Traduire des chansons de punk rock en fran\u00e7ais et en cr\u00e9er de nouvelles versions acoustiques pour faire appr\u00e9cier \u00e0 un public plus large les magnifiques textes et m\u00e9lodies qu\u2019elles peuvent receler ; s&rsquo;\u00e9loigner des pi\u00e8ces originales tout en gardant l&rsquo;\u00e2me de chaque piste : c\u2019est l\u2019essence de &hellip; <\/p>\n<p class=\"link-more\"><a href=\"https:\/\/www.slamdisques.com\/slamdisques\/reprises-acoustiques-vol-2-ep\" class=\"more-link\">Continuer la lecture<span class=\"screen-reader-text\"> de &laquo;&nbsp;Reprises acoustiques, vol.2 (EP)&nbsp;&raquo;<\/span><\/a><\/p>\n","protected":false},"author":1,"featured_media":0,"parent":0,"menu_order":0,"comment_status":"closed","ping_status":"closed","template":"","meta":{"footnotes":""},"class_list":["post-3268","page","type-page","status-publish","hentry"],"_links":{"self":[{"href":"https:\/\/www.slamdisques.com\/slamdisques\/wp-json\/wp\/v2\/pages\/3268","targetHints":{"allow":["GET"]}}],"collection":[{"href":"https:\/\/www.slamdisques.com\/slamdisques\/wp-json\/wp\/v2\/pages"}],"about":[{"href":"https:\/\/www.slamdisques.com\/slamdisques\/wp-json\/wp\/v2\/types\/page"}],"author":[{"embeddable":true,"href":"https:\/\/www.slamdisques.com\/slamdisques\/wp-json\/wp\/v2\/users\/1"}],"replies":[{"embeddable":true,"href":"https:\/\/www.slamdisques.com\/slamdisques\/wp-json\/wp\/v2\/comments?post=3268"}],"version-history":[{"count":3,"href":"https:\/\/www.slamdisques.com\/slamdisques\/wp-json\/wp\/v2\/pages\/3268\/revisions"}],"predecessor-version":[{"id":3985,"href":"https:\/\/www.slamdisques.com\/slamdisques\/wp-json\/wp\/v2\/pages\/3268\/revisions\/3985"}],"wp:attachment":[{"href":"https:\/\/www.slamdisques.com\/slamdisques\/wp-json\/wp\/v2\/media?parent=3268"}],"curies":[{"name":"wp","href":"https:\/\/api.w.org\/{rel}","templated":true}]}}