{"id":3291,"date":"2020-10-21T22:46:37","date_gmt":"2020-10-21T21:46:37","guid":{"rendered":"http:\/\/www.slamdisques.com\/slamdisques\/?page_id=3291"},"modified":"2021-09-03T00:14:30","modified_gmt":"2021-09-02T23:14:30","slug":"mauvaise-pioche-noe-talbot","status":"publish","type":"page","link":"https:\/\/www.slamdisques.com\/slamdisques\/mauvaise-pioche-noe-talbot","title":{"rendered":"Mauvaise Pioche &#038; No\u00e9 Talbot"},"content":{"rendered":"\n<div class=\"wp-block-image\"><figure class=\"alignleft size-large is-resized\"><img loading=\"lazy\" decoding=\"async\" src=\"https:\/\/www.slamdisques.com\/slamdisques\/wp-content\/uploads\/2020\/10\/pochette-Copie-1024x1024.jpg\" alt=\"\" class=\"wp-image-3238\" width=\"276\" height=\"276\" srcset=\"https:\/\/www.slamdisques.com\/slamdisques\/wp-content\/uploads\/2020\/10\/pochette-Copie-1024x1024.jpg 1024w, https:\/\/www.slamdisques.com\/slamdisques\/wp-content\/uploads\/2020\/10\/pochette-Copie-300x300.jpg 300w, https:\/\/www.slamdisques.com\/slamdisques\/wp-content\/uploads\/2020\/10\/pochette-Copie-150x150.jpg 150w, https:\/\/www.slamdisques.com\/slamdisques\/wp-content\/uploads\/2020\/10\/pochette-Copie-768x768.jpg 768w, https:\/\/www.slamdisques.com\/slamdisques\/wp-content\/uploads\/2020\/10\/pochette-Copie-100x100.jpg 100w, https:\/\/www.slamdisques.com\/slamdisques\/wp-content\/uploads\/2020\/10\/pochette-Copie.jpg 1280w\" sizes=\"auto, (max-width: 276px) 100vw, 276px\" \/><figcaption><strong>D\u00e9tails de l&rsquo;album:<\/strong><br>Sortie: 6 octobre 2017<br><em>\u00a9\u2117 Slam Disques<\/em><br><br>Hugo Ahead : Design de la pochette.<br><br>Les chansons de Mauvaise Pioche ont \u00e9t\u00e9 enregistr\u00e9es au Tennessee Studio \u00e0 Montpellier, et mix\u00e9es et masteris\u00e9es par Rom Tomcat au Squirrel and Fox Studio.<br><br>Les pistes de No\u00e9 Talbot ont \u00e9t\u00e9 enregistr\u00e9es, mix\u00e9es et masteris\u00e9es au Studio Momentum par J\u00e9r\u00f4me Boisvert.<br><br>J\u00e9r\u00f4me Boisvert joue \u00e9galement des strings sur la chanson Novembre 2015.<br><br><strong>Tracklist:<\/strong><br><a href=\"https:\/\/fanlink.to\/noepioche\">1. Novembre 2015 &#8211; No\u00e9 Talbot<br>2. #fuck la mort &#8211; No\u00e9 Talbot<br>3. Ma bonne \u00e9toile &#8211; No\u00e9 Talbot <br>(Reprise de Mauvaise Pioche)<br>4. Lot de consolation &#8211; Mauvaise Pioche<br>5. Pr\u00e9caire et r\u00e9vocable &#8211; Mauvaise Pioche<br>6. Miracles &#8211; Mauvais Pioche (Reprise de No\u00e9 Talbot)<\/a><\/figcaption><\/figure><\/div>\n\n\n\n<p class=\"has-text-align-left has-medium-font-size\"><strong>Mauvaise Pioche &amp; No\u00e9 talbot<\/strong><\/p>\n\n\n\n<div class=\"wp-block-media-text alignwide has-media-on-the-right is-stacked-on-mobile\"><figure class=\"wp-block-media-text__media\"><\/figure><div class=\"wp-block-media-text__content\">\n<figure class=\"wp-block-embed-youtube wp-block-embed is-type-video is-provider-youtube wp-embed-aspect-16-9 wp-has-aspect-ratio\"><div class=\"wp-block-embed__wrapper\">\n<iframe loading=\"lazy\" title=\"No\u00e9 Talbot - Novembre 2015 ( Lyrics vid\u00e9o )\" width=\"525\" height=\"295\" src=\"https:\/\/www.youtube.com\/embed\/oW8g9fFwwCs?feature=oembed\" frameborder=\"0\" allow=\"accelerometer; autoplay; clipboard-write; encrypted-media; gyroscope; picture-in-picture; web-share\" referrerpolicy=\"strict-origin-when-cross-origin\" allowfullscreen><\/iframe>\n<\/div><\/figure>\n\n\n\n<figure class=\"wp-block-embed-youtube wp-block-embed is-type-video is-provider-youtube wp-embed-aspect-16-9 wp-has-aspect-ratio\"><div class=\"wp-block-embed__wrapper\">\n<iframe loading=\"lazy\" title=\"No\u00e9 Talbot - #Fucklamort ( Lyrics vid\u00e9o )\" width=\"525\" height=\"295\" src=\"https:\/\/www.youtube.com\/embed\/Jrl8QavbgNQ?feature=oembed\" frameborder=\"0\" allow=\"accelerometer; autoplay; clipboard-write; encrypted-media; gyroscope; picture-in-picture; web-share\" referrerpolicy=\"strict-origin-when-cross-origin\" allowfullscreen><\/iframe>\n<\/div><\/figure>\n\n\n\n<figure class=\"wp-block-embed-youtube wp-block-embed is-type-video is-provider-youtube wp-embed-aspect-16-9 wp-has-aspect-ratio\"><div class=\"wp-block-embed__wrapper\">\n<iframe loading=\"lazy\" title=\"No\u00e9 Talbot - Ma bonne \u00e9toile (Reprise de Mauvaise Pioche) ( Lyrics vid\u00e9o )\" width=\"525\" height=\"295\" src=\"https:\/\/www.youtube.com\/embed\/Bzp5b0tWyeQ?feature=oembed\" frameborder=\"0\" allow=\"accelerometer; autoplay; clipboard-write; encrypted-media; gyroscope; picture-in-picture; web-share\" referrerpolicy=\"strict-origin-when-cross-origin\" allowfullscreen><\/iframe>\n<\/div><\/figure>\n<\/div><\/div>\n\n\n\n<div class=\"wp-block-group alignwide\"><div class=\"wp-block-group__inner-container is-layout-flow wp-block-group-is-layout-flow\">\n<div class=\"wp-block-buttons alignleft is-layout-flex wp-block-buttons-is-layout-flex\">\n<div class=\"wp-block-button\"><a class=\"wp-block-button__link\" href=\"https:\/\/fanlink.to\/noepioche\" target=\"_blank\" rel=\"noreferrer noopener\">\u00c9coutez Mauvaise Pioche &amp; No\u00e9 Talbot<\/a><\/div>\n<\/div>\n<\/div><\/div>\n","protected":false},"excerpt":{"rendered":"<p>Mauvaise Pioche &amp; No\u00e9 talbot<\/p>\n","protected":false},"author":1,"featured_media":0,"parent":0,"menu_order":0,"comment_status":"closed","ping_status":"closed","template":"","meta":{"footnotes":""},"class_list":["post-3291","page","type-page","status-publish","hentry"],"_links":{"self":[{"href":"https:\/\/www.slamdisques.com\/slamdisques\/wp-json\/wp\/v2\/pages\/3291","targetHints":{"allow":["GET"]}}],"collection":[{"href":"https:\/\/www.slamdisques.com\/slamdisques\/wp-json\/wp\/v2\/pages"}],"about":[{"href":"https:\/\/www.slamdisques.com\/slamdisques\/wp-json\/wp\/v2\/types\/page"}],"author":[{"embeddable":true,"href":"https:\/\/www.slamdisques.com\/slamdisques\/wp-json\/wp\/v2\/users\/1"}],"replies":[{"embeddable":true,"href":"https:\/\/www.slamdisques.com\/slamdisques\/wp-json\/wp\/v2\/comments?post=3291"}],"version-history":[{"count":5,"href":"https:\/\/www.slamdisques.com\/slamdisques\/wp-json\/wp\/v2\/pages\/3291\/revisions"}],"predecessor-version":[{"id":3988,"href":"https:\/\/www.slamdisques.com\/slamdisques\/wp-json\/wp\/v2\/pages\/3291\/revisions\/3988"}],"wp:attachment":[{"href":"https:\/\/www.slamdisques.com\/slamdisques\/wp-json\/wp\/v2\/media?parent=3291"}],"curies":[{"name":"wp","href":"https:\/\/api.w.org\/{rel}","templated":true}]}}