{"id":3297,"date":"2020-10-21T23:26:29","date_gmt":"2020-10-21T22:26:29","guid":{"rendered":"http:\/\/www.slamdisques.com\/slamdisques\/?page_id=3297"},"modified":"2021-09-03T00:15:42","modified_gmt":"2021-09-02T23:15:42","slug":"reprises-acoustiques-ep","status":"publish","type":"page","link":"https:\/\/www.slamdisques.com\/slamdisques\/reprises-acoustiques-ep","title":{"rendered":"Reprises acoustiques (EP)"},"content":{"rendered":"\n<div class=\"wp-block-image\"><figure class=\"alignleft size-large is-resized\"><img loading=\"lazy\" decoding=\"async\" src=\"https:\/\/www.slamdisques.com\/slamdisques\/wp-content\/uploads\/2020\/10\/pochette-1024x1024.jpg\" alt=\"\" class=\"wp-image-3237\" width=\"332\" height=\"332\" srcset=\"https:\/\/www.slamdisques.com\/slamdisques\/wp-content\/uploads\/2020\/10\/pochette-1024x1024.jpg 1024w, https:\/\/www.slamdisques.com\/slamdisques\/wp-content\/uploads\/2020\/10\/pochette-300x300.jpg 300w, https:\/\/www.slamdisques.com\/slamdisques\/wp-content\/uploads\/2020\/10\/pochette-150x150.jpg 150w, https:\/\/www.slamdisques.com\/slamdisques\/wp-content\/uploads\/2020\/10\/pochette-768x768.jpg 768w, https:\/\/www.slamdisques.com\/slamdisques\/wp-content\/uploads\/2020\/10\/pochette-100x100.jpg 100w, https:\/\/www.slamdisques.com\/slamdisques\/wp-content\/uploads\/2020\/10\/pochette.jpg 1494w\" sizes=\"auto, (max-width: 332px) 100vw, 332px\" \/><figcaption><strong>D\u00e9tails de l&rsquo;album:<br><\/strong>Sortie: 13 janvier 2017<br><em>\u00a9\u2117 Slam Disques<\/em><br><br>Reprises traduites des chansons des artistes suivants :<br>Frank Turner &#8211; Substitute<br>Lawrence Arms &#8211; Beautiful Things<br>No Use For A Name &#8211; For Fiona<br>Millencolin &#8211; Vicious Circle<br>Flatliners &#8211; Daggers<br>Joey Cape &#8211; Who we&rsquo;ve Become<br>cr\u00e9dits<br>paru le 13 janvier 2017<br><br>Enregistr\u00e9, Mix\u00e9 et Masteris\u00e9 au Studio Momentum par J\u00e9r\u00f4me Boisvert.<br><br>Guitare additionnelle sur Vicious Circle par Marc-Antoine Turgeon.<br><br>Artwork par Marie-Pier Bouchard.<br><br><strong>Tracklist:<\/strong><br><a href=\"https:\/\/fanlink.to\/reprises1\">1. Substitute &#8211; Version fran\u00e7aise<br>2. Beautiful Things &#8211; Version fran\u00e7aise<br>3. For Fiona &#8211; Version fran\u00e7aise<br>4. Vicious Circle &#8211; Version fran\u00e7aise<br>5. Daggers &#8211; Version fran\u00e7aise<br>6. Who We&rsquo;ve Become &#8211; Version fran\u00e7aise<\/a><\/figcaption><\/figure><\/div>\n\n\n\n<p class=\"has-medium-font-size\"><strong>Reprises acoustiques (EP)<\/strong><br><a href=\"https:\/\/www.slamdisques.com\/slamdisques\/noe-talbot-2\">No\u00e9 Talbot<\/a><\/p>\n\n\n\n<hr class=\"wp-block-separator is-style-wide\"\/>\n\n\n\n<p class=\"has-small-font-size\">No\u00e9 Talbot pr\u00e9sente aujourd\u2019hui un EP de reprises acoustiques francophones qui est disponible sur toutes les plateformes num\u00e9riques.<\/p>\n\n\n\n<p class=\"has-small-font-size\">No\u00e9 Talbot travaille sur ce projet depuis environ 1 an. L\u2019id\u00e9e lui est venue d\u2019abord en traduisant pour le plaisir une phrase de la chanson de Frank Turner. Il a trouv\u00e9 l\u2019exercice amusant, puis il s\u2019est mis \u00e0 traduire de plus en plus de chansons, jusqu\u2019\u00e0 ce qu\u2019il en ait accumul\u00e9 plus d\u2019une trentaine. Ce sont finalement les 6 meilleures qui se retrouvent sur le EP.<\/p>\n\n\n\n<p class=\"has-small-font-size\"><em>\u00ab Je me suis fi\u00e9 beaucoup plus au sens global pour traduire, surtout lorsque les traductions litt\u00e9rales \u00e9taient impossibles. Puis, je trouve que \u00e7a donne une deuxi\u00e8me vie aux chansons. C&rsquo;est lorsqu&rsquo;une chanson traverse la barri\u00e8re de la langue qu&rsquo;on voit que c&rsquo;est vraiment une belle chanson. \u00bb<\/em><\/p>\n\n\n\n<p class=\"has-small-font-size\">De plus, vous aurez sans doute remarqu\u00e9 l\u2019hommage \u00e0 l\u2019album de Joey Cape et Tony Sly dans la pochette. Quoi de mieux que de faire \u00e9galement le cover d\u2019une pochette pour son propre album de cover.<\/p>\n\n\n\n<div class=\"wp-block-buttons alignleft is-layout-flex wp-block-buttons-is-layout-flex\">\n<div class=\"wp-block-button\"><a class=\"wp-block-button__link\" href=\"https:\/\/fanlink.to\/reprises1\" target=\"_blank\" rel=\"noreferrer noopener\">\u00c9coutez Reprises acoustiques<\/a><\/div>\n<\/div>\n","protected":false},"excerpt":{"rendered":"<p>Reprises acoustiques (EP)No\u00e9 Talbot No\u00e9 Talbot pr\u00e9sente aujourd\u2019hui un EP de reprises acoustiques francophones qui est disponible sur toutes les plateformes num\u00e9riques. No\u00e9 Talbot travaille sur ce projet depuis environ 1 an. L\u2019id\u00e9e lui est venue d\u2019abord en traduisant pour le plaisir une phrase de la chanson de Frank Turner. Il a trouv\u00e9 l\u2019exercice amusant, &hellip; <\/p>\n<p class=\"link-more\"><a href=\"https:\/\/www.slamdisques.com\/slamdisques\/reprises-acoustiques-ep\" class=\"more-link\">Continuer la lecture<span class=\"screen-reader-text\"> de &laquo;&nbsp;Reprises acoustiques (EP)&nbsp;&raquo;<\/span><\/a><\/p>\n","protected":false},"author":1,"featured_media":0,"parent":0,"menu_order":0,"comment_status":"closed","ping_status":"closed","template":"","meta":{"footnotes":""},"class_list":["post-3297","page","type-page","status-publish","hentry"],"_links":{"self":[{"href":"https:\/\/www.slamdisques.com\/slamdisques\/wp-json\/wp\/v2\/pages\/3297","targetHints":{"allow":["GET"]}}],"collection":[{"href":"https:\/\/www.slamdisques.com\/slamdisques\/wp-json\/wp\/v2\/pages"}],"about":[{"href":"https:\/\/www.slamdisques.com\/slamdisques\/wp-json\/wp\/v2\/types\/page"}],"author":[{"embeddable":true,"href":"https:\/\/www.slamdisques.com\/slamdisques\/wp-json\/wp\/v2\/users\/1"}],"replies":[{"embeddable":true,"href":"https:\/\/www.slamdisques.com\/slamdisques\/wp-json\/wp\/v2\/comments?post=3297"}],"version-history":[{"count":3,"href":"https:\/\/www.slamdisques.com\/slamdisques\/wp-json\/wp\/v2\/pages\/3297\/revisions"}],"predecessor-version":[{"id":3989,"href":"https:\/\/www.slamdisques.com\/slamdisques\/wp-json\/wp\/v2\/pages\/3297\/revisions\/3989"}],"wp:attachment":[{"href":"https:\/\/www.slamdisques.com\/slamdisques\/wp-json\/wp\/v2\/media?parent=3297"}],"curies":[{"name":"wp","href":"https:\/\/api.w.org\/{rel}","templated":true}]}}