{"id":3302,"date":"2020-10-23T21:18:46","date_gmt":"2020-10-23T20:18:46","guid":{"rendered":"http:\/\/www.slamdisques.com\/slamdisques\/?page_id=3302"},"modified":"2021-09-03T00:20:04","modified_gmt":"2021-09-02T23:20:04","slug":"deballer-le-present-deballer-le-present-extra","status":"publish","type":"page","link":"https:\/\/www.slamdisques.com\/slamdisques\/deballer-le-present-deballer-le-present-extra","title":{"rendered":"D\u00e9baller le pr\u00e9sent + (Extra)"},"content":{"rendered":"\n<p class=\"has-text-align-left has-medium-font-size\"><strong>D\u00e9baller le pr\u00e9sent<\/strong><br><a href=\"https:\/\/www.slamdisques.com\/slamdisques\/noe-talbot-2\">No\u00e9 Talbot<\/a><\/p>\n\n\n\n<div class=\"wp-block-image\"><figure class=\"alignleft size-large is-resized\"><img loading=\"lazy\" decoding=\"async\" src=\"https:\/\/www.slamdisques.com\/slamdisques\/wp-content\/uploads\/2020\/10\/NT-Deballer1440x1440-1024x1024.jpg\" alt=\"\" class=\"wp-image-3236\" width=\"303\" height=\"303\" srcset=\"https:\/\/www.slamdisques.com\/slamdisques\/wp-content\/uploads\/2020\/10\/NT-Deballer1440x1440-1024x1024.jpg 1024w, https:\/\/www.slamdisques.com\/slamdisques\/wp-content\/uploads\/2020\/10\/NT-Deballer1440x1440-300x300.jpg 300w, https:\/\/www.slamdisques.com\/slamdisques\/wp-content\/uploads\/2020\/10\/NT-Deballer1440x1440-150x150.jpg 150w, https:\/\/www.slamdisques.com\/slamdisques\/wp-content\/uploads\/2020\/10\/NT-Deballer1440x1440-768x768.jpg 768w, https:\/\/www.slamdisques.com\/slamdisques\/wp-content\/uploads\/2020\/10\/NT-Deballer1440x1440-100x100.jpg 100w, https:\/\/www.slamdisques.com\/slamdisques\/wp-content\/uploads\/2020\/10\/NT-Deballer1440x1440.jpg 1440w\" sizes=\"auto, (max-width: 303px) 100vw, 303px\" \/><figcaption><strong>D\u00e9tails de l&rsquo;album:<\/strong><br>Sortie: 16 octobre 2015<br><em>\u00a9\u2117 Slam Disques<\/em><br><br>Paroles et musique : Benjamin Piette<br><br>Musiciens<br>Basse : Ken Guillaume tracks 7-9-11 et Mike Gabriel tracks 1-2-3-4-5-6-8-13.<br>Guitare \u00e9lectrique : Alexandre Par\u00e9.<br>Batterie et percussions : Steve Gagnon.<br>Guitare acoustique et chant : No\u00e9 Talbot.<br>Ch\u0153urs additionnels sur Insoumis, Le feu et Les Miracles : Olivier Durand.<br>Piano, accord\u00e9on et arrangements additionnels : J\u00e9r\u00f4me Boisvert.<br><br>-R\u00e9alisation<br>No\u00e9 Talbot et J\u00e9r\u00f4me Boisvert.<br>-Prise de son et mixage<br>J\u00e9r\u00f4me Boisvert<br>-Mastering<br>Ryan Morey<br>-Graphisme<br>Pierre-Marc Duguay et Pierre-Olivier Cadieux<br>-Direction artistique<br>Jessy Fuchs<br><br><strong>Tracklist:<\/strong><br><a href=\"https:\/\/www.toneden.io\/links\/642293\/insights\">1. D\u00e9baller le pr\u00e9sent<br>2. Abruti d&rsquo;amour<br>3. Les Miracles<br>4. Burrico<br>5. Mentir<br>6. Le Feu<br>7. L&rsquo;\u00e9t\u00e9<br>8. Insoumis<br>9. Matane<br>10. Chocolat<br>11. Tant Promis<br>12. Respire encore<br>13. Pas de la marde<br>14. \u00c0 l&rsquo;ouest <strong>(version deluxe)<\/strong><\/a><\/figcaption><\/figure><\/div>\n\n\n\n<div class=\"wp-block-image\"><figure class=\"alignleft size-large is-resized\"><img loading=\"lazy\" decoding=\"async\" src=\"https:\/\/www.slamdisques.com\/slamdisques\/wp-content\/uploads\/2020\/10\/noe-extra.jpg\" alt=\"\" class=\"wp-image-3305\" width=\"304\" height=\"304\" srcset=\"https:\/\/www.slamdisques.com\/slamdisques\/wp-content\/uploads\/2020\/10\/noe-extra.jpg 700w, https:\/\/www.slamdisques.com\/slamdisques\/wp-content\/uploads\/2020\/10\/noe-extra-300x300.jpg 300w, https:\/\/www.slamdisques.com\/slamdisques\/wp-content\/uploads\/2020\/10\/noe-extra-150x150.jpg 150w, https:\/\/www.slamdisques.com\/slamdisques\/wp-content\/uploads\/2020\/10\/noe-extra-100x100.jpg 100w\" sizes=\"auto, (max-width: 304px) 100vw, 304px\" \/><figcaption><strong>D\u00e9tails de l&rsquo;album:<\/strong><br>Sortie: 21 avril 2017<br><em>\u00a9\u2117 Slam Disques<\/em><br><br><em>Paroles et musique : Benjamin Piette<\/em><br><br><strong>Tracklist:<\/strong><br><a href=\"https:\/\/noetalbot.bandcamp.com\/album\/d-baller-le-pr-sent-extra-2\">1. Matane (extra)<br>2. Tant Promis (extra)<br>3. L&rsquo;arri\u00e8re-go\u00fbt (extra)<\/a><\/figcaption><\/figure><\/div>\n\n\n\n<div class=\"wp-block-buttons is-layout-flex wp-block-buttons-is-layout-flex\">\n<div class=\"wp-block-button\"><a class=\"wp-block-button__link\" href=\"https:\/\/fanlink.to\/deballer\" target=\"_blank\" rel=\"noreferrer noopener\">\u00c9coutez D\u00e9baller le pr\u00e9sent<\/a><\/div>\n<\/div>\n","protected":false},"excerpt":{"rendered":"<p>D\u00e9baller le pr\u00e9sentNo\u00e9 Talbot<\/p>\n","protected":false},"author":1,"featured_media":0,"parent":0,"menu_order":0,"comment_status":"closed","ping_status":"closed","template":"","meta":{"footnotes":""},"class_list":["post-3302","page","type-page","status-publish","hentry"],"_links":{"self":[{"href":"https:\/\/www.slamdisques.com\/slamdisques\/wp-json\/wp\/v2\/pages\/3302","targetHints":{"allow":["GET"]}}],"collection":[{"href":"https:\/\/www.slamdisques.com\/slamdisques\/wp-json\/wp\/v2\/pages"}],"about":[{"href":"https:\/\/www.slamdisques.com\/slamdisques\/wp-json\/wp\/v2\/types\/page"}],"author":[{"embeddable":true,"href":"https:\/\/www.slamdisques.com\/slamdisques\/wp-json\/wp\/v2\/users\/1"}],"replies":[{"embeddable":true,"href":"https:\/\/www.slamdisques.com\/slamdisques\/wp-json\/wp\/v2\/comments?post=3302"}],"version-history":[{"count":6,"href":"https:\/\/www.slamdisques.com\/slamdisques\/wp-json\/wp\/v2\/pages\/3302\/revisions"}],"predecessor-version":[{"id":3990,"href":"https:\/\/www.slamdisques.com\/slamdisques\/wp-json\/wp\/v2\/pages\/3302\/revisions\/3990"}],"wp:attachment":[{"href":"https:\/\/www.slamdisques.com\/slamdisques\/wp-json\/wp\/v2\/media?parent=3302"}],"curies":[{"name":"wp","href":"https:\/\/api.w.org\/{rel}","templated":true}]}}