{"id":3404,"date":"2020-11-09T22:39:22","date_gmt":"2020-11-09T21:39:22","guid":{"rendered":"http:\/\/www.slamdisques.com\/slamdisques\/?page_id=3404"},"modified":"2021-09-16T00:24:47","modified_gmt":"2021-09-15T23:24:47","slug":"see-what-happens","status":"publish","type":"page","link":"https:\/\/www.slamdisques.com\/slamdisques\/see-what-happens","title":{"rendered":"See What Happens"},"content":{"rendered":"\n<div class=\"wp-block-image\"><figure class=\"alignleft size-large is-resized\"><img loading=\"lazy\" decoding=\"async\" src=\"https:\/\/www.slamdisques.com\/slamdisques\/wp-content\/uploads\/2020\/11\/see-what-kamakazi.jpg\" alt=\"\" class=\"wp-image-3381\" width=\"298\" height=\"298\" srcset=\"https:\/\/www.slamdisques.com\/slamdisques\/wp-content\/uploads\/2020\/11\/see-what-kamakazi.jpg 640w, https:\/\/www.slamdisques.com\/slamdisques\/wp-content\/uploads\/2020\/11\/see-what-kamakazi-300x300.jpg 300w, https:\/\/www.slamdisques.com\/slamdisques\/wp-content\/uploads\/2020\/11\/see-what-kamakazi-150x150.jpg 150w, https:\/\/www.slamdisques.com\/slamdisques\/wp-content\/uploads\/2020\/11\/see-what-kamakazi-100x100.jpg 100w\" sizes=\"auto, (max-width: 298px) 100vw, 298px\" \/><figcaption><strong>D\u00e9tails de l&rsquo;album:<\/strong><br>Sortie: 17 juin 2014<br><em>\u00a9\u2117<\/em> Kamkazi<br><br>Kamakazi is:<br>Nick Gagnon \u2013 Vocals\/Guitar<br>Carl Boucher \u2013 Bass\/Vocals<br>Stevo Rock \u2013 Drums\/Vocals<br><br>Lyrics by Nick Gagnon Music by Kamakazi<br><br>Produced by Nick Gagnon &amp; Stevo Rock Mixed by Frank Joly @ Power Plant Studio Mastered by Marc Th\u00e9riault @Le Lab Mastering, Montr\u00e9al, Canada \u201c&nbsp;Until the world ends\u201d Mastered by Tom Coyne @ Sterling Sound, NY, USA<br>Recorded in a Basement, Apartment, Garage, Storage Room and Wine Cellar in Montreal, Canada from December 2012 to April 2<br><br><strong>Tracklist:<\/strong><br><a href=\"https:\/\/fanlink.to\/seewhathappens\">1. Middle of the Night<br>2. So Long No Neck<br>3. Until the World Ends<br>4. Pain<br>5. This is Gonna End Tonight<br>6. Pay no Mind<br>7. Hope You Know it<br>8. Fire &amp; Water<br>9. Staring at the Obvious<br>10. Touch of Your Lips<br>11. Remember Me<br>12. Never Be Enough<br>13. Where I&rsquo;m Supposed to Be<br>14. Rise Above<br>15. Until the World Ends &#8211; N&rsquo;arr\u00eatons Pas<br>16. This is Gonna End Tonight &#8211; Radio Edit &#8211; Version Fran\u00e7aise<br>17. This is Gonna End Tonight &#8211; Radio Edit<br>18. Where I Belong<\/a><\/figcaption><\/figure><\/div>\n\n\n\n<p class=\"has-medium-font-size\"><strong>See What Happens<\/strong><br><a href=\"https:\/\/www.slamdisques.com\/slamdisques\/kamakazi-2\">Kamakazi<\/a><\/p>\n\n\n\n<hr class=\"wp-block-separator is-style-wide\"\/>\n\n\n\n<p class=\"has-small-font-size\">Kamakazi est un trio pop\/punk\/rock de Montr\u00e9al form\u00e9 en 2006. Apr\u00e8s avoir sorti deux albums incluant le plus r\u00e9cent Rien \u00e0 Cacher, nomin\u00e9 dans la cat\u00e9gorie Meilleur Album Rock \u00e0 L&rsquo;ADISQ en 2012, jou\u00e9 des centaines de concerts \u00e0 travers le Canada et l&rsquo;Europe, voici le 3e album See What Happens. Un album enregistr\u00e9 durant l&rsquo;hiver 2012, mix\u00e9 par Frank Joly (Simple Plan, Subb, Les Trois Accords) et dont le 1er extrait Untill the World Ends a \u00e9t\u00e9 masteris\u00e9 par Tom Coyne (Adele, Maroon 5, Pink, Taylor Swift) au Sterling Sound \u00e0 New York.Cette fois le groupe offre un album en anglais tourn\u00e9 vers l\u2019international.<br><br>Kamakazi is a Montreal-based pop\/punk\/rock trio formed in 2006. After releasing two full length albums including their 2012 ADISQ nominated sophomore album Rien \u00e0 Cacher playing hundreds of shows for fans across Canada\/Europe here is their 3rd album See What Happens. Recorded over the last year and mixed by Frank Joly (Simple Plan, Subb, Les Trois Accords), the 1st single Untill the World Ends was mastered by Tom Coyne (Adele, Maroon 5, Pink,Taylor Swift) at Sterling Sound in NYC. This will be the band\u2019s first international English release but still features Kamakazi&rsquo;s signature energy, catchy songwriting and most of all, humor.<\/p>\n\n\n\n<div class=\"wp-block-buttons is-layout-flex wp-block-buttons-is-layout-flex\">\n<div class=\"wp-block-button\"><a class=\"wp-block-button__link\" href=\"https:\/\/fanlink.to\/seewhathappens\" target=\"_blank\" rel=\"noreferrer noopener\">\u00c9coutez See What Happens<\/a><\/div>\n<\/div>\n","protected":false},"excerpt":{"rendered":"<p>See What HappensKamakazi Kamakazi est un trio pop\/punk\/rock de Montr\u00e9al form\u00e9 en 2006. Apr\u00e8s avoir sorti deux albums incluant le plus r\u00e9cent Rien \u00e0 Cacher, nomin\u00e9 dans la cat\u00e9gorie Meilleur Album Rock \u00e0 L&rsquo;ADISQ en 2012, jou\u00e9 des centaines de concerts \u00e0 travers le Canada et l&rsquo;Europe, voici le 3e album See What Happens. Un &hellip; <\/p>\n<p class=\"link-more\"><a href=\"https:\/\/www.slamdisques.com\/slamdisques\/see-what-happens\" class=\"more-link\">Continuer la lecture<span class=\"screen-reader-text\"> de &laquo;&nbsp;See What Happens&nbsp;&raquo;<\/span><\/a><\/p>\n","protected":false},"author":1,"featured_media":0,"parent":0,"menu_order":0,"comment_status":"closed","ping_status":"closed","template":"","meta":{"footnotes":""},"class_list":["post-3404","page","type-page","status-publish","hentry"],"_links":{"self":[{"href":"https:\/\/www.slamdisques.com\/slamdisques\/wp-json\/wp\/v2\/pages\/3404","targetHints":{"allow":["GET"]}}],"collection":[{"href":"https:\/\/www.slamdisques.com\/slamdisques\/wp-json\/wp\/v2\/pages"}],"about":[{"href":"https:\/\/www.slamdisques.com\/slamdisques\/wp-json\/wp\/v2\/types\/page"}],"author":[{"embeddable":true,"href":"https:\/\/www.slamdisques.com\/slamdisques\/wp-json\/wp\/v2\/users\/1"}],"replies":[{"embeddable":true,"href":"https:\/\/www.slamdisques.com\/slamdisques\/wp-json\/wp\/v2\/comments?post=3404"}],"version-history":[{"count":3,"href":"https:\/\/www.slamdisques.com\/slamdisques\/wp-json\/wp\/v2\/pages\/3404\/revisions"}],"predecessor-version":[{"id":4081,"href":"https:\/\/www.slamdisques.com\/slamdisques\/wp-json\/wp\/v2\/pages\/3404\/revisions\/4081"}],"wp:attachment":[{"href":"https:\/\/www.slamdisques.com\/slamdisques\/wp-json\/wp\/v2\/media?parent=3404"}],"curies":[{"name":"wp","href":"https:\/\/api.w.org\/{rel}","templated":true}]}}