{"id":3410,"date":"2020-11-09T22:50:06","date_gmt":"2020-11-09T21:50:06","guid":{"rendered":"http:\/\/www.slamdisques.com\/slamdisques\/?page_id=3410"},"modified":"2021-09-16T00:25:49","modified_gmt":"2021-09-15T23:25:49","slug":"foxyboxe-ep","status":"publish","type":"page","link":"https:\/\/www.slamdisques.com\/slamdisques\/foxyboxe-ep","title":{"rendered":"Foxyboxe EP"},"content":{"rendered":"\n<div class=\"wp-block-image\"><figure class=\"alignleft size-large is-resized\"><img loading=\"lazy\" decoding=\"async\" src=\"https:\/\/www.slamdisques.com\/slamdisques\/wp-content\/uploads\/2020\/11\/foxy-boxe-kamakazi.jpg\" alt=\"\" class=\"wp-image-3387\" width=\"311\" height=\"311\" srcset=\"https:\/\/www.slamdisques.com\/slamdisques\/wp-content\/uploads\/2020\/11\/foxy-boxe-kamakazi.jpg 700w, https:\/\/www.slamdisques.com\/slamdisques\/wp-content\/uploads\/2020\/11\/foxy-boxe-kamakazi-300x300.jpg 300w, https:\/\/www.slamdisques.com\/slamdisques\/wp-content\/uploads\/2020\/11\/foxy-boxe-kamakazi-150x150.jpg 150w, https:\/\/www.slamdisques.com\/slamdisques\/wp-content\/uploads\/2020\/11\/foxy-boxe-kamakazi-100x100.jpg 100w\" sizes=\"auto, (max-width: 311px) 100vw, 311px\" \/><figcaption><strong>D\u00e9tails de l&rsquo;album:<\/strong><br>Sortie: 7 mai 2014<br><em>\u00a9\u2117 Kamakazi\/Slam Disques<\/em><br><br>R\u00e9alis\u00e9, Mix\u00e9 et Masteris\u00e9<br>Par Nick Gagnon et Stevo Rock @ The Second Floor Studio<br>Sauf \u00ab\u00a0Prisonnier\u00a0\u00bb mix\u00e9 par Frank Joly @ Power Plant Studio<br>Assistance technique par Jessy Fuchs<br><br>Paroles et Musique par Kamakazi et Jessy Fuchs<br>Pochette par Nick Gagnon et Stevo Rock<br><br><strong>Tracklist:<\/strong><br><a href=\"https:\/\/fanlink.to\/foxyboxe\">1. Moby Dick<br>2. Prisonnier<br>3. Date d&rsquo;expiration<\/a><br><br><br><\/figcaption><\/figure><\/div>\n\n\n\n<p class=\"has-medium-font-size\"><strong>Foxyboxe (EP)<br><\/strong><a href=\"https:\/\/www.slamdisques.com\/slamdisques\/kamakazi-2\">Kamakazi<\/a><\/p>\n\n\n\n<hr class=\"wp-block-separator is-style-wide\"\/>\n\n\n\n<p class=\"has-small-font-size\">Suite\u00a0\u00e0\u00a0leur\u00a0premier album avec Slam Disques, Kamakazi quitte\u00a0le label et signe\u00a0un nouveau contrat avec\u00a0Indica\u00a0Records pour\u00a0son\u00a0second album \u00ab Rien \u00e0 cacher \u00bb, avant de revenir aux sources avec Slam Disques pour la sortie d\u2019un EP \u00ab\u00a0Foxyboxe\u00a0\u00bb en 2014.<\/p>\n\n\n\n<div class=\"wp-block-buttons is-layout-flex wp-block-buttons-is-layout-flex\">\n<div class=\"wp-block-button\"><a class=\"wp-block-button__link\" href=\"https:\/\/fanlink.to\/foxyboxe\" target=\"_blank\" rel=\"noreferrer noopener\">\u00c9coutez Foxyboxe<\/a><\/div>\n<\/div>\n","protected":false},"excerpt":{"rendered":"<p>Foxyboxe (EP)Kamakazi Suite\u00a0\u00e0\u00a0leur\u00a0premier album avec Slam Disques, Kamakazi quitte\u00a0le label et signe\u00a0un nouveau contrat avec\u00a0Indica\u00a0Records pour\u00a0son\u00a0second album \u00ab Rien \u00e0 cacher \u00bb, avant de revenir aux sources avec Slam Disques pour la sortie d\u2019un EP \u00ab\u00a0Foxyboxe\u00a0\u00bb en 2014.<\/p>\n","protected":false},"author":1,"featured_media":0,"parent":0,"menu_order":0,"comment_status":"closed","ping_status":"closed","template":"","meta":{"footnotes":""},"class_list":["post-3410","page","type-page","status-publish","hentry"],"_links":{"self":[{"href":"https:\/\/www.slamdisques.com\/slamdisques\/wp-json\/wp\/v2\/pages\/3410","targetHints":{"allow":["GET"]}}],"collection":[{"href":"https:\/\/www.slamdisques.com\/slamdisques\/wp-json\/wp\/v2\/pages"}],"about":[{"href":"https:\/\/www.slamdisques.com\/slamdisques\/wp-json\/wp\/v2\/types\/page"}],"author":[{"embeddable":true,"href":"https:\/\/www.slamdisques.com\/slamdisques\/wp-json\/wp\/v2\/users\/1"}],"replies":[{"embeddable":true,"href":"https:\/\/www.slamdisques.com\/slamdisques\/wp-json\/wp\/v2\/comments?post=3410"}],"version-history":[{"count":2,"href":"https:\/\/www.slamdisques.com\/slamdisques\/wp-json\/wp\/v2\/pages\/3410\/revisions"}],"predecessor-version":[{"id":4082,"href":"https:\/\/www.slamdisques.com\/slamdisques\/wp-json\/wp\/v2\/pages\/3410\/revisions\/4082"}],"wp:attachment":[{"href":"https:\/\/www.slamdisques.com\/slamdisques\/wp-json\/wp\/v2\/media?parent=3410"}],"curies":[{"name":"wp","href":"https:\/\/api.w.org\/{rel}","templated":true}]}}