{"id":3414,"date":"2020-11-09T23:31:43","date_gmt":"2020-11-09T22:31:43","guid":{"rendered":"http:\/\/www.slamdisques.com\/slamdisques\/?page_id=3414"},"modified":"2021-09-16T00:27:05","modified_gmt":"2021-09-15T23:27:05","slug":"rien-a-cacher","status":"publish","type":"page","link":"https:\/\/www.slamdisques.com\/slamdisques\/rien-a-cacher","title":{"rendered":"Rien \u00e0 cacher"},"content":{"rendered":"\n<div class=\"wp-block-image\"><figure class=\"alignleft size-large is-resized\"><img decoding=\"async\" src=\"https:\/\/www.slamdisques.com\/slamdisques\/wp-content\/uploads\/2020\/11\/kamakazi-cache.jpg\" alt=\"\" class=\"wp-image-3379\" width=\"-163\" height=\"-163\" srcset=\"https:\/\/www.slamdisques.com\/slamdisques\/wp-content\/uploads\/2020\/11\/kamakazi-cache.jpg 500w, https:\/\/www.slamdisques.com\/slamdisques\/wp-content\/uploads\/2020\/11\/kamakazi-cache-300x300.jpg 300w, https:\/\/www.slamdisques.com\/slamdisques\/wp-content\/uploads\/2020\/11\/kamakazi-cache-150x150.jpg 150w, https:\/\/www.slamdisques.com\/slamdisques\/wp-content\/uploads\/2020\/11\/kamakazi-cache-100x100.jpg 100w\" sizes=\"(max-width: 500px) 100vw, 500px\" \/><figcaption><strong>D\u00e9tails de l&rsquo;album:<\/strong><br>Sortie: 30 ao\u00fbt 2011<br><em>\u00a9\u2117 Slam Disques<\/em><br><br><strong>Tracklist:<\/strong><br><a href=\"https:\/\/fanlink.to\/rienacacher\">1. Fou de Toi<br>2. Yin Yang<br>3. Je me Souviens<br>4. Raisons Inutiles<br>5. Winnebago<br>6. Si Triste<br>7. Cache-Cache<br>8. Rien Dire Veut Tout Dire<br>9. Au Revoir<br>10. 2020<br>11. La One Night<br>12. Envoie-moi un Ange<\/a><br><\/figcaption><\/figure><\/div>\n\n\n\n<p class=\"has-medium-font-size\"><strong>Rien \u00e0 cacher<\/strong><br><a href=\"https:\/\/www.slamdisques.com\/slamdisques\/kamakazi-2\">Kamakazi<\/a><\/p>\n\n\n\n<hr class=\"wp-block-separator is-style-wide\"\/>\n\n\n\n<p class=\"has-small-font-size\">Le label Slam Disques pr\u00e9sente fi\u00e8rement\u00a0\u00e0 l\u2019industrie de la musique qu\u00e9b\u00e9coise, trois adolescents anglophones qui ont choisi d\u2019interpr\u00e9ter leurs chansons en fran\u00e7ais, tout le contraire du cheminement habituel des formations punk rock qui d\u00e9butent au Qu\u00e9bec.\u00a0Suite\u00a0\u00e0\u00a0leur\u00a0premier album avec Slam Disques, Kamakazi quitte\u00a0le label et signe\u00a0un nouveau contrat avec\u00a0Indica\u00a0Records pour\u00a0son\u00a0second album \u00ab <strong>Rien \u00e0 cacher<\/strong> \u00bb, avant de revenir aux sources avec Slam Disques pour la sortie d\u2019un EP \u00ab\u00a0Foxyboxe\u00a0\u00bb en 2014 et de\u00a0son\u00a0plus r\u00e9cent album en anglais \u00ab\u00a0See\u00a0what\u00a0happens\u00a0\u00bb.\u00a0<\/p>\n\n\n\n<div class=\"wp-block-buttons is-layout-flex wp-block-buttons-is-layout-flex\">\n<div class=\"wp-block-button\"><a class=\"wp-block-button__link\" href=\"\" target=\"_blank\" rel=\"noreferrer noopener\">\u00c9coutez Rien \u00e0 Cacher<\/a><\/div>\n<\/div>\n\n\n\n<p><\/p>\n","protected":false},"excerpt":{"rendered":"<p>Rien \u00e0 cacherKamakazi Le label Slam Disques pr\u00e9sente fi\u00e8rement\u00a0\u00e0 l\u2019industrie de la musique qu\u00e9b\u00e9coise, trois adolescents anglophones qui ont choisi d\u2019interpr\u00e9ter leurs chansons en fran\u00e7ais, tout le contraire du cheminement habituel des formations punk rock qui d\u00e9butent au Qu\u00e9bec.\u00a0Suite\u00a0\u00e0\u00a0leur\u00a0premier album avec Slam Disques, Kamakazi quitte\u00a0le label et signe\u00a0un nouveau contrat avec\u00a0Indica\u00a0Records pour\u00a0son\u00a0second album \u00ab Rien &hellip; <\/p>\n<p class=\"link-more\"><a href=\"https:\/\/www.slamdisques.com\/slamdisques\/rien-a-cacher\" class=\"more-link\">Continuer la lecture<span class=\"screen-reader-text\"> de &laquo;&nbsp;Rien \u00e0 cacher&nbsp;&raquo;<\/span><\/a><\/p>\n","protected":false},"author":1,"featured_media":0,"parent":0,"menu_order":0,"comment_status":"closed","ping_status":"closed","template":"","meta":{"footnotes":""},"class_list":["post-3414","page","type-page","status-publish","hentry"],"_links":{"self":[{"href":"https:\/\/www.slamdisques.com\/slamdisques\/wp-json\/wp\/v2\/pages\/3414","targetHints":{"allow":["GET"]}}],"collection":[{"href":"https:\/\/www.slamdisques.com\/slamdisques\/wp-json\/wp\/v2\/pages"}],"about":[{"href":"https:\/\/www.slamdisques.com\/slamdisques\/wp-json\/wp\/v2\/types\/page"}],"author":[{"embeddable":true,"href":"https:\/\/www.slamdisques.com\/slamdisques\/wp-json\/wp\/v2\/users\/1"}],"replies":[{"embeddable":true,"href":"https:\/\/www.slamdisques.com\/slamdisques\/wp-json\/wp\/v2\/comments?post=3414"}],"version-history":[{"count":4,"href":"https:\/\/www.slamdisques.com\/slamdisques\/wp-json\/wp\/v2\/pages\/3414\/revisions"}],"predecessor-version":[{"id":4084,"href":"https:\/\/www.slamdisques.com\/slamdisques\/wp-json\/wp\/v2\/pages\/3414\/revisions\/4084"}],"wp:attachment":[{"href":"https:\/\/www.slamdisques.com\/slamdisques\/wp-json\/wp\/v2\/media?parent=3414"}],"curies":[{"name":"wp","href":"https:\/\/api.w.org\/{rel}","templated":true}]}}