{"id":3428,"date":"2020-11-12T22:36:44","date_gmt":"2020-11-12T21:36:44","guid":{"rendered":"http:\/\/www.slamdisques.com\/slamdisques\/?page_id=3428"},"modified":"2020-11-13T06:55:16","modified_gmt":"2020-11-13T05:55:16","slug":"le-rock-and-roll","status":"publish","type":"page","link":"https:\/\/www.slamdisques.com\/slamdisques\/le-rock-and-roll","title":{"rendered":"Le Rock and Roll"},"content":{"rendered":"\n<div class=\"wp-block-image\"><figure class=\"alignleft size-large is-resized\"><img loading=\"lazy\" decoding=\"async\" src=\"https:\/\/www.slamdisques.com\/slamdisques\/wp-content\/uploads\/2020\/11\/Rockandroll_cover-1024x1024.jpg\" alt=\"\" class=\"wp-image-3425\" width=\"300\" height=\"300\" srcset=\"https:\/\/www.slamdisques.com\/slamdisques\/wp-content\/uploads\/2020\/11\/Rockandroll_cover-1024x1024.jpg 1024w, https:\/\/www.slamdisques.com\/slamdisques\/wp-content\/uploads\/2020\/11\/Rockandroll_cover-300x300.jpg 300w, https:\/\/www.slamdisques.com\/slamdisques\/wp-content\/uploads\/2020\/11\/Rockandroll_cover-150x150.jpg 150w, https:\/\/www.slamdisques.com\/slamdisques\/wp-content\/uploads\/2020\/11\/Rockandroll_cover-768x768.jpg 768w, https:\/\/www.slamdisques.com\/slamdisques\/wp-content\/uploads\/2020\/11\/Rockandroll_cover-100x100.jpg 100w, https:\/\/www.slamdisques.com\/slamdisques\/wp-content\/uploads\/2020\/11\/Rockandroll_cover.jpg 1440w\" sizes=\"auto, (max-width: 300px) 100vw, 300px\" \/><figcaption><em>D\u00e9tails du single:<\/em><br><em>Sortie: 13 novembre 2020<\/em><br><em>Ann\u00e9e d\u2019enregistrement: 2020<\/em><br><em>\u00a9\u2117 Slam Disques<\/em><br><em>1er extrait de l&rsquo;album \u00a0\u00bb X\u00e9nial Blues\u00a0\u00bb<\/em><\/figcaption><\/figure><\/div>\n\n\n\n<p><strong>Le Rock and Roll<\/strong> (single)<br><a href=\"https:\/\/www.slamdisques.com\/slamdisques\/frank-custeau-2\">Frank Custeau<\/a><\/p>\n\n\n\n<hr class=\"wp-block-separator is-style-wide\"\/>\n\n\n\n<p class=\"has-small-font-size\">La chanson&nbsp;<strong><em>Le rock and roll,&nbsp;<\/em><\/strong>c&rsquo;est une peine d&rsquo;amour. C&rsquo;est aussi la d\u00e9construction du clich\u00e9 pour lequel Frank Custeau a sacrifi\u00e9 sa jeunesse, ses \u00e9tudes et ses relations : \u00ab J&rsquo;te disais qu&rsquo;j&rsquo;voulais changer l&rsquo;monde avec le Rock and Roll. J&rsquo;pouvais \u00e0 peine changer de bobettes. \u00bb<\/p>\n\n\n\n<div class=\"wp-block-buttons alignleft is-layout-flex wp-block-buttons-is-layout-flex\">\n<div class=\"wp-block-button is-style-outline is-style-outline--1\"><a class=\"wp-block-button__link has-text-color has-background\" href=\"https:\/\/fanlink.to\/frankrockandroll\" style=\"background-color:#87eef0;color:#ff3034\">\u00c9coute du single<\/a><\/div>\n<\/div>\n","protected":false},"excerpt":{"rendered":"<p>Le Rock and Roll (single)Frank Custeau La chanson&nbsp;Le rock and roll,&nbsp;c&rsquo;est une peine d&rsquo;amour. C&rsquo;est aussi la d\u00e9construction du clich\u00e9 pour lequel Frank Custeau a sacrifi\u00e9 sa jeunesse, ses \u00e9tudes et ses relations : \u00ab J&rsquo;te disais qu&rsquo;j&rsquo;voulais changer l&rsquo;monde avec le Rock and Roll. J&rsquo;pouvais \u00e0 peine changer de bobettes. \u00bb<\/p>\n","protected":false},"author":1,"featured_media":0,"parent":0,"menu_order":0,"comment_status":"closed","ping_status":"closed","template":"","meta":{"footnotes":""},"class_list":["post-3428","page","type-page","status-publish","hentry"],"_links":{"self":[{"href":"https:\/\/www.slamdisques.com\/slamdisques\/wp-json\/wp\/v2\/pages\/3428","targetHints":{"allow":["GET"]}}],"collection":[{"href":"https:\/\/www.slamdisques.com\/slamdisques\/wp-json\/wp\/v2\/pages"}],"about":[{"href":"https:\/\/www.slamdisques.com\/slamdisques\/wp-json\/wp\/v2\/types\/page"}],"author":[{"embeddable":true,"href":"https:\/\/www.slamdisques.com\/slamdisques\/wp-json\/wp\/v2\/users\/1"}],"replies":[{"embeddable":true,"href":"https:\/\/www.slamdisques.com\/slamdisques\/wp-json\/wp\/v2\/comments?post=3428"}],"version-history":[{"count":6,"href":"https:\/\/www.slamdisques.com\/slamdisques\/wp-json\/wp\/v2\/pages\/3428\/revisions"}],"predecessor-version":[{"id":3455,"href":"https:\/\/www.slamdisques.com\/slamdisques\/wp-json\/wp\/v2\/pages\/3428\/revisions\/3455"}],"wp:attachment":[{"href":"https:\/\/www.slamdisques.com\/slamdisques\/wp-json\/wp\/v2\/media?parent=3428"}],"curies":[{"name":"wp","href":"https:\/\/api.w.org\/{rel}","templated":true}]}}