{"id":3497,"date":"2021-01-14T20:48:23","date_gmt":"2021-01-14T19:48:23","guid":{"rendered":"http:\/\/www.slamdisques.com\/slamdisques\/?page_id=3497"},"modified":"2025-07-10T18:49:59","modified_gmt":"2025-07-10T17:49:59","slug":"slater-fils-2","status":"publish","type":"page","link":"https:\/\/www.slamdisques.com\/slamdisques\/slater-fils-2","title":{"rendered":"Slater &#038; Fils"},"content":{"rendered":"\n<figure class=\"wp-block-image size-full\"><a href=\"https:\/\/www.slamdisques.com\/slamdisques\/wp-content\/uploads\/2022\/10\/slater-et-fils-2022-credits-Jessy-Fuchs-rapetisse.jpg\"><img loading=\"lazy\" decoding=\"async\" width=\"1000\" height=\"803\" src=\"https:\/\/www.slamdisques.com\/slamdisques\/wp-content\/uploads\/2022\/10\/slater-et-fils-2022-credits-Jessy-Fuchs-rapetisse.jpg\" alt=\"\" class=\"wp-image-4288\" srcset=\"https:\/\/www.slamdisques.com\/slamdisques\/wp-content\/uploads\/2022\/10\/slater-et-fils-2022-credits-Jessy-Fuchs-rapetisse.jpg 1000w, https:\/\/www.slamdisques.com\/slamdisques\/wp-content\/uploads\/2022\/10\/slater-et-fils-2022-credits-Jessy-Fuchs-rapetisse-300x241.jpg 300w, https:\/\/www.slamdisques.com\/slamdisques\/wp-content\/uploads\/2022\/10\/slater-et-fils-2022-credits-Jessy-Fuchs-rapetisse-768x617.jpg 768w\" sizes=\"auto, (max-width: 767px) 89vw, (max-width: 1000px) 54vw, (max-width: 1071px) 543px, 580px\" \/><\/a><\/figure>\n\n\n\n<ul class=\"wp-block-social-links alignleft is-layout-flex wp-block-social-links-is-layout-flex\"><li class=\"wp-social-link wp-social-link-facebook  wp-block-social-link\"><a href=\"https:\/\/www.facebook.com\/SlaterEtFils\/?locale=fr_CA\" class=\"wp-block-social-link-anchor\"><svg width=\"24\" height=\"24\" viewBox=\"0 0 24 24\" version=\"1.1\" xmlns=\"http:\/\/www.w3.org\/2000\/svg\" aria-hidden=\"true\" focusable=\"false\"><path d=\"M12 2C6.5 2 2 6.5 2 12c0 5 3.7 9.1 8.4 9.9v-7H7.9V12h2.5V9.8c0-2.5 1.5-3.9 3.8-3.9 1.1 0 2.2.2 2.2.2v2.5h-1.3c-1.2 0-1.6.8-1.6 1.6V12h2.8l-.4 2.9h-2.3v7C18.3 21.1 22 17 22 12c0-5.5-4.5-10-10-10z\"><\/path><\/svg><span class=\"wp-block-social-link-label screen-reader-text\">Facebook<\/span><\/a><\/li>\n\n<li class=\"wp-social-link wp-social-link-instagram  wp-block-social-link\"><a href=\"https:\/\/www.instagram.com\/slater.et.fils\/?hl=fr\" class=\"wp-block-social-link-anchor\"><svg width=\"24\" height=\"24\" viewBox=\"0 0 24 24\" version=\"1.1\" xmlns=\"http:\/\/www.w3.org\/2000\/svg\" aria-hidden=\"true\" focusable=\"false\"><path d=\"M12,4.622c2.403,0,2.688,0.009,3.637,0.052c0.877,0.04,1.354,0.187,1.671,0.31c0.42,0.163,0.72,0.358,1.035,0.673 c0.315,0.315,0.51,0.615,0.673,1.035c0.123,0.317,0.27,0.794,0.31,1.671c0.043,0.949,0.052,1.234,0.052,3.637 s-0.009,2.688-0.052,3.637c-0.04,0.877-0.187,1.354-0.31,1.671c-0.163,0.42-0.358,0.72-0.673,1.035 c-0.315,0.315-0.615,0.51-1.035,0.673c-0.317,0.123-0.794,0.27-1.671,0.31c-0.949,0.043-1.233,0.052-3.637,0.052 s-2.688-0.009-3.637-0.052c-0.877-0.04-1.354-0.187-1.671-0.31c-0.42-0.163-0.72-0.358-1.035-0.673 c-0.315-0.315-0.51-0.615-0.673-1.035c-0.123-0.317-0.27-0.794-0.31-1.671C4.631,14.688,4.622,14.403,4.622,12 s0.009-2.688,0.052-3.637c0.04-0.877,0.187-1.354,0.31-1.671c0.163-0.42,0.358-0.72,0.673-1.035 c0.315-0.315,0.615-0.51,1.035-0.673c0.317-0.123,0.794-0.27,1.671-0.31C9.312,4.631,9.597,4.622,12,4.622 M12,3 C9.556,3,9.249,3.01,8.289,3.054C7.331,3.098,6.677,3.25,6.105,3.472C5.513,3.702,5.011,4.01,4.511,4.511 c-0.5,0.5-0.808,1.002-1.038,1.594C3.25,6.677,3.098,7.331,3.054,8.289C3.01,9.249,3,9.556,3,12c0,2.444,0.01,2.751,0.054,3.711 c0.044,0.958,0.196,1.612,0.418,2.185c0.23,0.592,0.538,1.094,1.038,1.594c0.5,0.5,1.002,0.808,1.594,1.038 c0.572,0.222,1.227,0.375,2.185,0.418C9.249,20.99,9.556,21,12,21s2.751-0.01,3.711-0.054c0.958-0.044,1.612-0.196,2.185-0.418 c0.592-0.23,1.094-0.538,1.594-1.038c0.5-0.5,0.808-1.002,1.038-1.594c0.222-0.572,0.375-1.227,0.418-2.185 C20.99,14.751,21,14.444,21,12s-0.01-2.751-0.054-3.711c-0.044-0.958-0.196-1.612-0.418-2.185c-0.23-0.592-0.538-1.094-1.038-1.594 c-0.5-0.5-1.002-0.808-1.594-1.038c-0.572-0.222-1.227-0.375-2.185-0.418C14.751,3.01,14.444,3,12,3L12,3z M12,7.378 c-2.552,0-4.622,2.069-4.622,4.622S9.448,16.622,12,16.622s4.622-2.069,4.622-4.622S14.552,7.378,12,7.378z M12,15 c-1.657,0-3-1.343-3-3s1.343-3,3-3s3,1.343,3,3S13.657,15,12,15z M16.804,6.116c-0.596,0-1.08,0.484-1.08,1.08 s0.484,1.08,1.08,1.08c0.596,0,1.08-0.484,1.08-1.08S17.401,6.116,16.804,6.116z\"><\/path><\/svg><span class=\"wp-block-social-link-label screen-reader-text\">Instagram<\/span><\/a><\/li>\n\n<li class=\"wp-social-link wp-social-link-bandcamp  wp-block-social-link\"><a href=\"https:\/\/slateretfils.bandcamp.com\/music\" class=\"wp-block-social-link-anchor\"><svg width=\"24\" height=\"24\" viewBox=\"0 0 24 24\" version=\"1.1\" xmlns=\"http:\/\/www.w3.org\/2000\/svg\" aria-hidden=\"true\" focusable=\"false\"><path d=\"M15.27 17.289 3 17.289 8.73 6.711 21 6.711 15.27 17.289\"><\/path><\/svg><span class=\"wp-block-social-link-label screen-reader-text\">Bandcamp<\/span><\/a><\/li>\n\n<li class=\"wp-social-link wp-social-link-spotify  wp-block-social-link\"><a href=\"https:\/\/open.spotify.com\/intl-fr\/artist\/2wc0TBwFfHeamfWqt6AVSg\" class=\"wp-block-social-link-anchor\"><svg width=\"24\" height=\"24\" viewBox=\"0 0 24 24\" version=\"1.1\" xmlns=\"http:\/\/www.w3.org\/2000\/svg\" aria-hidden=\"true\" focusable=\"false\"><path d=\"M12,2C6.477,2,2,6.477,2,12c0,5.523,4.477,10,10,10c5.523,0,10-4.477,10-10C22,6.477,17.523,2,12,2 M16.586,16.424 c-0.18,0.295-0.563,0.387-0.857,0.207c-2.348-1.435-5.304-1.76-8.785-0.964c-0.335,0.077-0.67-0.133-0.746-0.469 c-0.077-0.335,0.132-0.67,0.469-0.746c3.809-0.871,7.077-0.496,9.713,1.115C16.673,15.746,16.766,16.13,16.586,16.424 M17.81,13.7 c-0.226,0.367-0.706,0.482-1.072,0.257c-2.687-1.652-6.785-2.131-9.965-1.166C6.36,12.917,5.925,12.684,5.8,12.273 C5.675,11.86,5.908,11.425,6.32,11.3c3.632-1.102,8.147-0.568,11.234,1.328C17.92,12.854,18.035,13.335,17.81,13.7 M17.915,10.865 c-3.223-1.914-8.54-2.09-11.618-1.156C5.804,9.859,5.281,9.58,5.131,9.086C4.982,8.591,5.26,8.069,5.755,7.919 c3.532-1.072,9.404-0.865,13.115,1.338c0.445,0.264,0.59,0.838,0.327,1.282C18.933,10.983,18.359,11.129,17.915,10.865\"><\/path><\/svg><span class=\"wp-block-social-link-label screen-reader-text\">Spotify<\/span><\/a><\/li><\/ul>\n\n\n\n<p>Avec maintenant \u00e0 son actif deux albums, deux EPs et quelques vieilles d\u00e9mos qui trainent dans le fond d\u2019un tiroir,\u00a0<strong>Slater\u00a0et\u00a0fils<\/strong>\u00a0s\u2019est notamment fait conna\u00eetre pour ses plus r\u00e9cents singles Prochain niveau et Surprise, mais aussi pour ses reprises C\u2019est dont belle une fille de Fran\u00e7ois P\u00e9russe et Oh Yeah! des Denis Drolet qui jouent r\u00e9guli\u00e8rement sur plusieurs radios de la province.<strong>\u00a0Slater\u00a0&amp;\u00a0fils<\/strong>, c\u2019est aussi des spectacles partout au Qu\u00e9bec avec Irish Moutarde, Capitaine R\u00e9volte, Rouge Pompier, Voodoo Glow Skulls, Qu\u00e9bec Redneck Bluegrass Project, Frank Custeau, No\u00e9 Talbot, Cirrhose &amp; Cendrier\u2026<\/p>\n\n\n\n<p>En 2021, le quintet s\u2019est fait plus discret afin de plancher sur du nouveau mat\u00e9riel qui voit enfin le jour sur son troisi\u00e8me album officiel\u00a0<em>Salade\u00a0de\u00a0bruits<\/em>. Comme le nom le dit si bien, le nouvel opus des<strong>\u00a0Slater\u00a0<\/strong>est un m\u00e9lange musical vari\u00e9 et savoureux suivant comme seule ligne directrice de faire exactement le contraire de ce qu&rsquo;on leur a conseill\u00e9 de faire: des textes hop-la-vie dans un style musical d\u00e9fini. Oups.<\/p>\n\n\n\n<div class=\"wp-block-buttons is-layout-flex wp-block-buttons-is-layout-flex\">\n<div class=\"wp-block-button has-custom-width wp-block-button__width-75 has-custom-font-size is-style-outline has-medium-font-size is-style-outline--1\"><a class=\"wp-block-button__link wp-element-button\" href=\"http:\/\/slamdisques.com\/slamdisques\/slater-et-fils-discographie\">Acc\u00e9der \u00e0 la discographie<\/a><\/div>\n<\/div>\n\n\n\n<h1 class=\"wp-block-heading has-large-font-size\"><mark style=\"background-color:rgba(0, 0, 0, 0)\" class=\"has-inline-color has-white-color\">Vid\u00e9oclip<\/mark><\/h1>\n\n\n\n<figure class=\"wp-block-embed is-type-video is-provider-youtube wp-block-embed-youtube wp-embed-aspect-16-9 wp-has-aspect-ratio\"><div class=\"wp-block-embed__wrapper\">\n<iframe loading=\"lazy\" title=\"Slater &amp; Fils - Jugement Premier ( Vid\u00e9oclip Officiel)\" width=\"525\" height=\"295\" src=\"https:\/\/www.youtube.com\/embed\/l6T_iRJFijw?list=PLCk92u03ScKmQuqJzQ4X0iGnJNU03Ap21\" frameborder=\"0\" allow=\"accelerometer; autoplay; clipboard-write; encrypted-media; gyroscope; picture-in-picture; web-share\" referrerpolicy=\"strict-origin-when-cross-origin\" allowfullscreen><\/iframe>\n<\/div><figcaption class=\"wp-element-caption\">Jugement Premier &#8211; Cours D&rsquo;Inconduite<\/figcaption><\/figure>\n","protected":false},"excerpt":{"rendered":"<p>Avec maintenant \u00e0 son actif deux albums, deux EPs et quelques vieilles d\u00e9mos qui trainent dans le fond d\u2019un tiroir,\u00a0Slater\u00a0et\u00a0fils\u00a0s\u2019est notamment fait conna\u00eetre pour ses plus r\u00e9cents singles Prochain niveau et Surprise, mais aussi pour ses reprises C\u2019est dont belle une fille de Fran\u00e7ois P\u00e9russe et Oh Yeah! des Denis Drolet qui jouent r\u00e9guli\u00e8rement sur &hellip; <\/p>\n<p class=\"link-more\"><a href=\"https:\/\/www.slamdisques.com\/slamdisques\/slater-fils-2\" class=\"more-link\">Continuer la lecture<span class=\"screen-reader-text\"> de &laquo;&nbsp;Slater &#038; Fils&nbsp;&raquo;<\/span><\/a><\/p>\n","protected":false},"author":1,"featured_media":0,"parent":0,"menu_order":0,"comment_status":"closed","ping_status":"closed","template":"","meta":{"footnotes":""},"class_list":["post-3497","page","type-page","status-publish","hentry"],"_links":{"self":[{"href":"https:\/\/www.slamdisques.com\/slamdisques\/wp-json\/wp\/v2\/pages\/3497","targetHints":{"allow":["GET"]}}],"collection":[{"href":"https:\/\/www.slamdisques.com\/slamdisques\/wp-json\/wp\/v2\/pages"}],"about":[{"href":"https:\/\/www.slamdisques.com\/slamdisques\/wp-json\/wp\/v2\/types\/page"}],"author":[{"embeddable":true,"href":"https:\/\/www.slamdisques.com\/slamdisques\/wp-json\/wp\/v2\/users\/1"}],"replies":[{"embeddable":true,"href":"https:\/\/www.slamdisques.com\/slamdisques\/wp-json\/wp\/v2\/comments?post=3497"}],"version-history":[{"count":20,"href":"https:\/\/www.slamdisques.com\/slamdisques\/wp-json\/wp\/v2\/pages\/3497\/revisions"}],"predecessor-version":[{"id":5272,"href":"https:\/\/www.slamdisques.com\/slamdisques\/wp-json\/wp\/v2\/pages\/3497\/revisions\/5272"}],"wp:attachment":[{"href":"https:\/\/www.slamdisques.com\/slamdisques\/wp-json\/wp\/v2\/media?parent=3497"}],"curies":[{"name":"wp","href":"https:\/\/api.w.org\/{rel}","templated":true}]}}