{"id":3514,"date":"2021-01-14T22:22:04","date_gmt":"2021-01-14T21:22:04","guid":{"rendered":"http:\/\/www.slamdisques.com\/slamdisques\/?page_id=3514"},"modified":"2021-09-16T00:36:26","modified_gmt":"2021-09-15T23:36:26","slug":"les-plus-grands-succes-vol-2","status":"publish","type":"page","link":"https:\/\/www.slamdisques.com\/slamdisques\/les-plus-grands-succes-vol-2","title":{"rendered":"Les Plus Grands Succ\u00e8s, Vol. 2"},"content":{"rendered":"\n<div class=\"wp-block-image is-style-default\"><figure class=\"alignleft size-medium\"><a href=\"https:\/\/fanlink.to\/succesvol2\"><img loading=\"lazy\" decoding=\"async\" width=\"300\" height=\"300\" src=\"https:\/\/www.slamdisques.com\/slamdisques\/wp-content\/uploads\/2021\/01\/pochette-1400-x-1400-300x300.jpg\" alt=\"\" class=\"wp-image-3502\" srcset=\"https:\/\/www.slamdisques.com\/slamdisques\/wp-content\/uploads\/2021\/01\/pochette-1400-x-1400-300x300.jpg 300w, https:\/\/www.slamdisques.com\/slamdisques\/wp-content\/uploads\/2021\/01\/pochette-1400-x-1400-1024x1024.jpg 1024w, https:\/\/www.slamdisques.com\/slamdisques\/wp-content\/uploads\/2021\/01\/pochette-1400-x-1400-150x150.jpg 150w, https:\/\/www.slamdisques.com\/slamdisques\/wp-content\/uploads\/2021\/01\/pochette-1400-x-1400-768x768.jpg 768w, https:\/\/www.slamdisques.com\/slamdisques\/wp-content\/uploads\/2021\/01\/pochette-1400-x-1400-100x100.jpg 100w, https:\/\/www.slamdisques.com\/slamdisques\/wp-content\/uploads\/2021\/01\/pochette-1400-x-1400.jpg 1400w\" sizes=\"auto, (max-width: 300px) 100vw, 300px\" \/><\/a><figcaption><strong>D\u00e9tails de l&rsquo;album<\/strong>:<br>Sortie: 30 mars 2012<br><em>\u00a9\u2117 Slam Disques<\/em><br><br>Dave : Voix, trompette<br>Dom : Guitare, voix<br>Huge : Guitare, voix, orgue<br>Alain : Basse<br>P-L : Batterie<br><br>Produit par Slater &amp; fils<br>R\u00e9alis\u00e9 par Philippe-Adam Daigle et Slater &amp; fils<br>Enregistr\u00e9, mix\u00e9 et matric\u00e9 par Philippe-Adam Daigle \/\/ visionsonart<br>Conception de la pochette par David Lessard \/\/ dev.i.art<br>Dessin de la couverture par Hugo Roy<br>Toutes les chansons ont \u00e9t\u00e9 compos\u00e9es par Slater &amp; fils<br>Pr\u00e9-production par Philippe-Adam Daigle et Hugues Bouchard.<br>Interludes compos\u00e9s par Hugo Roy et produites par Slater &amp; Fils au local.<br><br>Musiciens invit\u00e9s :<br><br>Patricia Darche : Trombone<br>Tristan Forget-Brisson : Percussions<br><br><strong>Tracklist:<\/strong><br><a href=\"https:\/\/fanlink.to\/succesvol2\">1. De l&rsquo;Amont Vers Laval<br>2. El Burro<br>3. Vice Cach\u00e9<br>4. P&rsquo;tite Nature<br>5. Amnesia &#8211; J&rsquo;me Souviens pu<br>6. Voir l&rsquo;\u00c9t\u00e9<br>7. La T\u00eate dans les Nuages<br>8. Le Cur\u00e9<\/a><\/figcaption><\/figure><\/div>\n\n\n\n<p class=\"has-medium-font-size\"><strong>Les Plus Grands Succ\u00e8s, Vol. 2<\/strong><br><a href=\"https:\/\/www.slamdisques.com\/slamdisques\/slater-fils-2\">Slater &amp; Fils<\/a><\/p>\n\n\n\n<hr class=\"wp-block-separator is-style-wide\"\/>\n\n\n\n<p class=\"has-text-align-left has-small-font-size\"><strong>Slater et fils<\/strong>, c\u2019est un band qui existait dans le temps de l\u2019arriv\u00e9e de l\u2019\u00e9lectricit\u00e9 et des\u00a0Internets. Surnomm\u00e9 \u00ab\u202fle band de trompette\u202f\u00bb, ou les \u00ab\u202fmaudits fatigants\u202f\u00bb, les gens aiment bien argumenter \u00e0 savoir s\u2019il s\u2019agit de ska ou non. Ce n\u2019est pas clair. Ce qui est \u00e9vident n\u00e9anmoins, c\u2019est que Slater et fils propulse de la puissance rock \u00e0 l\u2019\u00e9tat brut, des textes qui parlent de tout ce qui se passe dans la t\u00eate de cinq gars dans la trentaine, pis une trompette. Rien \u00e0 voir avec\u00a0le\u00a0typique groupe engag\u00e9 qui passe des messages \u00e0 son public. Slater et fils parle de tout et de rien, passant du s\u00e9rieux au banal, et se d\u00e9marque par des maudites bonnes blagues en spectacle, comme celle du gars. Toujours en fran\u00e7ais, mais pas pour une question de valeurs et de d\u00e9fense de la culture qu\u00e9b\u00e9coise. Juste parce que \u00e7a sonne mieux. Avec \u00e0 son actif deux albums, un EP et quelques vieilles d\u00e9mos qui trainent dans le fond d\u2019un tiroir, Slater et fils est depuis longtemps \u00e0 la poursuite d\u2019une renomm\u00e9e internationale, \u00e0 commencer par Saint-Jean-sur-Richelieu. Rien de moins. Prog\u00e9niture de parents contents d\u2019avoir inscrit leur petit gars \u00e0 l\u2019Harmonie de leur \u00e9cole, le band promet de satisfaire les attentes de ceux qui ne s\u2019attendent \u00e0 rien, de combler le vide des gens qui ressentent le vide et de compromettre le futur de tes enfants.\u00a0\u00a0<\/p>\n\n\n\n<div class=\"wp-block-buttons is-layout-flex wp-block-buttons-is-layout-flex\">\n<div class=\"wp-block-button\"><a class=\"wp-block-button__link\" href=\"https:\/\/fanlink.to\/succesvol2\" target=\"_blank\" rel=\"noreferrer noopener\">\u00c9coutez Les Plus Grands Succ\u00e8s, vol.2<\/a><\/div>\n<\/div>\n","protected":false},"excerpt":{"rendered":"<p>Les Plus Grands Succ\u00e8s, Vol. 2Slater &amp; Fils Slater et fils, c\u2019est un band qui existait dans le temps de l\u2019arriv\u00e9e de l\u2019\u00e9lectricit\u00e9 et des\u00a0Internets. Surnomm\u00e9 \u00ab\u202fle band de trompette\u202f\u00bb, ou les \u00ab\u202fmaudits fatigants\u202f\u00bb, les gens aiment bien argumenter \u00e0 savoir s\u2019il s\u2019agit de ska ou non. Ce n\u2019est pas clair. Ce qui est \u00e9vident &hellip; <\/p>\n<p class=\"link-more\"><a href=\"https:\/\/www.slamdisques.com\/slamdisques\/les-plus-grands-succes-vol-2\" class=\"more-link\">Continuer la lecture<span class=\"screen-reader-text\"> de &laquo;&nbsp;Les Plus Grands Succ\u00e8s, Vol. 2&nbsp;&raquo;<\/span><\/a><\/p>\n","protected":false},"author":1,"featured_media":0,"parent":0,"menu_order":0,"comment_status":"closed","ping_status":"closed","template":"","meta":{"footnotes":""},"class_list":["post-3514","page","type-page","status-publish","hentry"],"_links":{"self":[{"href":"https:\/\/www.slamdisques.com\/slamdisques\/wp-json\/wp\/v2\/pages\/3514","targetHints":{"allow":["GET"]}}],"collection":[{"href":"https:\/\/www.slamdisques.com\/slamdisques\/wp-json\/wp\/v2\/pages"}],"about":[{"href":"https:\/\/www.slamdisques.com\/slamdisques\/wp-json\/wp\/v2\/types\/page"}],"author":[{"embeddable":true,"href":"https:\/\/www.slamdisques.com\/slamdisques\/wp-json\/wp\/v2\/users\/1"}],"replies":[{"embeddable":true,"href":"https:\/\/www.slamdisques.com\/slamdisques\/wp-json\/wp\/v2\/comments?post=3514"}],"version-history":[{"count":19,"href":"https:\/\/www.slamdisques.com\/slamdisques\/wp-json\/wp\/v2\/pages\/3514\/revisions"}],"predecessor-version":[{"id":4088,"href":"https:\/\/www.slamdisques.com\/slamdisques\/wp-json\/wp\/v2\/pages\/3514\/revisions\/4088"}],"wp:attachment":[{"href":"https:\/\/www.slamdisques.com\/slamdisques\/wp-json\/wp\/v2\/media?parent=3514"}],"curies":[{"name":"wp","href":"https:\/\/api.w.org\/{rel}","templated":true}]}}