{"id":3553,"date":"2021-01-20T23:12:31","date_gmt":"2021-01-20T22:12:31","guid":{"rendered":"http:\/\/www.slamdisques.com\/slamdisques\/?page_id=3553"},"modified":"2021-09-02T23:43:47","modified_gmt":"2021-09-02T22:43:47","slug":"xenial-blues","status":"publish","type":"page","link":"https:\/\/www.slamdisques.com\/slamdisques\/xenial-blues","title":{"rendered":"X\u00e9nial Blues"},"content":{"rendered":"\n<div class=\"wp-block-image\"><figure class=\"alignleft size-large is-resized\"><img loading=\"lazy\" decoding=\"async\" src=\"https:\/\/www.slamdisques.com\/slamdisques\/wp-content\/uploads\/2021\/01\/Pochette_1440x1440-1-1-1024x1024.jpg\" alt=\"\" class=\"wp-image-3554\" width=\"286\" height=\"286\" srcset=\"https:\/\/www.slamdisques.com\/slamdisques\/wp-content\/uploads\/2021\/01\/Pochette_1440x1440-1-1-1024x1024.jpg 1024w, https:\/\/www.slamdisques.com\/slamdisques\/wp-content\/uploads\/2021\/01\/Pochette_1440x1440-1-1-300x300.jpg 300w, https:\/\/www.slamdisques.com\/slamdisques\/wp-content\/uploads\/2021\/01\/Pochette_1440x1440-1-1-150x150.jpg 150w, https:\/\/www.slamdisques.com\/slamdisques\/wp-content\/uploads\/2021\/01\/Pochette_1440x1440-1-1-768x768.jpg 768w, https:\/\/www.slamdisques.com\/slamdisques\/wp-content\/uploads\/2021\/01\/Pochette_1440x1440-1-1-100x100.jpg 100w, https:\/\/www.slamdisques.com\/slamdisques\/wp-content\/uploads\/2021\/01\/Pochette_1440x1440-1-1.jpg 1440w\" sizes=\"auto, (max-width: 286px) 100vw, 286px\" \/><figcaption><strong>Graphisme:<\/strong> Zo\u00e9 Touchette<br><br><strong>D\u00e9tails de l&rsquo;album:<\/strong><br>Sortie: 29 janvier 2021<br><em>\u00a9\u2117 Slam Disques<\/em><br><br><strong>Tracklist:<\/strong><br><a href=\"https:\/\/fanlink.to\/xenialblues\">1. Sirop d&rsquo;\u00c9rable<br>2. X\u00e9nial Blues<br>3. l&rsquo;Oasis<br>4. Le Rock and Roll<br>5. Jogging<br>6. Mon Chalet<br>7. Pipapot<br>8. Normal<br>9. Z<br>10. X\u00e9nial Blues &#8211; \u00c9pilogue<\/a><\/figcaption><\/figure><\/div>\n\n\n\n<p class=\"has-medium-font-size\"><strong>X\u00e9nial Blues<\/strong><br><a href=\"https:\/\/www.slamdisques.com\/slamdisques\/frank-custeau-2\">Frank Custeau<\/a><\/p>\n\n\n\n<hr class=\"wp-block-separator is-style-wide\"\/>\n\n\n\n<p class=\"has-small-font-size\">&nbsp;C&rsquo;est en tombant sur <a href=\"https:\/\/plus.lapresse.ca\/screens\/943b7e3b-0bbe-45c7-a34d-e310a58bb53c__7C___0.html\">un article sign\u00e9 Marie Allard<\/a> que l&rsquo;auteur-compositeur-interpr\u00e8te sherbrookois Frank Custeau se d\u00e9couvre faisant partie des X\u00e9niaux, cette g\u00e9n\u00e9ration hybride ni tout \u00e0 fait X, ni compl\u00e8tement Y. Le concept donnera un titre \u00e0 l&rsquo;\u00e9criture d\u00e9j\u00e0 entam\u00e9e du th\u00e9matique <strong><em>X\u00e9nial Blues<\/em><\/strong> qui para\u00eetra le <strong>29 janvier 2021<\/strong>.<\/p>\n\n\n\n<p class=\"has-small-font-size\"><strong><em>X\u00e9nial Blues<\/em><\/strong>, ce sont les d\u00e9sillusions d&rsquo;un adolescent na\u00eff de presque 40 ans qui accepte tranquillement qu&rsquo;il ne sera pas une rock star.<\/p>\n\n\n\n<p class=\"has-small-font-size\">Pour la conception de l&rsquo;album, Frank s&rsquo;est entour\u00e9 d&rsquo;amis x\u00e9niaux, comme lui nostalgiques d&rsquo;une \u00e9poque sur rubans et sans autotune. C&rsquo;est tout naturellement que les complices <strong>Alex Crow<\/strong> (Diane Dufresne,Vulgaires Machins, Elisapie, Aut\u2019 Chose) et <strong>Luc Jr. B\u00e9lisle <\/strong>(Greenwood, 2Fr\u00e8res) d\u00e9cident d&rsquo;aller voler des textures sonores chez leurs idoles, des ann\u00e9es soixante aux ann\u00e9es quatre-vingt-dix. Les batteries puissantes de B\u00e9lisle et les saxophones vieille \u00e9cole de <strong>Philippe Poirier <\/strong>(Le Cirque du Soleil) offrent des couleurs groovy \u00e0 cette r\u00e9alisation solide d&rsquo;Alex Crow, une crise de la mi-trentaine folk rock \u00e9pic\u00e9e<\/p>\n\n\n\n<div class=\"wp-block-buttons alignleft is-layout-flex wp-block-buttons-is-layout-flex\">\n<div class=\"wp-block-button\"><a class=\"wp-block-button__link\" href=\"https:\/\/fanlink.to\/xenialblues\" target=\"_blank\" rel=\"noreferrer noopener\">\u00c9coutez X\u00e9nial Blues<\/a><\/div>\n<\/div>\n","protected":false},"excerpt":{"rendered":"<p>X\u00e9nial BluesFrank Custeau &nbsp;C&rsquo;est en tombant sur un article sign\u00e9 Marie Allard que l&rsquo;auteur-compositeur-interpr\u00e8te sherbrookois Frank Custeau se d\u00e9couvre faisant partie des X\u00e9niaux, cette g\u00e9n\u00e9ration hybride ni tout \u00e0 fait X, ni compl\u00e8tement Y. Le concept donnera un titre \u00e0 l&rsquo;\u00e9criture d\u00e9j\u00e0 entam\u00e9e du th\u00e9matique X\u00e9nial Blues qui para\u00eetra le 29 janvier 2021. X\u00e9nial Blues, &hellip; <\/p>\n<p class=\"link-more\"><a href=\"https:\/\/www.slamdisques.com\/slamdisques\/xenial-blues\" class=\"more-link\">Continuer la lecture<span class=\"screen-reader-text\"> de &laquo;&nbsp;X\u00e9nial Blues&nbsp;&raquo;<\/span><\/a><\/p>\n","protected":false},"author":1,"featured_media":0,"parent":0,"menu_order":0,"comment_status":"closed","ping_status":"closed","template":"","meta":{"footnotes":""},"class_list":["post-3553","page","type-page","status-publish","hentry"],"_links":{"self":[{"href":"https:\/\/www.slamdisques.com\/slamdisques\/wp-json\/wp\/v2\/pages\/3553","targetHints":{"allow":["GET"]}}],"collection":[{"href":"https:\/\/www.slamdisques.com\/slamdisques\/wp-json\/wp\/v2\/pages"}],"about":[{"href":"https:\/\/www.slamdisques.com\/slamdisques\/wp-json\/wp\/v2\/types\/page"}],"author":[{"embeddable":true,"href":"https:\/\/www.slamdisques.com\/slamdisques\/wp-json\/wp\/v2\/users\/1"}],"replies":[{"embeddable":true,"href":"https:\/\/www.slamdisques.com\/slamdisques\/wp-json\/wp\/v2\/comments?post=3553"}],"version-history":[{"count":3,"href":"https:\/\/www.slamdisques.com\/slamdisques\/wp-json\/wp\/v2\/pages\/3553\/revisions"}],"predecessor-version":[{"id":3967,"href":"https:\/\/www.slamdisques.com\/slamdisques\/wp-json\/wp\/v2\/pages\/3553\/revisions\/3967"}],"wp:attachment":[{"href":"https:\/\/www.slamdisques.com\/slamdisques\/wp-json\/wp\/v2\/media?parent=3553"}],"curies":[{"name":"wp","href":"https:\/\/api.w.org\/{rel}","templated":true}]}}