{"id":3568,"date":"2021-02-17T22:55:25","date_gmt":"2021-02-17T21:55:25","guid":{"rendered":"http:\/\/www.slamdisques.com\/slamdisques\/?page_id=3568"},"modified":"2021-02-19T06:56:15","modified_gmt":"2021-02-19T05:56:15","slug":"molotov-mon-amour","status":"publish","type":"page","link":"https:\/\/www.slamdisques.com\/slamdisques\/molotov-mon-amour","title":{"rendered":"Molotov Mon Amour"},"content":{"rendered":"\n<figure class=\"wp-block-image size-large\"><img loading=\"lazy\" decoding=\"async\" width=\"1024\" height=\"683\" src=\"https:\/\/www.slamdisques.com\/slamdisques\/wp-content\/uploads\/2021\/02\/Molotov_Campagne_1-1024x683.jpg\" alt=\"\" class=\"wp-image-3570\" srcset=\"https:\/\/www.slamdisques.com\/slamdisques\/wp-content\/uploads\/2021\/02\/Molotov_Campagne_1-1024x683.jpg 1024w, https:\/\/www.slamdisques.com\/slamdisques\/wp-content\/uploads\/2021\/02\/Molotov_Campagne_1-300x200.jpg 300w, https:\/\/www.slamdisques.com\/slamdisques\/wp-content\/uploads\/2021\/02\/Molotov_Campagne_1-768x512.jpg 768w, https:\/\/www.slamdisques.com\/slamdisques\/wp-content\/uploads\/2021\/02\/Molotov_Campagne_1-1536x1024.jpg 1536w, https:\/\/www.slamdisques.com\/slamdisques\/wp-content\/uploads\/2021\/02\/Molotov_Campagne_1-2048x1365.jpg 2048w\" sizes=\"auto, (max-width: 767px) 89vw, (max-width: 1000px) 54vw, (max-width: 1071px) 543px, 580px\" \/><figcaption><em>Cr\u00e9dits photo : Christyna Pelletier<\/em><\/figcaption><\/figure>\n\n\n\n<p><strong>Molotov Mon Amour<\/strong>&nbsp;propose un son pop-rock alternatif d\u00e9coulant du parcours tumultueux et \u00e9clectique entrepris par&nbsp;<strong>Marco Calliari<\/strong>, l\u2019artisan principal derri\u00e8re cette nouvelle mouture musicale. Que ce soit en repoussant les limites du thrash m\u00e9tal pendant 17 ans avec&nbsp;<strong>Anonymus<\/strong>&nbsp;ou en explorant de nouvelles sonorit\u00e9s issues de la musique traditionnelle italienne via ses nombreux albums solo parus depuis le d\u00e9but des ann\u00e9es 2000, la musique demeure une essence vitale pour Marco Calliari. Alors qu\u2019il vient tout juste de franchir le cap des trente ans de carri\u00e8re, celui-ci ajoute une nouvelle corde \u00e0 son arc alors qu\u2019il s\u2019appr\u00eate \u00e0 d\u00e9voiler&nbsp;<strong><em>J\u2019t\u2019ha\u00efme<\/em><\/strong>, un premier single f\u00e9d\u00e9rateur et br\u00fblant d\u2019\u00e9motions fortes. \u00c9paul\u00e9 par&nbsp;<strong>Pasquale Caruana<\/strong>&nbsp;\u00e0 la composition,&nbsp;<strong>Dany Lalonde<\/strong>&nbsp;\u00e0 la batterie et&nbsp;<strong>Christyna Pelletier<\/strong>&nbsp;\u00e0 la co-\u00e9criture, l\u2019auteur-compositeur-interpr\u00e8te a \u00e9galement su profiter des conseils artistiques de&nbsp;<strong>Jessy Fuchs<\/strong>, le menant ainsi \u00e0 lancer ce nouvel extrait en fran\u00e7ais sur l\u2019\u00e9tiquette&nbsp;<strong>Slam Disques<\/strong>.<\/p>\n\n\n\n<p>La chanson&nbsp;<strong><em>J\u2019t\u2019ha\u00efme<\/em><\/strong>, qui aborde avec franchise la vivacit\u00e9 et les contradictions de la passion amoureuse, repose sur une solide fondation de m\u00e9lodies pop-rock explosives, galvaud\u00e9e par de nombreuses couches de synth\u00e9tiseurs et une rythmique percutante.<\/p>\n\n\n\n<div class=\"wp-block-buttons aligncenter is-layout-flex wp-block-buttons-is-layout-flex\">\n<div class=\"wp-block-button\"><a class=\"wp-block-button__link\" href=\"https:\/\/www.toneden.io\/calendar\" style=\"border-radius:50px\">\u00c9coute <strong><em>J\u2019t\u2019ha\u00efme<\/em><\/strong> ici!<\/a><\/div>\n<\/div>\n\n\n\n<figure class=\"wp-block-embed-youtube wp-block-embed is-type-video is-provider-youtube wp-embed-aspect-16-9 wp-has-aspect-ratio\"><div class=\"wp-block-embed__wrapper\">\n<iframe loading=\"lazy\" title=\"Molotov Mon Amour - J&#039;t&#039;ha\u00efme (Vid\u00e9oclip Officiel)\" width=\"525\" height=\"295\" src=\"https:\/\/www.youtube.com\/embed\/iVpeBVt7iVI?feature=oembed\" frameborder=\"0\" allow=\"accelerometer; autoplay; clipboard-write; encrypted-media; gyroscope; picture-in-picture; web-share\" referrerpolicy=\"strict-origin-when-cross-origin\" allowfullscreen><\/iframe>\n<\/div><\/figure>\n\n\n\n<p class=\"has-text-align-center has-medium-font-size\"><strong>Suivez Molotov Mon Amour sur les m\u00e9dias sociaux<\/strong><\/p>\n\n\n\n<div class=\"wp-block-buttons aligncenter is-layout-flex wp-block-buttons-is-layout-flex\">\n<div class=\"wp-block-button\"><a class=\"wp-block-button__link\" href=\"https:\/\/www.facebook.com\/molotovmonamour\">Facebook<\/a><\/div>\n\n\n\n<div class=\"wp-block-button is-style-fill\"><a class=\"wp-block-button__link\" href=\"https:\/\/www.instagram.com\/molotovmonamour\/\">Instagram<\/a><\/div>\n\n\n\n<div class=\"wp-block-button is-style-fill\"><a class=\"wp-block-button__link\" href=\"https:\/\/twitter.com\/MMAmourOfficiel\">Twitter<\/a><\/div>\n<\/div>\n\n\n\n<p class=\"has-text-align-center\"><strong>RELATIONS DE PRESSE &amp; TRACKING RADIO<\/strong><\/p>\n\n\n\n<p class=\"has-text-align-center\">Charles-\u00c9tienne de Villers<\/p>\n\n\n\n<p class=\"has-text-align-center\">438-838-8297| charles@slamdisques.com<\/p>\n\n\n\n<p class=\"has-text-align-center\">S\u00e9bastien Gagn\u00e9<\/p>\n\n\n\n<p class=\"has-text-align-center\">514-779-0504| sebastien@slamdisques.com<\/p>\n\n\n\n<p class=\"has-text-align-center\"><strong>BOOKING<\/strong><\/p>\n\n\n\n<p class=\"has-text-align-center\">Jean-Fran\u00e7ois Renaud<\/p>\n\n\n\n<p class=\"has-text-align-center\">514-878-2487 |&nbsp;<a>jfrenaud@concertium.ca<\/a><\/p>\n\n\n\n<p class=\"has-text-align-center\"><strong>G\u00c9RANCE<\/strong><\/p>\n\n\n\n<p class=\"has-text-align-center\"><a>Productions Casa Nostra<\/a><\/p>\n\n\n\n<p class=\"has-text-align-center\">514-839-7408 |&nbsp;<a>info@molotovmonamour.com<\/a><\/p>\n","protected":false},"excerpt":{"rendered":"<p>Molotov Mon Amour&nbsp;propose un son pop-rock alternatif d\u00e9coulant du parcours tumultueux et \u00e9clectique entrepris par&nbsp;Marco Calliari, l\u2019artisan principal derri\u00e8re cette nouvelle mouture musicale. Que ce soit en repoussant les limites du thrash m\u00e9tal pendant 17 ans avec&nbsp;Anonymus&nbsp;ou en explorant de nouvelles sonorit\u00e9s issues de la musique traditionnelle italienne via ses nombreux albums solo parus depuis &hellip; <\/p>\n<p class=\"link-more\"><a href=\"https:\/\/www.slamdisques.com\/slamdisques\/molotov-mon-amour\" class=\"more-link\">Continuer la lecture<span class=\"screen-reader-text\"> de &laquo;&nbsp;Molotov Mon Amour&nbsp;&raquo;<\/span><\/a><\/p>\n","protected":false},"author":1,"featured_media":0,"parent":0,"menu_order":0,"comment_status":"closed","ping_status":"closed","template":"","meta":{"footnotes":""},"class_list":["post-3568","page","type-page","status-publish","hentry"],"_links":{"self":[{"href":"https:\/\/www.slamdisques.com\/slamdisques\/wp-json\/wp\/v2\/pages\/3568","targetHints":{"allow":["GET"]}}],"collection":[{"href":"https:\/\/www.slamdisques.com\/slamdisques\/wp-json\/wp\/v2\/pages"}],"about":[{"href":"https:\/\/www.slamdisques.com\/slamdisques\/wp-json\/wp\/v2\/types\/page"}],"author":[{"embeddable":true,"href":"https:\/\/www.slamdisques.com\/slamdisques\/wp-json\/wp\/v2\/users\/1"}],"replies":[{"embeddable":true,"href":"https:\/\/www.slamdisques.com\/slamdisques\/wp-json\/wp\/v2\/comments?post=3568"}],"version-history":[{"count":2,"href":"https:\/\/www.slamdisques.com\/slamdisques\/wp-json\/wp\/v2\/pages\/3568\/revisions"}],"predecessor-version":[{"id":3575,"href":"https:\/\/www.slamdisques.com\/slamdisques\/wp-json\/wp\/v2\/pages\/3568\/revisions\/3575"}],"wp:attachment":[{"href":"https:\/\/www.slamdisques.com\/slamdisques\/wp-json\/wp\/v2\/media?parent=3568"}],"curies":[{"name":"wp","href":"https:\/\/api.w.org\/{rel}","templated":true}]}}