{"id":3612,"date":"2021-05-19T20:08:10","date_gmt":"2021-05-19T19:08:10","guid":{"rendered":"http:\/\/www.slamdisques.com\/slamdisques\/?page_id=3612"},"modified":"2023-04-28T18:28:36","modified_gmt":"2023-04-28T17:28:36","slug":"a-propos-de-slam-disques","status":"publish","type":"page","link":"https:\/\/www.slamdisques.com\/slamdisques\/a-propos-de-slam-disques","title":{"rendered":"\u00c0 propos"},"content":{"rendered":"\n<p class=\"has-large-font-size\"><strong>Services offerts<\/strong><\/p>\n\n\n\n<p>Nous assurons nous-m\u00eame la production et la commercialisation d\u2019albums, des concerts, des vid\u00e9oclips, les relations de presse, le pistage radio et les \u00e9ditions. Cette grande polyvalence fait de nous un partenaire 360 id\u00e9al pour les groupes francophones cherchant \u00e0 rejoindre un public en marge.<\/p>\n\n\n\n<p class=\"has-large-font-size\"><strong>\u00c0 propos du label<\/strong><\/p>\n\n\n\n<p>\u00catre les plus polyvalents possibles et rejoindre un public en marge fait partie de l\u2019ADN de <strong>Slam Disques<\/strong> depuis ses tout d\u00e9buts. Que ce soit pour le punktrad de <a rel=\"noreferrer noopener\" href=\"https:\/\/www.facebook.com\/carottepunktrad\" data-type=\"URL\" data-id=\"https:\/\/www.facebook.com\/carottepunktrad\" target=\"_blank\">Carott\u00e9<\/a>, le stoner rock d\u2019<a href=\"https:\/\/www.slamdisques.com\/slamdisques\/oktoplut-2\" data-type=\"page\" data-id=\"3321\">Oktoplut<\/a> ou les l\u00e9gendaires <a rel=\"noreferrer noopener\" href=\"https:\/\/www.facebook.com\/groovyaardvark\" data-type=\"URL\" data-id=\"https:\/\/www.facebook.com\/groovyaardvark\" target=\"_blank\">Groovy Aardvark<\/a>, nous prenons soin de cette belle vari\u00e9t\u00e9 musicale qui est trop souvent d\u00e9laiss\u00e9e par les autres labels plus conventionnels.<\/p>\n\n\n\n<p>Fond\u00e9 en 2002 par Jessy Fuchs, artiste autoproduit qui cherchait \u00e0 assurer lui-m\u00eame la promotion de son groupe Exterio, <strong>Slam Disques<\/strong> se veut essentiellement bas\u00e9 sur le principe du <em>Do It Yourself<\/em> en r\u00e9duisant les interm\u00e9diaires. Ce principe aux origines punks est encore tr\u00e8s peu exploit\u00e9 dans l\u2019industrie de la musique et gagnerait vraiment \u00e0 \u00eatre adopt\u00e9 davantage. On peut donc dire que notre \u00e9tiquette est l\u2019une des entreprises pionni\u00e8res au Qu\u00e9bec en mati\u00e8re de polyvalence, et ce, depuis ses balbutiements. La cr\u00e9ation de <strong>Hell For Breakfast<\/strong> et <strong>Band Promo<\/strong> en sont les deux plus r\u00e9cents exemples.<\/p>\n\n\n\n<p>En 2019, dans un souci de plus grande flexibilit\u00e9, nous avons cr\u00e9\u00e9 la sous-division <strong>Hell for Breakfast<\/strong>, pour soutenir des projets qui sortent du cr\u00e9neau \u00ab&nbsp;rock francophone 360&nbsp;\u00bb habituel de <strong>Slam Disques<\/strong>. Mais que seraient tous ces bands sans <em>merch<\/em>?<\/p>\n\n\n\n<p>D\u2019abord une plateforme en ligne,<strong> Band Promo<\/strong> est \u00e9galement depuis 2020 un atelier de s\u00e9rigraphie. Situ\u00e9 dans nos bureaux \u00e0 Verdun, ce nouvel ajout nous permet de produire \u00e0 prix comp\u00e9titif de la <em>merch<\/em> de qualit\u00e9 et en quantit\u00e9 personnalis\u00e9e. Ouvert \u00e0 tous, ce service est une alternative \u00e9conomique permettant de limiter la surproduction.<\/p>\n\n\n\n<p>\u00c0 ce jour, si <strong>Slam Disques<\/strong> a r\u00e9ussi \u00e0 sortir plus de 2350 titres majoritairement abrasifs, c\u2019est non seulement gr\u00e2ce \u00e0 des dizaines de p\u00e9dales de distorsion malmen\u00e9es, mais aussi gr\u00e2ce \u00e0 l\u2019ouverture d\u2019esprit et \u00e0 la d\u00e9brouillardise de son \u00e9quipe. Parce qu\u2019\u00eatre capable de sortir dans la m\u00eame semaine un album de <a href=\"https:\/\/www.slamdisques.com\/slamdisques\/noe-talbot-2\" data-type=\"page\" data-id=\"3233\">No\u00e9 Talbot<\/a>, un single rap de <a rel=\"noreferrer noopener\" href=\"https:\/\/www.facebook.com\/samfayemontreal\" data-type=\"URL\" data-id=\"https:\/\/www.facebook.com\/samfayemontreal\" target=\"_blank\">Sam Faye<\/a> et une toune deathcore de 37 minutes de <a rel=\"noreferrer noopener\" href=\"https:\/\/www.facebook.com\/BEYONDDEVIATION\" data-type=\"URL\" data-id=\"https:\/\/www.facebook.com\/BEYONDDEVIATION\" target=\"_blank\">Beyond Deviation<\/a>, \u00e7a prend de l\u2019audace, de la polyvalence et du travail d\u2019\u00e9quipe.<\/p>\n\n\n\n<hr class=\"wp-block-separator\"\/>\n","protected":false},"excerpt":{"rendered":"<p>Services offerts Nous assurons nous-m\u00eame la production et la commercialisation d\u2019albums, des concerts, des vid\u00e9oclips, les relations de presse, le pistage radio et les \u00e9ditions. Cette grande polyvalence fait de nous un partenaire 360 id\u00e9al pour les groupes francophones cherchant \u00e0 rejoindre un public en marge. \u00c0 propos du label \u00catre les plus polyvalents possibles &hellip; <\/p>\n<p class=\"link-more\"><a href=\"https:\/\/www.slamdisques.com\/slamdisques\/a-propos-de-slam-disques\" class=\"more-link\">Continuer la lecture<span class=\"screen-reader-text\"> de &laquo;&nbsp;\u00c0 propos&nbsp;&raquo;<\/span><\/a><\/p>\n","protected":false},"author":1,"featured_media":0,"parent":0,"menu_order":0,"comment_status":"closed","ping_status":"closed","template":"","meta":{"footnotes":""},"class_list":["post-3612","page","type-page","status-publish","hentry"],"_links":{"self":[{"href":"https:\/\/www.slamdisques.com\/slamdisques\/wp-json\/wp\/v2\/pages\/3612","targetHints":{"allow":["GET"]}}],"collection":[{"href":"https:\/\/www.slamdisques.com\/slamdisques\/wp-json\/wp\/v2\/pages"}],"about":[{"href":"https:\/\/www.slamdisques.com\/slamdisques\/wp-json\/wp\/v2\/types\/page"}],"author":[{"embeddable":true,"href":"https:\/\/www.slamdisques.com\/slamdisques\/wp-json\/wp\/v2\/users\/1"}],"replies":[{"embeddable":true,"href":"https:\/\/www.slamdisques.com\/slamdisques\/wp-json\/wp\/v2\/comments?post=3612"}],"version-history":[{"count":13,"href":"https:\/\/www.slamdisques.com\/slamdisques\/wp-json\/wp\/v2\/pages\/3612\/revisions"}],"predecessor-version":[{"id":4413,"href":"https:\/\/www.slamdisques.com\/slamdisques\/wp-json\/wp\/v2\/pages\/3612\/revisions\/4413"}],"wp:attachment":[{"href":"https:\/\/www.slamdisques.com\/slamdisques\/wp-json\/wp\/v2\/media?parent=3612"}],"curies":[{"name":"wp","href":"https:\/\/api.w.org\/{rel}","templated":true}]}}