{"id":3774,"date":"2021-08-11T23:11:35","date_gmt":"2021-08-11T22:11:35","guid":{"rendered":"http:\/\/www.slamdisques.com\/slamdisques\/?page_id=3774"},"modified":"2023-09-22T17:13:10","modified_gmt":"2023-09-22T16:13:10","slug":"coke-computer","status":"publish","type":"page","link":"https:\/\/www.slamdisques.com\/slamdisques\/coke-computer","title":{"rendered":"Cok\u00e9 Computer"},"content":{"rendered":"\n<div class=\"wp-block-image\"><figure class=\"alignleft size-large is-resized\"><img loading=\"lazy\" decoding=\"async\" src=\"https:\/\/www.slamdisques.com\/slamdisques\/wp-content\/uploads\/2021\/08\/FT_COVER_3000px-1024x1024.jpg\" alt=\"\" class=\"wp-image-3772\" width=\"372\" height=\"372\" srcset=\"https:\/\/www.slamdisques.com\/slamdisques\/wp-content\/uploads\/2021\/08\/FT_COVER_3000px-1024x1024.jpg 1024w, https:\/\/www.slamdisques.com\/slamdisques\/wp-content\/uploads\/2021\/08\/FT_COVER_3000px-300x300.jpg 300w, https:\/\/www.slamdisques.com\/slamdisques\/wp-content\/uploads\/2021\/08\/FT_COVER_3000px-150x150.jpg 150w, https:\/\/www.slamdisques.com\/slamdisques\/wp-content\/uploads\/2021\/08\/FT_COVER_3000px-768x768.jpg 768w, https:\/\/www.slamdisques.com\/slamdisques\/wp-content\/uploads\/2021\/08\/FT_COVER_3000px-1536x1536.jpg 1536w, https:\/\/www.slamdisques.com\/slamdisques\/wp-content\/uploads\/2021\/08\/FT_COVER_3000px-2048x2048.jpg 2048w, https:\/\/www.slamdisques.com\/slamdisques\/wp-content\/uploads\/2021\/08\/FT_COVER_3000px-100x100.jpg 100w\" sizes=\"auto, (max-width: 372px) 100vw, 372px\" \/><figcaption><strong>D\u00e9tails de l&rsquo;album:<\/strong><br>sortie: 17 septembre 2021<br><em>\u00a9\u2117 Slam Disques<\/em><br><br><em>FUCK TOUTE<\/em><br><em>Guitare : Max Gouin<\/em><br><em>Bass : David Horan<\/em><br><em>Drums : Antoine St-Germain<\/em><br><em>Vocals : Fran\u00e7ois Gagnon<\/em><br><br><strong>Tracklist:<\/strong><br>1. Gel\u00e9 su&rsquo;l feu<br>2. Toaster dans l&rsquo;bain<br>3. Jon Bovi<br>4. Disco<br>5. Paranaufrag\u00e9<br>6. Mouches domestiques<br>7. 3+1=0<br>8. Comptine<br>9. J&rsquo;pense trop tout l&rsquo;temps<br>10. L\u00e9zard-humain<br>11. Fentanihiliste<br>12. Persona<\/figcaption><\/figure><\/div>\n\n\n\n<p class=\"has-medium-font-size\"><strong>Cok\u00e9 Computer<\/strong><br><a href=\"https:\/\/www.slamdisques.com\/slamdisques\/fuck-toute-2\">Fuck Toute<\/a><\/p>\n\n\n\n<hr class=\"wp-block-separator is-style-wide\"\/>\n\n\n\n<p>Apr\u00e8s un premier album homonyme fracassant ayant remport\u00e9 le prix de l\u2019album punk de l\u2019ann\u00e9e au GAMIQ 2017, le quatuor montr\u00e9alais&nbsp;<strong>Fuck Toute&nbsp;<\/strong>r\u00e9cidive le 17 septembre 2021 avec&nbsp;<strong><em>Cok\u00e9 Computer<\/em><\/strong>, un deuxi\u00e8me opus enregistr\u00e9 et produit avec la pr\u00e9cieuse collaboration de&nbsp;<strong>Jean-Baptiste Joubaud<\/strong>&nbsp;du&nbsp;<strong>Studio Lantiez<\/strong>&nbsp;(<strong>Dopethrone, AIAUASCA,&nbsp;Lochness, APES<\/strong>).<\/p>\n\n\n\n<p>Pi\u00e8ce d&rsquo;ouverture du nouvel album&nbsp;<em><strong>Cok\u00e9 Computer<\/strong><\/em>,&nbsp;<em><strong>Gel\u00e9 su&rsquo;l feu<\/strong><\/em>&nbsp;de&nbsp;<strong>Fuck Toute<\/strong>&nbsp;arrache tout sur son passage, et ce d\u00e8s le premier riff. Violente et sans merci, ce premier extrait repr\u00e9sente un solide retour \u00e0 la forme pour le groupe apr\u00e8s d\u00e9j\u00e0 5 ans depuis sa premi\u00e8re offrande musicale.<\/p>\n\n\n\n<div class=\"wp-block-buttons is-layout-flex wp-block-buttons-is-layout-flex\">\n<div class=\"wp-block-button\"><a class=\"wp-block-button__link\" href=\"https:\/\/fanlink.to\/cokecomputer\" target=\"_blank\" rel=\"noreferrer noopener\">\u00c9coutez Cok\u00e9 Computer<\/a><\/div>\n<\/div>\n\n\n\n<p><\/p>\n","protected":false},"excerpt":{"rendered":"<p>Cok\u00e9 ComputerFuck Toute Apr\u00e8s un premier album homonyme fracassant ayant remport\u00e9 le prix de l\u2019album punk de l\u2019ann\u00e9e au GAMIQ 2017, le quatuor montr\u00e9alais&nbsp;Fuck Toute&nbsp;r\u00e9cidive le 17 septembre 2021 avec&nbsp;Cok\u00e9 Computer, un deuxi\u00e8me opus enregistr\u00e9 et produit avec la pr\u00e9cieuse collaboration de&nbsp;Jean-Baptiste Joubaud&nbsp;du&nbsp;Studio Lantiez&nbsp;(Dopethrone, AIAUASCA,&nbsp;Lochness, APES). Pi\u00e8ce d&rsquo;ouverture du nouvel album&nbsp;Cok\u00e9 Computer,&nbsp;Gel\u00e9 su&rsquo;l feu&nbsp;de&nbsp;Fuck Toute&nbsp;arrache &hellip; <\/p>\n<p class=\"link-more\"><a href=\"https:\/\/www.slamdisques.com\/slamdisques\/coke-computer\" class=\"more-link\">Continuer la lecture<span class=\"screen-reader-text\"> de &laquo;&nbsp;Cok\u00e9 Computer&nbsp;&raquo;<\/span><\/a><\/p>\n","protected":false},"author":1,"featured_media":0,"parent":0,"menu_order":0,"comment_status":"closed","ping_status":"closed","template":"","meta":{"footnotes":""},"class_list":["post-3774","page","type-page","status-publish","hentry"],"_links":{"self":[{"href":"https:\/\/www.slamdisques.com\/slamdisques\/wp-json\/wp\/v2\/pages\/3774","targetHints":{"allow":["GET"]}}],"collection":[{"href":"https:\/\/www.slamdisques.com\/slamdisques\/wp-json\/wp\/v2\/pages"}],"about":[{"href":"https:\/\/www.slamdisques.com\/slamdisques\/wp-json\/wp\/v2\/types\/page"}],"author":[{"embeddable":true,"href":"https:\/\/www.slamdisques.com\/slamdisques\/wp-json\/wp\/v2\/users\/1"}],"replies":[{"embeddable":true,"href":"https:\/\/www.slamdisques.com\/slamdisques\/wp-json\/wp\/v2\/comments?post=3774"}],"version-history":[{"count":5,"href":"https:\/\/www.slamdisques.com\/slamdisques\/wp-json\/wp\/v2\/pages\/3774\/revisions"}],"predecessor-version":[{"id":4541,"href":"https:\/\/www.slamdisques.com\/slamdisques\/wp-json\/wp\/v2\/pages\/3774\/revisions\/4541"}],"wp:attachment":[{"href":"https:\/\/www.slamdisques.com\/slamdisques\/wp-json\/wp\/v2\/media?parent=3774"}],"curies":[{"name":"wp","href":"https:\/\/api.w.org\/{rel}","templated":true}]}}