{"id":4131,"date":"2023-03-15T21:03:49","date_gmt":"2023-03-15T20:03:49","guid":{"rendered":"http:\/\/www.slamdisques.com\/slamdisques\/?page_id=4131"},"modified":"2025-07-22T20:47:58","modified_gmt":"2025-07-22T19:47:58","slug":"mange-la-machine","status":"publish","type":"page","link":"https:\/\/www.slamdisques.com\/slamdisques\/mange-la-machine","title":{"rendered":"Mange la Machine"},"content":{"rendered":"\n<figure class=\"wp-block-image size-large\"><a href=\"https:\/\/www.slamdisques.com\/slamdisques\/wp-content\/uploads\/2025\/02\/MLM-photo-de-presse-2024-Credit-KARL-MEURY-14-scaled.jpg\"><img loading=\"lazy\" decoding=\"async\" width=\"1024\" height=\"684\" src=\"https:\/\/www.slamdisques.com\/slamdisques\/wp-content\/uploads\/2025\/02\/MLM-photo-de-presse-2024-Credit-KARL-MEURY-14-1024x684.jpg\" alt=\"\" class=\"wp-image-4792\" srcset=\"https:\/\/www.slamdisques.com\/slamdisques\/wp-content\/uploads\/2025\/02\/MLM-photo-de-presse-2024-Credit-KARL-MEURY-14-1024x684.jpg 1024w, https:\/\/www.slamdisques.com\/slamdisques\/wp-content\/uploads\/2025\/02\/MLM-photo-de-presse-2024-Credit-KARL-MEURY-14-300x200.jpg 300w, https:\/\/www.slamdisques.com\/slamdisques\/wp-content\/uploads\/2025\/02\/MLM-photo-de-presse-2024-Credit-KARL-MEURY-14-768x513.jpg 768w, https:\/\/www.slamdisques.com\/slamdisques\/wp-content\/uploads\/2025\/02\/MLM-photo-de-presse-2024-Credit-KARL-MEURY-14-1536x1026.jpg 1536w, https:\/\/www.slamdisques.com\/slamdisques\/wp-content\/uploads\/2025\/02\/MLM-photo-de-presse-2024-Credit-KARL-MEURY-14-2048x1368.jpg 2048w\" sizes=\"auto, (max-width: 767px) 89vw, (max-width: 1000px) 54vw, (max-width: 1071px) 543px, 580px\" \/><\/a><\/figure>\n\n\n\n<ul class=\"wp-block-social-links alignleft is-layout-flex wp-block-social-links-is-layout-flex\"><li class=\"wp-social-link wp-social-link-facebook  wp-block-social-link\"><a href=\"https:\/\/www.facebook.com\/mangelamachineqc\/\" class=\"wp-block-social-link-anchor\"><svg width=\"24\" height=\"24\" viewBox=\"0 0 24 24\" version=\"1.1\" xmlns=\"http:\/\/www.w3.org\/2000\/svg\" aria-hidden=\"true\" focusable=\"false\"><path d=\"M12 2C6.5 2 2 6.5 2 12c0 5 3.7 9.1 8.4 9.9v-7H7.9V12h2.5V9.8c0-2.5 1.5-3.9 3.8-3.9 1.1 0 2.2.2 2.2.2v2.5h-1.3c-1.2 0-1.6.8-1.6 1.6V12h2.8l-.4 2.9h-2.3v7C18.3 21.1 22 17 22 12c0-5.5-4.5-10-10-10z\"><\/path><\/svg><span class=\"wp-block-social-link-label screen-reader-text\">Facebook<\/span><\/a><\/li>\n\n<li class=\"wp-social-link wp-social-link-instagram  wp-block-social-link\"><a href=\"https:\/\/www.instagram.com\/mangelamachineband\/?hl=fr\" class=\"wp-block-social-link-anchor\"><svg width=\"24\" height=\"24\" viewBox=\"0 0 24 24\" version=\"1.1\" xmlns=\"http:\/\/www.w3.org\/2000\/svg\" aria-hidden=\"true\" focusable=\"false\"><path d=\"M12,4.622c2.403,0,2.688,0.009,3.637,0.052c0.877,0.04,1.354,0.187,1.671,0.31c0.42,0.163,0.72,0.358,1.035,0.673 c0.315,0.315,0.51,0.615,0.673,1.035c0.123,0.317,0.27,0.794,0.31,1.671c0.043,0.949,0.052,1.234,0.052,3.637 s-0.009,2.688-0.052,3.637c-0.04,0.877-0.187,1.354-0.31,1.671c-0.163,0.42-0.358,0.72-0.673,1.035 c-0.315,0.315-0.615,0.51-1.035,0.673c-0.317,0.123-0.794,0.27-1.671,0.31c-0.949,0.043-1.233,0.052-3.637,0.052 s-2.688-0.009-3.637-0.052c-0.877-0.04-1.354-0.187-1.671-0.31c-0.42-0.163-0.72-0.358-1.035-0.673 c-0.315-0.315-0.51-0.615-0.673-1.035c-0.123-0.317-0.27-0.794-0.31-1.671C4.631,14.688,4.622,14.403,4.622,12 s0.009-2.688,0.052-3.637c0.04-0.877,0.187-1.354,0.31-1.671c0.163-0.42,0.358-0.72,0.673-1.035 c0.315-0.315,0.615-0.51,1.035-0.673c0.317-0.123,0.794-0.27,1.671-0.31C9.312,4.631,9.597,4.622,12,4.622 M12,3 C9.556,3,9.249,3.01,8.289,3.054C7.331,3.098,6.677,3.25,6.105,3.472C5.513,3.702,5.011,4.01,4.511,4.511 c-0.5,0.5-0.808,1.002-1.038,1.594C3.25,6.677,3.098,7.331,3.054,8.289C3.01,9.249,3,9.556,3,12c0,2.444,0.01,2.751,0.054,3.711 c0.044,0.958,0.196,1.612,0.418,2.185c0.23,0.592,0.538,1.094,1.038,1.594c0.5,0.5,1.002,0.808,1.594,1.038 c0.572,0.222,1.227,0.375,2.185,0.418C9.249,20.99,9.556,21,12,21s2.751-0.01,3.711-0.054c0.958-0.044,1.612-0.196,2.185-0.418 c0.592-0.23,1.094-0.538,1.594-1.038c0.5-0.5,0.808-1.002,1.038-1.594c0.222-0.572,0.375-1.227,0.418-2.185 C20.99,14.751,21,14.444,21,12s-0.01-2.751-0.054-3.711c-0.044-0.958-0.196-1.612-0.418-2.185c-0.23-0.592-0.538-1.094-1.038-1.594 c-0.5-0.5-1.002-0.808-1.594-1.038c-0.572-0.222-1.227-0.375-2.185-0.418C14.751,3.01,14.444,3,12,3L12,3z M12,7.378 c-2.552,0-4.622,2.069-4.622,4.622S9.448,16.622,12,16.622s4.622-2.069,4.622-4.622S14.552,7.378,12,7.378z M12,15 c-1.657,0-3-1.343-3-3s1.343-3,3-3s3,1.343,3,3S13.657,15,12,15z M16.804,6.116c-0.596,0-1.08,0.484-1.08,1.08 s0.484,1.08,1.08,1.08c0.596,0,1.08-0.484,1.08-1.08S17.401,6.116,16.804,6.116z\"><\/path><\/svg><span class=\"wp-block-social-link-label screen-reader-text\">Instagram<\/span><\/a><\/li>\n\n<li class=\"wp-social-link wp-social-link-bandcamp  wp-block-social-link\"><a href=\"https:\/\/mangelamachine.bandcamp.com\/\" class=\"wp-block-social-link-anchor\"><svg width=\"24\" height=\"24\" viewBox=\"0 0 24 24\" version=\"1.1\" xmlns=\"http:\/\/www.w3.org\/2000\/svg\" aria-hidden=\"true\" focusable=\"false\"><path d=\"M15.27 17.289 3 17.289 8.73 6.711 21 6.711 15.27 17.289\"><\/path><\/svg><span class=\"wp-block-social-link-label screen-reader-text\">Bandcamp<\/span><\/a><\/li>\n\n<li class=\"wp-social-link wp-social-link-spotify  wp-block-social-link\"><a href=\"https:\/\/open.spotify.com\/intl-fr\/artist\/7LbV3T9cttsGKPDNxGWWXB\" class=\"wp-block-social-link-anchor\"><svg width=\"24\" height=\"24\" viewBox=\"0 0 24 24\" version=\"1.1\" xmlns=\"http:\/\/www.w3.org\/2000\/svg\" aria-hidden=\"true\" focusable=\"false\"><path d=\"M12,2C6.477,2,2,6.477,2,12c0,5.523,4.477,10,10,10c5.523,0,10-4.477,10-10C22,6.477,17.523,2,12,2 M16.586,16.424 c-0.18,0.295-0.563,0.387-0.857,0.207c-2.348-1.435-5.304-1.76-8.785-0.964c-0.335,0.077-0.67-0.133-0.746-0.469 c-0.077-0.335,0.132-0.67,0.469-0.746c3.809-0.871,7.077-0.496,9.713,1.115C16.673,15.746,16.766,16.13,16.586,16.424 M17.81,13.7 c-0.226,0.367-0.706,0.482-1.072,0.257c-2.687-1.652-6.785-2.131-9.965-1.166C6.36,12.917,5.925,12.684,5.8,12.273 C5.675,11.86,5.908,11.425,6.32,11.3c3.632-1.102,8.147-0.568,11.234,1.328C17.92,12.854,18.035,13.335,17.81,13.7 M17.915,10.865 c-3.223-1.914-8.54-2.09-11.618-1.156C5.804,9.859,5.281,9.58,5.131,9.086C4.982,8.591,5.26,8.069,5.755,7.919 c3.532-1.072,9.404-0.865,13.115,1.338c0.445,0.264,0.59,0.838,0.327,1.282C18.933,10.983,18.359,11.129,17.915,10.865\"><\/path><\/svg><span class=\"wp-block-social-link-label screen-reader-text\">Spotify<\/span><\/a><\/li><\/ul>\n\n\n\n<p>Autoproclam\u00e9 grunge postapocalyptique, <strong>Mange La Machine<\/strong> est un nouveau quatuor de Saint-Jean-Sur-Richelieu r\u00e9unissant des membres de Capitaine R\u00e9volte, Slater et Fils, Les Sania et Les Hommes Cellophanes.<\/p>\n\n\n\n<div class=\"wp-block-columns is-layout-flex wp-container-core-columns-is-layout-9d6595d7 wp-block-columns-is-layout-flex\">\n<div class=\"wp-block-column is-layout-flow wp-block-column-is-layout-flow\" style=\"flex-basis:66.66%\">\n<p>&nbsp;Avec un son qui puise autant dans le rock alternatif des ann\u00e9es 90 que chez leurs contemporains de la sc\u00e8ne rock francophone d\u2019ici, <strong>Mange La Machine<\/strong> offre <em><u>La fille \u00e9lectrique<\/u><\/em> en guise d\u2019avant-go\u00fbt d\u2019ici la sortie d\u2019un premier EP \u00e9ponyme, qui voit le jour en 2022.<\/p>\n\n\n\n<p><em>Fast-forward<\/em> un an plus tard, le single <em><u>Overdrive<\/u><\/em> fera office de pr\u00e9mices \u00e0 un nouveau projet; leur premier album. <em><u>Passif-agressif<\/u><\/em> verra le jour en janvier 2025. Un album de 9 morceaux de pur rock franco-canadien avec un son percutant et des paroles significatives. <em><u>Passif-agressif<\/u><\/em> est audacieux mais simple, satisfaisant et intelligent.<\/p>\n\n\n\n<div class=\"wp-block-buttons is-layout-flex wp-block-buttons-is-layout-flex\">\n<div class=\"wp-block-button has-custom-width wp-block-button__width-75 has-custom-font-size is-style-outline has-medium-font-size is-style-outline--1\"><a class=\"wp-block-button__link wp-element-button\" href=\"http:\/\/slamdisques.com\/slamdisques\/mange-la-machine-discographie\">Acc\u00e9der \u00e0 la discographie<\/a><\/div>\n<\/div>\n<\/div>\n\n\n\n<div class=\"wp-block-column is-layout-flow wp-block-column-is-layout-flow\" style=\"flex-basis:33.33%\">\n\n  <script charset=\"utf-8\" src=\"https:\/\/widgetv3.bandsintown.com\/main.min.js\"><\/script>\n  <a class=\"bit-widget-initializer\"\n    \n\tdata-artist-name=\"id_15595529\"\n\t\n\tdata-events-to-display=\"\"\n\tdata-background-color=\"rgba(0,0,0,1)\"\n\tdata-separator-color=\"rgba(255,255,255,1)\"\n\tdata-text-color=\"rgba(255,255,255,1)\"\n\tdata-font=\"Helvetica\"\n\tdata-auto-style=\"true\"\n\t\n\tdata-button-label-capitalization=\"uppercase\"\n\tdata-header-capitalization=\"uppercase\"\n\tdata-location-capitalization=\"uppercase\"\n\tdata-venue-capitalization=\"uppercase\"\n\tdata-display-local-dates=\"true\"\n\tdata-local-dates-position=\"tab\"\n\tdata-display-past-dates=\"true\"\n\tdata-display-details=\"false\"\n\tdata-display-lineup=\"false\"\n\tdata-display-start-time=\"false\"\n\tdata-social-share-icon=\"false\"\n\tdata-display-limit=\"all\"\n\t\n\tdata-date-format=\"MMM. DD YYYY\"\n\tdata-date-orientation=\"vertical\"\n\tdata-date-border-color=\"#4A4A4A\"\n\tdata-date-border-width=\"1px\"\n\tdata-date-capitalization=\"capitalize\"\n\tdata-date-border-radius=\"10px\"\n\t\n\tdata-event-ticket-cta-size=\"medium\"\n\tdata-event-custom-ticket-text=\"\"\n\tdata-event-ticket-text=\"\"\n\tdata-event-ticket-icon=\"false\"\n\tdata-event-ticket-cta-text-color=\"rgba(255,255,255,1)\"\n\tdata-event-ticket-cta-bg-color=\"rgba(74,74,74,1)\"\n\tdata-event-ticket-cta-border-color=\"rgba(74,74,74,1)\"\n\tdata-event-ticket-cta-border-width=\"0px\"\n\tdata-event-ticket-cta-border-radius=\"2px\"\n\t\n\tdata-sold-out-button-text-color=\"rgba(255,255,255,1)\"\n\tdata-sold-out-button-background-color=\"rgba(74,74,74,1)\"\n\tdata-sold-out-button-border-color=\"rgba(74,74,74,1)\"\n\tdata-sold-out-button-clickable=\"true\"\n\t\n\tdata-event-rsvp-position=\"hidden\"\n\tdata-event-rsvp-cta-size=\"medium\"\n\tdata-event-rsvp-only-show-icon=\"false\"\n\tdata-event-rsvp-text=\"RSVP\"\n\tdata-event-rsvp-icon=\"false\"\n\tdata-event-rsvp-cta-text-color=\"rgba(74,74,74,1)\"\n\tdata-event-rsvp-cta-bg-color=\"rgba(255,255,255,1)\"\n\tdata-event-rsvp-cta-border-color=\"rgba(74,74,74,1)\"\n\tdata-event-rsvp-cta-border-width=\"1px\"\n\tdata-event-rsvp-cta-border-radius=\"2px\"\n\t\n\tdata-follow-section-position=\"top\"\n\tdata-follow-section-alignment=\"center\"\n\tdata-follow-section-header-text=\"Get updates on new shows, new music, and more\"\n\tdata-follow-section-cta-size=\"medium\"\n\tdata-follow-section-cta-text=\"\"\n\tdata-follow-section-cta-icon=\"false\"\n\tdata-follow-section-cta-text-color=\"rgba(255,255,255,1)\"\n\tdata-follow-section-cta-bg-color=\"rgba(74,74,74,1)\"\n\tdata-follow-section-cta-border-color=\"rgba(74,74,74,1)\"\n\tdata-follow-section-cta-border-width=\"0px\"\n\tdata-follow-section-cta-border-radius=\"2px\"\n\t\n\tdata-play-my-city-position=\"bottom\"\n\tdata-play-my-city-alignment=\"center\"\n\tdata-play-my-city-header-text=\"Don\u2019t see a show near you?\"\n\tdata-play-my-city-cta-size=\"medium\"\n\tdata-play-my-city-cta-text=\"\"\n\tdata-play-my-city-cta-icon=\"false\"\n\tdata-play-my-city-cta-text-color=\"rgba(255,255,255,1)\"\n\tdata-play-my-city-cta-bg-color=\"rgba(74,74,74,1)\"\n\tdata-play-my-city-cta-border-color=\"rgba(74,74,74,1)\"\n\tdata-play-my-city-cta-border-width=\"0px\"\n\tdata-play-my-city-cta-border-radius=\"2px\"\n\t\n\tdata-optin-font=\"\"\n\tdata-optin-text-color=\"\"\n\tdata-optin-bg-color=\"\"\n\tdata-optin-cta-text-color=\"\"\n\tdata-optin-cta-bg-color=\"\"\n\tdata-optin-cta-border-width=\"\"\n\tdata-optin-cta-border-radius=\"\"\n\tdata-optin-cta-border-color=\"\"\n\t\n\tdata-language=\"fr\"\n\tdata-layout-breakpoint=\"900\"\n\tdata-app-id=\"\"\n\tdata-affil-code=\"\"\n\tdata-bit-logo-position=\"bottomRight\"\n\tdata-bit-logo-color=\"rgba(255,255,255,1)\"\n\t\n    ><\/a>\n\n<\/div>\n<\/div>\n","protected":false},"excerpt":{"rendered":"<p>Autoproclam\u00e9 grunge postapocalyptique, Mange La Machine est un nouveau quatuor de Saint-Jean-Sur-Richelieu r\u00e9unissant des membres de Capitaine R\u00e9volte, Slater et Fils, Les Sania et Les Hommes Cellophanes. &nbsp;Avec un son qui puise autant dans le rock alternatif des ann\u00e9es 90 que chez leurs contemporains de la sc\u00e8ne rock francophone d\u2019ici, Mange La Machine offre La &hellip; <\/p>\n<p class=\"link-more\"><a href=\"https:\/\/www.slamdisques.com\/slamdisques\/mange-la-machine\" class=\"more-link\">Continuer la lecture<span class=\"screen-reader-text\"> de &laquo;&nbsp;Mange la Machine&nbsp;&raquo;<\/span><\/a><\/p>\n","protected":false},"author":1,"featured_media":0,"parent":0,"menu_order":0,"comment_status":"closed","ping_status":"closed","template":"","meta":{"footnotes":""},"class_list":["post-4131","page","type-page","status-publish","hentry"],"_links":{"self":[{"href":"https:\/\/www.slamdisques.com\/slamdisques\/wp-json\/wp\/v2\/pages\/4131","targetHints":{"allow":["GET"]}}],"collection":[{"href":"https:\/\/www.slamdisques.com\/slamdisques\/wp-json\/wp\/v2\/pages"}],"about":[{"href":"https:\/\/www.slamdisques.com\/slamdisques\/wp-json\/wp\/v2\/types\/page"}],"author":[{"embeddable":true,"href":"https:\/\/www.slamdisques.com\/slamdisques\/wp-json\/wp\/v2\/users\/1"}],"replies":[{"embeddable":true,"href":"https:\/\/www.slamdisques.com\/slamdisques\/wp-json\/wp\/v2\/comments?post=4131"}],"version-history":[{"count":24,"href":"https:\/\/www.slamdisques.com\/slamdisques\/wp-json\/wp\/v2\/pages\/4131\/revisions"}],"predecessor-version":[{"id":5377,"href":"https:\/\/www.slamdisques.com\/slamdisques\/wp-json\/wp\/v2\/pages\/4131\/revisions\/5377"}],"wp:attachment":[{"href":"https:\/\/www.slamdisques.com\/slamdisques\/wp-json\/wp\/v2\/media?parent=4131"}],"curies":[{"name":"wp","href":"https:\/\/api.w.org\/{rel}","templated":true}]}}