{"id":4151,"date":"2021-10-14T00:47:33","date_gmt":"2021-10-13T23:47:33","guid":{"rendered":"http:\/\/www.slamdisques.com\/slamdisques\/?page_id=4151"},"modified":"2021-10-14T00:47:33","modified_gmt":"2021-10-13T23:47:33","slug":"fil-darrivee","status":"publish","type":"page","link":"https:\/\/www.slamdisques.com\/slamdisques\/fil-darrivee","title":{"rendered":"Fil d&rsquo;arriv\u00e9e"},"content":{"rendered":"\n<div class=\"wp-block-image\"><figure class=\"alignleft size-large is-resized\"><img loading=\"lazy\" decoding=\"async\" src=\"https:\/\/www.slamdisques.com\/slamdisques\/wp-content\/uploads\/2021\/10\/pochette_crop-karl_1440x1440-1024x1024.jpg\" alt=\"\" class=\"wp-image-4144\" width=\"332\" height=\"332\" srcset=\"https:\/\/www.slamdisques.com\/slamdisques\/wp-content\/uploads\/2021\/10\/pochette_crop-karl_1440x1440-1024x1024.jpg 1024w, https:\/\/www.slamdisques.com\/slamdisques\/wp-content\/uploads\/2021\/10\/pochette_crop-karl_1440x1440-300x300.jpg 300w, https:\/\/www.slamdisques.com\/slamdisques\/wp-content\/uploads\/2021\/10\/pochette_crop-karl_1440x1440-150x150.jpg 150w, https:\/\/www.slamdisques.com\/slamdisques\/wp-content\/uploads\/2021\/10\/pochette_crop-karl_1440x1440-768x768.jpg 768w, https:\/\/www.slamdisques.com\/slamdisques\/wp-content\/uploads\/2021\/10\/pochette_crop-karl_1440x1440-100x100.jpg 100w, https:\/\/www.slamdisques.com\/slamdisques\/wp-content\/uploads\/2021\/10\/pochette_crop-karl_1440x1440.jpg 1440w\" sizes=\"auto, (max-width: 332px) 100vw, 332px\" \/><figcaption>D\u00e9tails de l&rsquo;album:<br>Sortie 13 octobre 2017<br><em>\u00a9\u2117 Slam Disques<\/em><br>Fr\u00e9d\u00e9ric Gagn\u00e9 ; voix et guitare<br>Marie-Claude Joly Bergeron ; violon et voix<br>Amielle Doyon Gilbert ; basse (sur l&rsquo;album)<br>Yannic Cloutier ; guitare et voix<br>Jean-Fran\u00e7ois Nadeau ; batterie (sur l&rsquo;album)<br>Patrice Tringle ; batterie (live)<br>Iza Coulombe ; basse (live)<br><br>Paroles ; Fr\u00e9d\u00e9ric Gagn\u00e9 (sauf Contr\u00f4le ; Yannick Cloutier)<br>Musique ; Capitaine R\u00e9volte<br>Prise de son et mixage ; Jean-Fran\u00e7ois Nadeau<br>Mastering : Matteo Pellegrini<br>Enregistr\u00e9 a Montr\u00e9al entre 2015 et 2017<br>Photos Yotam Sandak<br>Pochette; Marie-Claude Joly Bergeron<br>Booking \/ relation de presse \/ tracking : charles@slamdisques.com<br>Label :\u00a0<a href=\"http:\/\/slamdisques.com\/\">slamdisques.com<\/a><br>Distribution num\u00e9rique : Believe \/ Slam Disques<br>Distribution physique : Propagande<br>Merch :\u00a0<a href=\"http:\/\/bandpromo.ca\/\">bandpromo.ca<\/a><br><br><strong>Tracklist:<\/strong><br>1. Fil d&rsquo;arriv\u00e9e<br>2. Grugiolle<br>3. Contr\u00f4le<br>4. Detox<br>5. \u00c9limin\u00e9<br>6. Consdamn\u00e9<br>7. S\u00e9rotonine<br>8. Monopoly<br>9. Gros M\u00e9nage<br>10. Chaos<br>11. Trouble Paix<\/figcaption><\/figure><\/div>\n\n\n\n<p class=\"has-medium-font-size\"><strong>Fil d&rsquo;arriv\u00e9e<\/strong><br><a rel=\"noreferrer noopener\" href=\"https:\/\/www.slamdisques.com\/slamdisques\/capitaine-revolte-2\" target=\"_blank\">Capitaine R\u00e9volte<\/a><\/p>\n\n\n\n<p>Plus de quatorze ans apr\u00e8s la sortie de l\u2019album Danse sociale (2003) que Capitaine R\u00e9volte est finalement de retour avec la sortie de l\u2019album Fil d\u2019arriv\u00e9e en 2017. Une tourn\u00e9e est organis\u00e9e pour soutenir la sortie de ce nouvel opus. Le groupe poursuit sa route \u00e0 travers le Qu\u00e9bec en 2018et 2019 et soulign\u00e9 ses 20 ans d\u2019existence!<\/p>\n\n\n\n<div class=\"wp-block-buttons is-layout-flex wp-block-buttons-is-layout-flex\">\n<div class=\"wp-block-button\"><a class=\"wp-block-button__link\" href=\"https:\/\/fanlink.to\/fildarrivee\" target=\"_blank\" rel=\"noreferrer noopener\">\u00c9coutez Fil d&rsquo;arriv\u00e9e<\/a><\/div>\n<\/div>\n","protected":false},"excerpt":{"rendered":"<p>Fil d&rsquo;arriv\u00e9eCapitaine R\u00e9volte Plus de quatorze ans apr\u00e8s la sortie de l\u2019album Danse sociale (2003) que Capitaine R\u00e9volte est finalement de retour avec la sortie de l\u2019album Fil d\u2019arriv\u00e9e en 2017. Une tourn\u00e9e est organis\u00e9e pour soutenir la sortie de ce nouvel opus. Le groupe poursuit sa route \u00e0 travers le Qu\u00e9bec en 2018et 2019 &hellip; <\/p>\n<p class=\"link-more\"><a href=\"https:\/\/www.slamdisques.com\/slamdisques\/fil-darrivee\" class=\"more-link\">Continuer la lecture<span class=\"screen-reader-text\"> de &laquo;&nbsp;Fil d&rsquo;arriv\u00e9e&nbsp;&raquo;<\/span><\/a><\/p>\n","protected":false},"author":1,"featured_media":0,"parent":0,"menu_order":0,"comment_status":"closed","ping_status":"closed","template":"","meta":{"footnotes":""},"class_list":["post-4151","page","type-page","status-publish","hentry"],"_links":{"self":[{"href":"https:\/\/www.slamdisques.com\/slamdisques\/wp-json\/wp\/v2\/pages\/4151","targetHints":{"allow":["GET"]}}],"collection":[{"href":"https:\/\/www.slamdisques.com\/slamdisques\/wp-json\/wp\/v2\/pages"}],"about":[{"href":"https:\/\/www.slamdisques.com\/slamdisques\/wp-json\/wp\/v2\/types\/page"}],"author":[{"embeddable":true,"href":"https:\/\/www.slamdisques.com\/slamdisques\/wp-json\/wp\/v2\/users\/1"}],"replies":[{"embeddable":true,"href":"https:\/\/www.slamdisques.com\/slamdisques\/wp-json\/wp\/v2\/comments?post=4151"}],"version-history":[{"count":4,"href":"https:\/\/www.slamdisques.com\/slamdisques\/wp-json\/wp\/v2\/pages\/4151\/revisions"}],"predecessor-version":[{"id":4155,"href":"https:\/\/www.slamdisques.com\/slamdisques\/wp-json\/wp\/v2\/pages\/4151\/revisions\/4155"}],"wp:attachment":[{"href":"https:\/\/www.slamdisques.com\/slamdisques\/wp-json\/wp\/v2\/media?parent=4151"}],"curies":[{"name":"wp","href":"https:\/\/api.w.org\/{rel}","templated":true}]}}