{"id":4182,"date":"2021-10-16T00:25:54","date_gmt":"2021-10-15T23:25:54","guid":{"rendered":"http:\/\/www.slamdisques.com\/slamdisques\/?page_id=4182"},"modified":"2021-10-16T00:25:54","modified_gmt":"2021-10-15T23:25:54","slug":"punklore-et-trashdition","status":"publish","type":"page","link":"https:\/\/www.slamdisques.com\/slamdisques\/punklore-et-trashdition","title":{"rendered":"Punklore et trashdition"},"content":{"rendered":"\n<div class=\"wp-block-image\"><figure class=\"alignleft size-large is-resized\"><img loading=\"lazy\" decoding=\"async\" src=\"https:\/\/www.slamdisques.com\/slamdisques\/wp-content\/uploads\/2021\/10\/PochetteCarotte12-11light-2-1024x1024.jpg\" alt=\"\" class=\"wp-image-4166\" width=\"333\" height=\"333\" srcset=\"https:\/\/www.slamdisques.com\/slamdisques\/wp-content\/uploads\/2021\/10\/PochetteCarotte12-11light-2-1024x1024.jpg 1024w, https:\/\/www.slamdisques.com\/slamdisques\/wp-content\/uploads\/2021\/10\/PochetteCarotte12-11light-2-300x300.jpg 300w, https:\/\/www.slamdisques.com\/slamdisques\/wp-content\/uploads\/2021\/10\/PochetteCarotte12-11light-2-150x150.jpg 150w, https:\/\/www.slamdisques.com\/slamdisques\/wp-content\/uploads\/2021\/10\/PochetteCarotte12-11light-2-768x768.jpg 768w, https:\/\/www.slamdisques.com\/slamdisques\/wp-content\/uploads\/2021\/10\/PochetteCarotte12-11light-2-100x100.jpg 100w, https:\/\/www.slamdisques.com\/slamdisques\/wp-content\/uploads\/2021\/10\/PochetteCarotte12-11light-2.jpg 1080w\" sizes=\"auto, (max-width: 333px) 100vw, 333px\" \/><figcaption>D\u00e9tails de l&rsquo;album:<br>Sortie: 10 f\u00e9vrier 2015<br><em>\u00a9\u2117 Slam Disques<\/em><br><br>Carott\u00e9 c&rsquo;est :<br>M\u00e9d\u00e9 Langlois : guitare \u00e9lectrique, choeurs<br>Manu Lavall\u00e9e : banjo, harmonica, guimbarde, guitare acoustique, choeurs<br>Eric Roberge : chant<br>\u00c9tienne Bourr\u00e9-Denis : violon, guimbarde, mandoline, pieds, choeurs<br>Max Dor\u00e9 : batterie, choeurs<br>Simon Lavall\u00e9e : basse, choeurs<br><br>R\u00e9alisation : Vincent Peake<br>Enregistr\u00e9 et mix\u00e9 au Wild Studio \u00e0 St-Z\u00e9non en novembre 2014 par Pierre R\u00e9millard<br><br><strong>Tracklist:<\/strong><br>1. La visite<br>2. Le bonhomme qui riait<br>3. Invisible<br>4. \u00c9volution<br>5. Chers canadiens<br>6. Souffrance<br>7. Tape la bizoune<br>8. Emb\u00e2cle<br>9. Un gars du Far West<br>10. Les cur\u00e9s et les patates<br>11. Bouteille de rhum<br>12. Veill\u00e9e chez M\u00e9d\u00e9<br>13. La bonne femme Gendron<br>14. La bi\u00e8re<\/figcaption><\/figure><\/div>\n\n\n\n<p class=\"has-normal-font-size\"><strong>Punklore et trashdition<\/strong><br><a rel=\"noreferrer noopener\" href=\"https:\/\/www.slamdisques.com\/slamdisques\/carotte-2\" target=\"_blank\">Carott\u00e9<\/a><br><br>Ainsi constitu\u00e9s, ces enfants terribles de La Bottine Souriante nourrissent leur r\u00e9pertoire de chansons emprunt\u00e9es \u00e0 la m\u00e9moire collective qu\u2019ils d\u00e9poussi\u00e8rent \u00e0 coups de d\u00e9cibels, mais aussi de compositions originales. Sur cette musique festive se greffent des textes \u00e0 forte teneur sociale comme autant de chroniques de la ruralit\u00e9 trouvant parfois des \u00e9chos aupr\u00e8s des zones urbaines. Carott\u00e9 se fait ainsi le porte-voix d\u2019un monde agricole dont l\u2019expression est souvent brid\u00e9e ou ignor\u00e9e. En f\u00e9vrier 2015, la formation livre une premi\u00e8re moisson sur Punklore et Trashdition. R\u00e9alis\u00e9 par Vincent Peake (Groovy Aardvark, Grimskunk) avec la complicit\u00e9 de Pierre R\u00e9millard (Vulgaires Machins, Voivod, Mononc Serge &amp; Anonymus\u2026 ) derri\u00e8re la console, cet album re\u00e7oit un tr\u00e8s bon accueil de la critique et se voit nommer au Gala GAMIQ dans la cat\u00e9gorie \u00abAlbum heavy (Punk &amp; M\u00e9tal) de l\u2019ann\u00e9e\u00bb. Cinq vid\u00e9oclips (Invisible, Tape la bizoune, Veill\u00e9e chez M\u00e9d\u00e9, Un gars du Far West, Souffrance) en sont extraits, v\u00e9ritable polyptyque \u00e0 l\u2019image du groupe. Carott\u00e9 encha\u00eene \u00e9galement les prestations, comptabilisant plus de 100 spectacles, veill\u00e9es improbables entre La Bolduc et les Sex Pistols qui font danser des rangs campagnards jusqu\u2019aux parterres des grands festivals (Francos de Montr\u00e9al, Festival d\u2019\u00e9t\u00e9 de Qu\u00e9bec, Festival de la Chanson de Tadoussac\u2026 ). <\/p>\n\n\n\n<div class=\"wp-block-buttons is-layout-flex wp-block-buttons-is-layout-flex\">\n<div class=\"wp-block-button\"><a class=\"wp-block-button__link\" href=\"https:\/\/fanlink.to\/punklore\" target=\"_blank\" rel=\"noreferrer noopener\">\u00c9coutez Punklore et trashdition<\/a><\/div>\n<\/div>\n","protected":false},"excerpt":{"rendered":"<p>Punklore et trashditionCarott\u00e9 Ainsi constitu\u00e9s, ces enfants terribles de La Bottine Souriante nourrissent leur r\u00e9pertoire de chansons emprunt\u00e9es \u00e0 la m\u00e9moire collective qu\u2019ils d\u00e9poussi\u00e8rent \u00e0 coups de d\u00e9cibels, mais aussi de compositions originales. Sur cette musique festive se greffent des textes \u00e0 forte teneur sociale comme autant de chroniques de la ruralit\u00e9 trouvant parfois des &hellip; <\/p>\n<p class=\"link-more\"><a href=\"https:\/\/www.slamdisques.com\/slamdisques\/punklore-et-trashdition\" class=\"more-link\">Continuer la lecture<span class=\"screen-reader-text\"> de &laquo;&nbsp;Punklore et trashdition&nbsp;&raquo;<\/span><\/a><\/p>\n","protected":false},"author":1,"featured_media":0,"parent":0,"menu_order":0,"comment_status":"closed","ping_status":"closed","template":"","meta":{"footnotes":""},"class_list":["post-4182","page","type-page","status-publish","hentry"],"_links":{"self":[{"href":"https:\/\/www.slamdisques.com\/slamdisques\/wp-json\/wp\/v2\/pages\/4182","targetHints":{"allow":["GET"]}}],"collection":[{"href":"https:\/\/www.slamdisques.com\/slamdisques\/wp-json\/wp\/v2\/pages"}],"about":[{"href":"https:\/\/www.slamdisques.com\/slamdisques\/wp-json\/wp\/v2\/types\/page"}],"author":[{"embeddable":true,"href":"https:\/\/www.slamdisques.com\/slamdisques\/wp-json\/wp\/v2\/users\/1"}],"replies":[{"embeddable":true,"href":"https:\/\/www.slamdisques.com\/slamdisques\/wp-json\/wp\/v2\/comments?post=4182"}],"version-history":[{"count":2,"href":"https:\/\/www.slamdisques.com\/slamdisques\/wp-json\/wp\/v2\/pages\/4182\/revisions"}],"predecessor-version":[{"id":4184,"href":"https:\/\/www.slamdisques.com\/slamdisques\/wp-json\/wp\/v2\/pages\/4182\/revisions\/4184"}],"wp:attachment":[{"href":"https:\/\/www.slamdisques.com\/slamdisques\/wp-json\/wp\/v2\/media?parent=4182"}],"curies":[{"name":"wp","href":"https:\/\/api.w.org\/{rel}","templated":true}]}}