{"id":4371,"date":"2023-03-16T20:33:30","date_gmt":"2023-03-16T19:33:30","guid":{"rendered":"https:\/\/www.slamdisques.com\/slamdisques\/?page_id=4371"},"modified":"2024-07-30T20:52:39","modified_gmt":"2024-07-30T19:52:39","slug":"catalogue","status":"publish","type":"page","link":"https:\/\/www.slamdisques.com\/slamdisques\/catalogue","title":{"rendered":"Catalogue"},"content":{"rendered":"\n<p><strong>Athena<\/strong> :<br><a href=\"https:\/\/lnk.to\/uCXpt\">Mononucl\u00e9ose<\/a><\/p>\n\n\n\n<p><strong>Autre Part<\/strong><\/p>\n\n\n\n<div class=\"wp-block-group\"><div class=\"wp-block-group__inner-container is-layout-constrained wp-block-group-is-layout-constrained\">\n<p class=\"has-text-align-left\"><a href=\"https:\/\/fanlink.tv\/lepireestavenir\">Le pire est \u00e0 venir<\/a><\/p>\n\n\n\n<p><a href=\"https:\/\/fanlink.tv\/autrepartep\">Autre Part (EP)<\/a><\/p>\n\n\n\n<p><a href=\"https:\/\/fanlink.tv\/scarabeeIIbonscottwalker\">Scarab\u00e9e II \/ Bon Scott Walker (EP)<\/a><\/p>\n<\/div><\/div>\n\n\n\n<p><strong>Capitaine R\u00e9volte :<\/strong><\/p>\n\n\n\n<p><a href=\"https:\/\/lnk.to\/I7nxM\">Fil d\u2019arriv\u00e9e<\/a><\/p>\n\n\n\n<p><strong>Carott\u00e9 :<\/strong><\/p>\n\n\n\n<p><a href=\"https:\/\/fanlink.tv\/gloutongluten\">Glouton Gluten<\/a><\/p>\n\n\n\n<p><a href=\"https:\/\/fanlink.tv\/quadrille\">Dansons donc un quadrille avant de passer au cash<\/a><\/p>\n\n\n\n<p><a href=\"https:\/\/fanlink.tv\/punklore\">Punklore et trashdition<\/a><\/p>\n\n\n\n<p><br><strong>Charlie Foxtrot :<\/strong><\/p>\n\n\n\n<p><a href=\"https:\/\/fanlink.tv\/miseenabime\">Mise en abime<\/a><\/p>\n\n\n\n<p><a href=\"https:\/\/fanlink.tv\/lamechecourte\">La m\u00eache courte<\/a><br><\/p>\n\n\n\n<p><strong>Colectivo :<\/strong><br><a href=\"https:\/\/colectivo.bandcamp.com\/album\/jaune-lectrik\">Jaune \u00e9lectrik<\/a><\/p>\n\n\n\n<p><strong>Crash Ton Rock :<\/strong><\/p>\n\n\n\n<p><a href=\"https:\/\/fanlink.tv\/desratsparmislesloups\">Des rats parmi les loups<\/a><\/p>\n\n\n\n<p><strong>Exterio :<\/strong><\/p>\n\n\n\n<p><a href=\"https:\/\/fanlink.tv\/vousetesici\">Vous \u00eates ici<\/a><\/p>\n\n\n\n<p><a href=\"https:\/\/fanlink.tv\/ledeliredusavantfou\">Le d\u00e9lire du savant fou<\/a><\/p>\n\n\n\n<p><a href=\"https:\/\/fanlink.tv\/albummonstre1\">L\u2019album monstre \u2013 1\u00e8re partie: Le complot<\/a><\/p>\n\n\n\n<p><a href=\"https:\/\/fanlink.tv\/albummonstre2\">L\u2019album monstre \u2013 2\u00e8me partie: La trappe<\/a><\/p>\n\n\n\n<p><a href=\"https:\/\/fanlink.tv\/albummonstre3\">L\u2019album monstre \u2013 3\u00e8me partie: Feu \u2013 vol \u2013 vandalisme<\/a><\/p>\n\n\n\n<p><strong>Feuyemobil Le Pl\u00e9onasme de Magog :<\/strong><\/p>\n\n\n\n<p><a href=\"https:\/\/fanlink.tv\/chuchotement\">Chuchotements d&rsquo;un monteur vid\u00e9o<\/a><\/p>\n\n\n\n<p><strong>Frank Custeau\u00a0:<\/strong><\/p>\n\n\n\n<p><a href=\"https:\/\/fanlink.tv\/lespoissonsvolants\">Les poissons volants<\/a><\/p>\n\n\n\n<p><a href=\"https:\/\/fanlink.tv\/xenialblues\">X\u00e9nial blues<\/a><\/p>\n\n\n\n<p><a href=\"https:\/\/fanlink.tv\/departdaout\">D\u00e9parts d&rsquo;ao\u00fbt<\/a><\/p>\n\n\n\n<p><strong>Fred Booster :<\/strong><\/p>\n\n\n\n<p><a href=\"https:\/\/fanlink.tv\/fredbooster\" target=\"_blank\" rel=\"noreferrer noopener\">MCMXCI<\/a><\/p>\n\n\n\n<p><strong>Fuck Toute\u00a0:<\/strong><\/p>\n\n\n\n<p><a href=\"https:\/\/fanlink.tv\/fucktoute\">Fuck toute<\/a><\/p>\n\n\n\n<p><a href=\"https:\/\/fanlink.tv\/fucktoplut\">Fucktoplut<\/a><\/p>\n\n\n\n<p><a href=\"https:\/\/fanlink.tv\/cokecomputer\">Cok\u00e9 computer<\/a><\/p>\n\n\n\n<p><strong><a href=\"https:\/\/www.slamdisques.com\/slamdisques\/groovy-aardvark-2\" target=\"_blank\" rel=\"noreferrer noopener\">Groovy Aardvark<\/a> :<\/strong><\/p>\n\n\n\n<p><a href=\"https:\/\/fanlink.tv\/eatersdigest\" target=\"_blank\" rel=\"noreferrer noopener\">Eater\u2019s digest<\/a><\/p>\n\n\n\n<p><a href=\"https:\/\/fanlink.tv\/vacuum\" target=\"_blank\" rel=\"noreferrer noopener\">Vacuum<\/a><\/p>\n\n\n\n<p><a href=\"https:\/\/fanlink.tv\/orycterope\" target=\"_blank\" rel=\"noreferrer noopener\">Oryct\u00e9rope<\/a><\/p>\n\n\n\n<p><a href=\"https:\/\/fanlink.tv\/exitstagedive\" target=\"_blank\" rel=\"noreferrer noopener\">Exit stage dive<\/a><\/p>\n\n\n\n<p><a href=\"https:\/\/fanlink.tv\/masotherapie\" target=\"_blank\" rel=\"noreferrer noopener\">Masoth\u00e9rapie<\/a><\/p>\n\n\n\n<p><strong>Jeffrey Piton:<\/strong><\/p>\n\n\n\n<p>La transition<\/p>\n\n\n\n<p><strong>Kamakazi <\/strong>:<\/p>\n\n\n\n<p><a href=\"https:\/\/fanlink.tv\/rienacacher\">Rien \u00e0 cacher<\/a><\/p>\n\n\n\n<p><a href=\"https:\/\/fanlink.tv\/tirerlemeilleurdupire\">Tirer le meilleur du pire<\/a><\/p>\n\n\n\n<p><a href=\"https:\/\/fanlink.tv\/foxyboxe\">Foxyboxe<\/a><\/p>\n\n\n\n<p><a href=\"https:\/\/fanlink.tv\/kamakaziregarde\">Regarde maman I&rsquo;m on the TV!<\/a><\/p>\n\n\n\n<p><\/p>\n\n\n\n<p><strong>Les Conards \u00e0 L\u2019orange :<\/strong><\/p>\n\n\n\n<p><a href=\"https:\/\/fanlink.tv\/bavederobot\">Bave de robot<\/a><\/p>\n\n\n\n<p><strong>Les Deadz :<\/strong><\/p>\n\n\n\n<p><a href=\"https:\/\/fanlink.tv\/lesensperdlenord\">Le sens perd le nord<\/a><\/p>\n\n\n\n<p><strong>Les Monsieurs :<\/strong><\/p>\n\n\n\n<p><a href=\"https:\/\/fanlink.tv\/oussetutarretes\">Ousse tu t&rsquo;arr\u00eates<\/a><\/p>\n\n\n\n<p><strong>Malamute :<\/strong><\/p>\n\n\n\n<p><a href=\"https:\/\/fanlink.tv\/malamute\">Malamute<\/a><\/p>\n\n\n\n<p>Banquise #4<\/p>\n\n\n\n<p><strong>Mange la machine :<\/strong><\/p>\n\n\n\n<p><a href=\"https:\/\/fanlink.tv\/mangelamachine\">Mange la machine (EP)<\/a><\/p>\n\n\n\n<p><strong>MAP :<\/strong><\/p>\n\n\n\n<p>The final answer<\/p>\n\n\n\n<p>La masse critique<\/p>\n\n\n\n<p>Repose en paix<\/p>\n\n\n\n<p>Injustice for all<\/p>\n\n\n\n<p><\/p>\n\n\n\n<p><strong><a href=\"https:\/\/www.slamdisques.com\/slamdisques\/noe-talbot-2\">No\u00e9 Talbot<\/a>\u00a0:<\/strong><\/p>\n\n\n\n<p><a href=\"https:\/\/fanlink.tv\/beurrenoir\">Beurre noir<\/a><\/p>\n\n\n\n<p><a href=\"https:\/\/fanlink.tv\/deballer\">D\u00e9baller le pr\u00e9sent<\/a><\/p>\n\n\n\n<p><a href=\"https:\/\/fanlink.tv\/noepioche\">Mauvaise pioche &amp; No\u00e9 Talbot<\/a><\/p>\n\n\n\n<p><a href=\"https:\/\/fanlink.tv\/reprises1\">Reprises Acoustiques<\/a><\/p>\n\n\n\n<p><a href=\"https:\/\/fanlink.tv\/laisserleposteouvert\">Laisser le poste ouvert<\/a><\/p>\n\n\n\n<p><a href=\"https:\/\/slamdisques.fanlink.tv\/reprisesvol2\">Reprises Acoustiques, vol. 2<\/a><\/p>\n\n\n\n<p><a href=\"https:\/\/fanlink.tv\/noesessionlive\">Session Live<\/a><\/p>\n\n\n\n<p><a href=\"https:\/\/fanlink.tv\/remercier\">Remercier les Accidents<\/a><\/p>\n\n\n\n<p><a href=\"https:\/\/fanlink.tv\/avantquonsedeteste\">Avant qu&rsquo;on se d\u00e9teste<\/a><br><\/p>\n\n\n\n<p><strong>O Linea :<\/strong><\/p>\n\n\n\n<p>L&rsquo;ordre des choses<\/p>\n\n\n\n<p><a href=\"https:\/\/fanlink.tv\/labetedelhommeolinea\">La b\u00eate de l\u2019homme<\/a><\/p>\n\n\n\n<p><a href=\"https:\/\/fanlink.tv\/olineadistractions\">Distractions<\/a><\/p>\n\n\n\n<p><a href=\"https:\/\/fanlink.tv\/olineaolinea\">O Linea<\/a><\/p>\n\n\n\n<p><em>Langage primaire<\/em><\/p>\n\n\n\n<p>Tripolaire<\/p>\n\n\n\n<p><strong>OK Volca :<\/strong><\/p>\n\n\n\n<p><a href=\"https:\/\/fanlink.tv\/okvolca\">Ok Volca<\/a><\/p>\n\n\n\n<p><a href=\"https:\/\/fanlink.tv\/frqnctrmr\">Fr\u00e9quence \/ Tr\u00e9mor<\/a><\/p>\n\n\n\n<p><strong><a href=\"https:\/\/www.slamdisques.com\/slamdisques\/oktoplut-2\">Oktoplut<\/a>\u00a0:<\/strong><\/p>\n\n\n\n<p><a href=\"https:\/\/fanlink.tv\/pansementsoktoplut\">Pansements<\/a><\/p>\n\n\n\n<p><a href=\"https:\/\/fanlink.tv\/lasorcierederoche\">La sorci\u00e8re de roche<\/a><\/p>\n\n\n\n<p><a href=\"https:\/\/fanlink.tv\/demonnormal\">Le d\u00e9mon normal<\/a><\/p>\n\n\n\n<p><a href=\"https:\/\/fanlink.tv\/rionnoir\" target=\"_blank\" rel=\"noreferrer noopener\">RIONNOIR<\/a><\/p>\n\n\n\n<p><a href=\"https:\/\/fanlink.tv\/fucktoplut\">Fucktoplut<\/a><\/p>\n\n\n\n<p><strong>On a Cr\u00e9\u00e9 un Monstre :<\/strong><\/p>\n\n\n\n<p><a href=\"https:\/\/fanlink.tv\/liceberg\">L\u2019iceberg<\/a><\/p>\n\n\n\n<p><a href=\"https:\/\/fanlink.tv\/theatredescatastrophes\">Th\u00e9\u00e2tre des catastrophes<\/a><\/p>\n\n\n\n<p><a href=\"https:\/\/fanlink.tv\/insectarium\">Insectarium<\/a><\/p>\n\n\n\n<p><a href=\"https:\/\/fanlink.tv\/laderive\">La d\u00e9rive<\/a><\/p>\n\n\n\n<p><strong>P\u00e9p\u00e9 et sa guitare<\/strong>:<\/p>\n\n\n\n<p><\/p>\n\n\n\n<p><strong>Rip\u00e9 :<\/strong><\/p>\n\n\n\n<p><a href=\"https:\/\/fanlink.tv\/ripe\">Rip\u00e9<\/a><\/p>\n\n\n\n<p><a href=\"https:\/\/fanlink.tv\/tupissedusang\">Tu pisses du sang<\/a><\/p>\n\n\n\n<p><a href=\"https:\/\/fanlink.tv\/rockripe\">Rip\u00e9 rock Rip\u00e9<\/a><\/p>\n\n\n\n<p><a href=\"https:\/\/fanlink.tv\/rocklerock\">Rip\u00e9 rock le rock<\/a><\/p>\n\n\n\n<p><a href=\"https:\/\/fanlink.tv\/riperockquebec\">Rip\u00e9 rock le Qu\u00e9bec<\/a><\/p>\n\n\n\n<p><a href=\"https:\/\/fanlink.tv\/riperocklunivers\">Rip\u00e9 rock l\u2019univers<\/a><\/p>\n\n\n\n<p><a href=\"https:\/\/fanlink.tv\/lerocketscientistdalma\">Le rocket scientist d&rsquo;Alma <\/a><\/p>\n\n\n\n<p><strong>Rouge Pompier :<\/strong><\/p>\n\n\n\n<p><a href=\"https:\/\/fanlink.tv\/kevinbacon\">Kevin Bacon<\/a><\/p>\n\n\n\n<p><a href=\"https:\/\/fanlink.tv\/chevychase\">Chevy Chase<\/a><\/p>\n\n\n\n<p><a href=\"https:\/\/fanlink.tv\/nevecampbell\">Neve Campbell<\/a><\/p>\n\n\n\n<p><a href=\"https:\/\/fanlink.tv\/renevecampbell\">Re-Neve Campbell<\/a><\/p>\n\n\n\n<p><a href=\"https:\/\/fanlink.tv\/michaelcaine\">Michael Caine<\/a><\/p>\n\n\n\n<p><strong>Slater &amp; Fils :<\/strong><\/p>\n\n\n\n<p><a href=\"https:\/\/fanlink.tv\/blaguealbum\">Le blague album<\/a><\/p>\n\n\n\n<p><a href=\"https:\/\/fanlink.tv\/succesvol2\">Les plus grands succ\u00e8s, Vol. 2<\/a><\/p>\n\n\n\n<p><a href=\"https:\/\/fanlink.tv\/coursdinconduite\">Cours d\u2019inconduite<\/a><\/p>\n\n\n\n<p><a href=\"https:\/\/fanlink.tv\/violentetimmature\">Violent et Immature<\/a><\/p>\n\n\n\n<p><a href=\"https:\/\/fanlink.tv\/saladedebruits\">Salade de bruits<\/a><\/p>\n\n\n\n<p><strong>Skieur Fluo:<\/strong><\/p>\n\n\n\n<p>Skieur fluo<\/p>\n\n\n\n<p><strong>Smash Hit Combo :<\/strong><\/p>\n\n\n\n<p>G\u00e9n\u00e9ration Test<\/p>\n\n\n\n<p>Reset<\/p>\n\n\n\n<p>L33T<\/p>\n\n\n\n<p>Reboot<\/p>\n\n\n\n<p><strong>Suburbs :<\/strong><\/p>\n\n\n\n<p>Un titre de toune<\/p>\n\n\n\n<p><strong>Divers (Compilations de reprises Zoo)<\/strong>\u00a0:<br><a href=\"https:\/\/fanlink.tv\/zoo1\">Zoo<\/a><br><a href=\"https:\/\/fanlink.tv\/zoo2\" target=\"_blank\" rel=\"noreferrer noopener\">Zoo 2<\/a><br><a href=\"https:\/\/fanlink.tv\/zoo3\" target=\"_blank\" rel=\"noreferrer noopener\">Zoo 3<\/a><br><a href=\"https:\/\/fanlink.tv\/zoo4\">Zoo 4<\/a><br><a href=\"https:\/\/fanlink.tv\/zoo5\" target=\"_blank\" rel=\"noreferrer noopener\">Zoo 5<\/a><br><a href=\"https:\/\/fanlink.tv\/zoo666\" target=\"_blank\" rel=\"noreferrer noopener\">Zoo 666<\/a><br><a href=\"https:\/\/fanlink.tv\/zoo7\">Zoo 7 <\/a><br><a href=\"https:\/\/fanlink.tv\/zoo8\">Zoo 8<\/a><\/p>\n","protected":false},"excerpt":{"rendered":"<p>Athena :Mononucl\u00e9ose Autre Part Le pire est \u00e0 venir Autre Part (EP) Scarab\u00e9e II \/ Bon Scott Walker (EP) Capitaine R\u00e9volte : Fil d\u2019arriv\u00e9e Carott\u00e9 : Glouton Gluten Dansons donc un quadrille avant de passer au cash Punklore et trashdition Charlie Foxtrot : Mise en abime La m\u00eache courte Colectivo :Jaune \u00e9lectrik Crash Ton Rock &hellip; <\/p>\n<p class=\"link-more\"><a href=\"https:\/\/www.slamdisques.com\/slamdisques\/catalogue\" class=\"more-link\">Continuer la lecture<span class=\"screen-reader-text\"> de &laquo;&nbsp;Catalogue&nbsp;&raquo;<\/span><\/a><\/p>\n","protected":false},"author":1,"featured_media":0,"parent":0,"menu_order":0,"comment_status":"closed","ping_status":"closed","template":"","meta":{"footnotes":""},"class_list":["post-4371","page","type-page","status-publish","hentry"],"_links":{"self":[{"href":"https:\/\/www.slamdisques.com\/slamdisques\/wp-json\/wp\/v2\/pages\/4371","targetHints":{"allow":["GET"]}}],"collection":[{"href":"https:\/\/www.slamdisques.com\/slamdisques\/wp-json\/wp\/v2\/pages"}],"about":[{"href":"https:\/\/www.slamdisques.com\/slamdisques\/wp-json\/wp\/v2\/types\/page"}],"author":[{"embeddable":true,"href":"https:\/\/www.slamdisques.com\/slamdisques\/wp-json\/wp\/v2\/users\/1"}],"replies":[{"embeddable":true,"href":"https:\/\/www.slamdisques.com\/slamdisques\/wp-json\/wp\/v2\/comments?post=4371"}],"version-history":[{"count":22,"href":"https:\/\/www.slamdisques.com\/slamdisques\/wp-json\/wp\/v2\/pages\/4371\/revisions"}],"predecessor-version":[{"id":4756,"href":"https:\/\/www.slamdisques.com\/slamdisques\/wp-json\/wp\/v2\/pages\/4371\/revisions\/4756"}],"wp:attachment":[{"href":"https:\/\/www.slamdisques.com\/slamdisques\/wp-json\/wp\/v2\/media?parent=4371"}],"curies":[{"name":"wp","href":"https:\/\/api.w.org\/{rel}","templated":true}]}}