{"id":5283,"date":"2025-07-15T19:58:00","date_gmt":"2025-07-15T18:58:00","guid":{"rendered":"https:\/\/www.slamdisques.com\/slamdisques\/?page_id=5283"},"modified":"2025-07-15T20:09:28","modified_gmt":"2025-07-15T19:09:28","slug":"ripe-discographie","status":"publish","type":"page","link":"https:\/\/www.slamdisques.com\/slamdisques\/ripe-discographie","title":{"rendered":"Rip\u00e9 &#8211; Discographie"},"content":{"rendered":"\n<h2 class=\"wp-block-heading\"><strong><mark style=\"background-color:rgba(0, 0, 0, 0)\" class=\"has-inline-color has-white-color\">Albums<\/mark><\/strong><\/h2>\n\n\n\n<div class=\"wp-block-columns is-layout-flex wp-container-core-columns-is-layout-9d6595d7 wp-block-columns-is-layout-flex\">\n<div class=\"wp-block-column is-layout-flow wp-block-column-is-layout-flow\">\n<figure class=\"wp-block-image size-large\"><a href=\"https:\/\/fanlink.tv\/brulerdugaz\" target=\"_blank\" rel=\"noreferrer noopener\"><img loading=\"lazy\" decoding=\"async\" width=\"1024\" height=\"1024\" src=\"https:\/\/www.slamdisques.com\/slamdisques\/wp-content\/uploads\/2025\/07\/Bruler-du-gaz-3000px-1024x1024.jpg\" alt=\"\" class=\"wp-image-5296\" style=\"aspect-ratio:1;object-fit:cover\" srcset=\"https:\/\/www.slamdisques.com\/slamdisques\/wp-content\/uploads\/2025\/07\/Bruler-du-gaz-3000px-1024x1024.jpg 1024w, https:\/\/www.slamdisques.com\/slamdisques\/wp-content\/uploads\/2025\/07\/Bruler-du-gaz-3000px-300x300.jpg 300w, https:\/\/www.slamdisques.com\/slamdisques\/wp-content\/uploads\/2025\/07\/Bruler-du-gaz-3000px-150x150.jpg 150w, https:\/\/www.slamdisques.com\/slamdisques\/wp-content\/uploads\/2025\/07\/Bruler-du-gaz-3000px-768x768.jpg 768w, https:\/\/www.slamdisques.com\/slamdisques\/wp-content\/uploads\/2025\/07\/Bruler-du-gaz-3000px-1536x1536.jpg 1536w, https:\/\/www.slamdisques.com\/slamdisques\/wp-content\/uploads\/2025\/07\/Bruler-du-gaz-3000px-2048x2048.jpg 2048w, https:\/\/www.slamdisques.com\/slamdisques\/wp-content\/uploads\/2025\/07\/Bruler-du-gaz-3000px-100x100.jpg 100w\" sizes=\"auto, (max-width: 767px) 89vw, (max-width: 1000px) 54vw, (max-width: 1071px) 543px, 580px\" \/><\/a><figcaption class=\"wp-element-caption\"><strong><mark style=\"background-color:rgba(0, 0, 0, 0)\" class=\"has-inline-color has-white-color\">Br\u00fbler du gaz<\/mark><\/strong> (2024)<\/figcaption><\/figure>\n<\/div>\n\n\n\n<div class=\"wp-block-column is-layout-flow wp-block-column-is-layout-flow\">\n<figure class=\"wp-block-image size-large\"><a href=\"https:\/\/fanlink.tv\/lerocketscientistdalma\" target=\"_blank\" rel=\"noreferrer noopener\"><img loading=\"lazy\" decoding=\"async\" width=\"1024\" height=\"1024\" src=\"https:\/\/www.slamdisques.com\/slamdisques\/wp-content\/uploads\/2025\/07\/Pochette-ripe-2-1024x1024.jpg\" alt=\"\" class=\"wp-image-5295\" style=\"aspect-ratio:1;object-fit:cover\" srcset=\"https:\/\/www.slamdisques.com\/slamdisques\/wp-content\/uploads\/2025\/07\/Pochette-ripe-2-1024x1024.jpg 1024w, https:\/\/www.slamdisques.com\/slamdisques\/wp-content\/uploads\/2025\/07\/Pochette-ripe-2-300x300.jpg 300w, https:\/\/www.slamdisques.com\/slamdisques\/wp-content\/uploads\/2025\/07\/Pochette-ripe-2-150x150.jpg 150w, https:\/\/www.slamdisques.com\/slamdisques\/wp-content\/uploads\/2025\/07\/Pochette-ripe-2-768x768.jpg 768w, https:\/\/www.slamdisques.com\/slamdisques\/wp-content\/uploads\/2025\/07\/Pochette-ripe-2-1536x1536.jpg 1536w, https:\/\/www.slamdisques.com\/slamdisques\/wp-content\/uploads\/2025\/07\/Pochette-ripe-2-2048x2048.jpg 2048w, https:\/\/www.slamdisques.com\/slamdisques\/wp-content\/uploads\/2025\/07\/Pochette-ripe-2-100x100.jpg 100w\" sizes=\"auto, (max-width: 767px) 89vw, (max-width: 1000px) 54vw, (max-width: 1071px) 543px, 580px\" \/><\/a><figcaption class=\"wp-element-caption\"><strong><mark style=\"background-color:rgba(0, 0, 0, 0)\" class=\"has-inline-color has-white-color\">Le rocket scientist d&rsquo;Alma &#8211; EP<\/mark><\/strong> (2023)<\/figcaption><\/figure>\n<\/div>\n<\/div>\n\n\n\n<div class=\"wp-block-columns is-layout-flex wp-container-core-columns-is-layout-9d6595d7 wp-block-columns-is-layout-flex\">\n<div class=\"wp-block-column is-layout-flow wp-block-column-is-layout-flow\">\n<figure class=\"wp-block-image size-large\"><a href=\"https:\/\/fanlink.tv\/riperocklunivers\" target=\"_blank\" rel=\"noreferrer noopener\"><img loading=\"lazy\" decoding=\"async\" width=\"1024\" height=\"1024\" src=\"https:\/\/www.slamdisques.com\/slamdisques\/wp-content\/uploads\/2025\/07\/ripepochette-colo4-1440x1440-RGB-1024x1024.jpg\" alt=\"\" class=\"wp-image-5294\" style=\"aspect-ratio:1;object-fit:cover\" srcset=\"https:\/\/www.slamdisques.com\/slamdisques\/wp-content\/uploads\/2025\/07\/ripepochette-colo4-1440x1440-RGB-1024x1024.jpg 1024w, https:\/\/www.slamdisques.com\/slamdisques\/wp-content\/uploads\/2025\/07\/ripepochette-colo4-1440x1440-RGB-300x300.jpg 300w, https:\/\/www.slamdisques.com\/slamdisques\/wp-content\/uploads\/2025\/07\/ripepochette-colo4-1440x1440-RGB-150x150.jpg 150w, https:\/\/www.slamdisques.com\/slamdisques\/wp-content\/uploads\/2025\/07\/ripepochette-colo4-1440x1440-RGB-768x768.jpg 768w, https:\/\/www.slamdisques.com\/slamdisques\/wp-content\/uploads\/2025\/07\/ripepochette-colo4-1440x1440-RGB-100x100.jpg 100w, https:\/\/www.slamdisques.com\/slamdisques\/wp-content\/uploads\/2025\/07\/ripepochette-colo4-1440x1440-RGB.jpg 1440w\" sizes=\"auto, (max-width: 767px) 89vw, (max-width: 1000px) 54vw, (max-width: 1071px) 543px, 580px\" \/><\/a><figcaption class=\"wp-element-caption\"><strong><mark style=\"background-color:rgba(0, 0, 0, 0)\" class=\"has-inline-color has-white-color\">Rip\u00e9 rock l&rsquo;univers &#8211; EP<\/mark><\/strong> (2017)<\/figcaption><\/figure>\n<\/div>\n\n\n\n<div class=\"wp-block-column is-layout-flow wp-block-column-is-layout-flow\">\n<figure class=\"wp-block-image size-large\"><a href=\"https:\/\/fanlink.tv\/riperocklequebec\" target=\"_blank\" rel=\"noreferrer noopener\"><img loading=\"lazy\" decoding=\"async\" width=\"1024\" height=\"1024\" src=\"https:\/\/www.slamdisques.com\/slamdisques\/wp-content\/uploads\/2025\/07\/Untitled-1024x1024.png\" alt=\"\" class=\"wp-image-5293\" style=\"aspect-ratio:1;object-fit:cover\" srcset=\"https:\/\/www.slamdisques.com\/slamdisques\/wp-content\/uploads\/2025\/07\/Untitled-1024x1024.png 1024w, https:\/\/www.slamdisques.com\/slamdisques\/wp-content\/uploads\/2025\/07\/Untitled-300x300.png 300w, https:\/\/www.slamdisques.com\/slamdisques\/wp-content\/uploads\/2025\/07\/Untitled-150x150.png 150w, https:\/\/www.slamdisques.com\/slamdisques\/wp-content\/uploads\/2025\/07\/Untitled-768x768.png 768w, https:\/\/www.slamdisques.com\/slamdisques\/wp-content\/uploads\/2025\/07\/Untitled-100x100.png 100w, https:\/\/www.slamdisques.com\/slamdisques\/wp-content\/uploads\/2025\/07\/Untitled.png 1440w\" sizes=\"auto, (max-width: 767px) 89vw, (max-width: 1000px) 54vw, (max-width: 1071px) 543px, 580px\" \/><\/a><figcaption class=\"wp-element-caption\"><strong><mark style=\"background-color:rgba(0, 0, 0, 0)\" class=\"has-inline-color has-white-color\">Rip\u00e9 rock le Qu\u00e9bec &#8211; EP<\/mark><\/strong> (2017)<\/figcaption><\/figure>\n<\/div>\n\n\n\n<div class=\"wp-block-column is-layout-flow wp-block-column-is-layout-flow\">\n<figure class=\"wp-block-image size-large\"><a href=\"https:\/\/fanlink.tv\/riperocklerock\" target=\"_blank\" rel=\"noreferrer noopener\"><img loading=\"lazy\" decoding=\"async\" width=\"1024\" height=\"1024\" src=\"https:\/\/www.slamdisques.com\/slamdisques\/wp-content\/uploads\/2025\/07\/RIpe-Ripe-rock-le-Rock--1024x1024.jpg\" alt=\"\" class=\"wp-image-5291\" style=\"aspect-ratio:1;object-fit:cover\" srcset=\"https:\/\/www.slamdisques.com\/slamdisques\/wp-content\/uploads\/2025\/07\/RIpe-Ripe-rock-le-Rock--1024x1024.jpg 1024w, https:\/\/www.slamdisques.com\/slamdisques\/wp-content\/uploads\/2025\/07\/RIpe-Ripe-rock-le-Rock--300x300.jpg 300w, https:\/\/www.slamdisques.com\/slamdisques\/wp-content\/uploads\/2025\/07\/RIpe-Ripe-rock-le-Rock--150x150.jpg 150w, https:\/\/www.slamdisques.com\/slamdisques\/wp-content\/uploads\/2025\/07\/RIpe-Ripe-rock-le-Rock--768x768.jpg 768w, https:\/\/www.slamdisques.com\/slamdisques\/wp-content\/uploads\/2025\/07\/RIpe-Ripe-rock-le-Rock--100x100.jpg 100w, https:\/\/www.slamdisques.com\/slamdisques\/wp-content\/uploads\/2025\/07\/RIpe-Ripe-rock-le-Rock-.jpg 1440w\" sizes=\"auto, (max-width: 767px) 89vw, (max-width: 1000px) 54vw, (max-width: 1071px) 543px, 580px\" \/><\/a><figcaption class=\"wp-element-caption\"><strong><mark style=\"background-color:rgba(0, 0, 0, 0)\" class=\"has-inline-color has-white-color\">Rip\u00e9 rock le rock &#8211; EP<\/mark><\/strong> (2016)<\/figcaption><\/figure>\n<\/div>\n<\/div>\n\n\n\n<div class=\"wp-block-columns is-layout-flex wp-container-core-columns-is-layout-9d6595d7 wp-block-columns-is-layout-flex\">\n<div class=\"wp-block-column is-layout-flow wp-block-column-is-layout-flow\">\n<figure class=\"wp-block-image size-large\"><a href=\"https:\/\/fanlink.tv\/riperockripe\"><img loading=\"lazy\" decoding=\"async\" width=\"1024\" height=\"1024\" src=\"https:\/\/www.slamdisques.com\/slamdisques\/wp-content\/uploads\/2025\/07\/Ripe-Pochette-officielle-1440x1440-RGB-1024x1024.jpg\" alt=\"\" class=\"wp-image-5288\" style=\"aspect-ratio:1;object-fit:cover\" srcset=\"https:\/\/www.slamdisques.com\/slamdisques\/wp-content\/uploads\/2025\/07\/Ripe-Pochette-officielle-1440x1440-RGB-1024x1024.jpg 1024w, https:\/\/www.slamdisques.com\/slamdisques\/wp-content\/uploads\/2025\/07\/Ripe-Pochette-officielle-1440x1440-RGB-300x300.jpg 300w, https:\/\/www.slamdisques.com\/slamdisques\/wp-content\/uploads\/2025\/07\/Ripe-Pochette-officielle-1440x1440-RGB-150x150.jpg 150w, https:\/\/www.slamdisques.com\/slamdisques\/wp-content\/uploads\/2025\/07\/Ripe-Pochette-officielle-1440x1440-RGB-768x768.jpg 768w, https:\/\/www.slamdisques.com\/slamdisques\/wp-content\/uploads\/2025\/07\/Ripe-Pochette-officielle-1440x1440-RGB-100x100.jpg 100w, https:\/\/www.slamdisques.com\/slamdisques\/wp-content\/uploads\/2025\/07\/Ripe-Pochette-officielle-1440x1440-RGB.jpg 1440w\" sizes=\"auto, (max-width: 767px) 89vw, (max-width: 1000px) 54vw, (max-width: 1071px) 543px, 580px\" \/><\/a><figcaption class=\"wp-element-caption\"><strong><mark style=\"background-color:rgba(0, 0, 0, 0)\" class=\"has-inline-color has-white-color\">Rip\u00e9 rock Rip\u00e9 &#8211; EP <\/mark><\/strong>(2016)<\/figcaption><\/figure>\n<\/div>\n\n\n\n<div class=\"wp-block-column is-layout-flow wp-block-column-is-layout-flow\">\n<figure class=\"wp-block-image size-full\"><a href=\"https:\/\/fanlink.tv\/tupissedusang\" target=\"_blank\" rel=\"noreferrer noopener\"><img loading=\"lazy\" decoding=\"async\" width=\"500\" height=\"500\" src=\"https:\/\/www.slamdisques.com\/slamdisques\/wp-content\/uploads\/2025\/07\/cover500500tupissesdusang.jpg\" alt=\"\" class=\"wp-image-5286\" style=\"aspect-ratio:1;object-fit:cover\" srcset=\"https:\/\/www.slamdisques.com\/slamdisques\/wp-content\/uploads\/2025\/07\/cover500500tupissesdusang.jpg 500w, https:\/\/www.slamdisques.com\/slamdisques\/wp-content\/uploads\/2025\/07\/cover500500tupissesdusang-300x300.jpg 300w, https:\/\/www.slamdisques.com\/slamdisques\/wp-content\/uploads\/2025\/07\/cover500500tupissesdusang-150x150.jpg 150w, https:\/\/www.slamdisques.com\/slamdisques\/wp-content\/uploads\/2025\/07\/cover500500tupissesdusang-100x100.jpg 100w\" sizes=\"auto, (max-width: 500px) 100vw, 500px\" \/><\/a><figcaption class=\"wp-element-caption\"><strong><mark style=\"background-color:rgba(0, 0, 0, 0)\" class=\"has-inline-color has-white-color\">Tu pisses du sang<\/mark><\/strong> (2012)<\/figcaption><\/figure>\n<\/div>\n\n\n\n<div class=\"wp-block-column is-layout-flow wp-block-column-is-layout-flow\">\n<figure class=\"wp-block-image size-large\"><a href=\"https:\/\/fanlink.tv\/ripe\" target=\"_blank\" rel=\"noreferrer noopener\"><img loading=\"lazy\" decoding=\"async\" width=\"1024\" height=\"1024\" src=\"https:\/\/www.slamdisques.com\/slamdisques\/wp-content\/uploads\/2025\/07\/pochetteripeofficielle5x5300dpi-1024x1024.jpg\" alt=\"\" class=\"wp-image-5285\" style=\"aspect-ratio:1;object-fit:cover\" srcset=\"https:\/\/www.slamdisques.com\/slamdisques\/wp-content\/uploads\/2025\/07\/pochetteripeofficielle5x5300dpi-1024x1024.jpg 1024w, https:\/\/www.slamdisques.com\/slamdisques\/wp-content\/uploads\/2025\/07\/pochetteripeofficielle5x5300dpi-300x300.jpg 300w, https:\/\/www.slamdisques.com\/slamdisques\/wp-content\/uploads\/2025\/07\/pochetteripeofficielle5x5300dpi-150x150.jpg 150w, https:\/\/www.slamdisques.com\/slamdisques\/wp-content\/uploads\/2025\/07\/pochetteripeofficielle5x5300dpi-768x768.jpg 768w, https:\/\/www.slamdisques.com\/slamdisques\/wp-content\/uploads\/2025\/07\/pochetteripeofficielle5x5300dpi-100x100.jpg 100w, https:\/\/www.slamdisques.com\/slamdisques\/wp-content\/uploads\/2025\/07\/pochetteripeofficielle5x5300dpi.jpg 1500w\" sizes=\"auto, (max-width: 767px) 89vw, (max-width: 1000px) 54vw, (max-width: 1071px) 543px, 580px\" \/><\/a><figcaption class=\"wp-element-caption\"><strong><mark style=\"background-color:rgba(0, 0, 0, 0)\" class=\"has-inline-color has-white-color\">RIP\u00c9 <\/mark><\/strong>(2012)<\/figcaption><\/figure>\n<\/div>\n<\/div>\n\n\n\n<h2 class=\"wp-block-heading\"><strong><mark style=\"background-color:rgba(0, 0, 0, 0)\" class=\"has-inline-color has-white-color\">Singles<\/mark><\/strong><\/h2>\n\n\n\n<div class=\"wp-block-columns is-layout-flex wp-container-core-columns-is-layout-9d6595d7 wp-block-columns-is-layout-flex\">\n<div class=\"wp-block-column is-layout-flow wp-block-column-is-layout-flow\"><div class=\"wp-block-image\">\n<figure class=\"alignleft size-large is-resized\"><a href=\"https:\/\/fanlink.tv\/zoo9\" target=\"_blank\" rel=\"noreferrer noopener\"><img loading=\"lazy\" decoding=\"async\" width=\"1024\" height=\"1024\" src=\"https:\/\/www.slamdisques.com\/slamdisques\/wp-content\/uploads\/2025\/07\/zoo9_1440x1440-3-1024x1024.jpg\" alt=\"\" class=\"wp-image-5297\" style=\"object-fit:cover;width:262px;height:auto\" srcset=\"https:\/\/www.slamdisques.com\/slamdisques\/wp-content\/uploads\/2025\/07\/zoo9_1440x1440-3-1024x1024.jpg 1024w, https:\/\/www.slamdisques.com\/slamdisques\/wp-content\/uploads\/2025\/07\/zoo9_1440x1440-3-300x300.jpg 300w, https:\/\/www.slamdisques.com\/slamdisques\/wp-content\/uploads\/2025\/07\/zoo9_1440x1440-3-150x150.jpg 150w, https:\/\/www.slamdisques.com\/slamdisques\/wp-content\/uploads\/2025\/07\/zoo9_1440x1440-3-768x768.jpg 768w, https:\/\/www.slamdisques.com\/slamdisques\/wp-content\/uploads\/2025\/07\/zoo9_1440x1440-3-100x100.jpg 100w, https:\/\/www.slamdisques.com\/slamdisques\/wp-content\/uploads\/2025\/07\/zoo9_1440x1440-3.jpg 1440w\" sizes=\"auto, (max-width: 767px) 89vw, (max-width: 1000px) 54vw, (max-width: 1071px) 543px, 580px\" \/><\/a><figcaption class=\"wp-element-caption\"><strong><mark style=\"background-color:rgba(0, 0, 0, 0)\" class=\"has-inline-color has-white-color\">Lance et compte<\/mark><\/strong><br> (Compilation Zoo 9)<\/figcaption><\/figure>\n<\/div><\/div>\n<\/div>\n\n\n\n<div class=\"wp-block-columns is-layout-flex wp-container-core-columns-is-layout-9d6595d7 wp-block-columns-is-layout-flex\">\n<div class=\"wp-block-column is-layout-flow wp-block-column-is-layout-flow\">\n<figure class=\"wp-block-image size-large\"><a href=\"https:\/\/fanlink.tv\/zoo8\" target=\"_blank\" rel=\"noreferrer noopener\"><img loading=\"lazy\" decoding=\"async\" width=\"1024\" height=\"1024\" src=\"https:\/\/www.slamdisques.com\/slamdisques\/wp-content\/uploads\/2025\/07\/zoo8-carre-HR-1-1024x1024.jpg\" alt=\"\" class=\"wp-image-5298\" style=\"aspect-ratio:1;object-fit:cover\" srcset=\"https:\/\/www.slamdisques.com\/slamdisques\/wp-content\/uploads\/2025\/07\/zoo8-carre-HR-1-1024x1024.jpg 1024w, https:\/\/www.slamdisques.com\/slamdisques\/wp-content\/uploads\/2025\/07\/zoo8-carre-HR-1-300x300.jpg 300w, https:\/\/www.slamdisques.com\/slamdisques\/wp-content\/uploads\/2025\/07\/zoo8-carre-HR-1-150x150.jpg 150w, https:\/\/www.slamdisques.com\/slamdisques\/wp-content\/uploads\/2025\/07\/zoo8-carre-HR-1-768x768.jpg 768w, https:\/\/www.slamdisques.com\/slamdisques\/wp-content\/uploads\/2025\/07\/zoo8-carre-HR-1-1536x1536.jpg 1536w, https:\/\/www.slamdisques.com\/slamdisques\/wp-content\/uploads\/2025\/07\/zoo8-carre-HR-1-2048x2048.jpg 2048w, https:\/\/www.slamdisques.com\/slamdisques\/wp-content\/uploads\/2025\/07\/zoo8-carre-HR-1-100x100.jpg 100w\" sizes=\"auto, (max-width: 767px) 89vw, (max-width: 1000px) 54vw, (max-width: 1071px) 543px, 580px\" \/><\/a><figcaption class=\"wp-element-caption\"><strong><mark style=\"background-color:rgba(0, 0, 0, 0)\" class=\"has-inline-color has-white-color\">P\u00e9ter la loi<\/mark><\/strong><br>(Compilation Zoo 8)<\/figcaption><\/figure>\n<\/div>\n\n\n\n<div class=\"wp-block-column is-layout-flow wp-block-column-is-layout-flow\">\n<figure class=\"wp-block-image size-large\"><a href=\"https:\/\/fanlink.tv\/zoo666\" target=\"_blank\" rel=\"noreferrer noopener\"><img loading=\"lazy\" decoding=\"async\" width=\"1024\" height=\"1024\" src=\"https:\/\/www.slamdisques.com\/slamdisques\/wp-content\/uploads\/2025\/07\/ZOO-666_1440x1440px-1-1024x1024.jpg\" alt=\"\" class=\"wp-image-5299\" style=\"aspect-ratio:1;object-fit:cover\" srcset=\"https:\/\/www.slamdisques.com\/slamdisques\/wp-content\/uploads\/2025\/07\/ZOO-666_1440x1440px-1-1024x1024.jpg 1024w, https:\/\/www.slamdisques.com\/slamdisques\/wp-content\/uploads\/2025\/07\/ZOO-666_1440x1440px-1-300x300.jpg 300w, https:\/\/www.slamdisques.com\/slamdisques\/wp-content\/uploads\/2025\/07\/ZOO-666_1440x1440px-1-150x150.jpg 150w, https:\/\/www.slamdisques.com\/slamdisques\/wp-content\/uploads\/2025\/07\/ZOO-666_1440x1440px-1-768x768.jpg 768w, https:\/\/www.slamdisques.com\/slamdisques\/wp-content\/uploads\/2025\/07\/ZOO-666_1440x1440px-1-100x100.jpg 100w, https:\/\/www.slamdisques.com\/slamdisques\/wp-content\/uploads\/2025\/07\/ZOO-666_1440x1440px-1.jpg 1440w\" sizes=\"auto, (max-width: 767px) 89vw, (max-width: 1000px) 54vw, (max-width: 1071px) 543px, 580px\" \/><\/a><figcaption class=\"wp-element-caption\"><mark style=\"background-color:rgba(0, 0, 0, 0)\" class=\"has-inline-color has-white-color\"><strong>Ton amour \u00e0 g\u00e2ch\u00e9 ma vie<\/strong><br><\/mark>(Compilation Zoo 666)<\/figcaption><\/figure>\n<\/div>\n\n\n\n<div class=\"wp-block-column is-layout-flow wp-block-column-is-layout-flow\">\n<figure class=\"wp-block-image size-large is-style-default\"><a href=\"https:\/\/fanlink.tv\/zoo4\" target=\"_blank\" rel=\"noreferrer noopener\"><img loading=\"lazy\" decoding=\"async\" width=\"1024\" height=\"1024\" src=\"https:\/\/www.slamdisques.com\/slamdisques\/wp-content\/uploads\/2025\/07\/zoo4_1440x1440px-3-1024x1024.jpg\" alt=\"\" class=\"wp-image-5300\" style=\"aspect-ratio:1;object-fit:cover\" srcset=\"https:\/\/www.slamdisques.com\/slamdisques\/wp-content\/uploads\/2025\/07\/zoo4_1440x1440px-3-1024x1024.jpg 1024w, https:\/\/www.slamdisques.com\/slamdisques\/wp-content\/uploads\/2025\/07\/zoo4_1440x1440px-3-300x300.jpg 300w, https:\/\/www.slamdisques.com\/slamdisques\/wp-content\/uploads\/2025\/07\/zoo4_1440x1440px-3-150x150.jpg 150w, https:\/\/www.slamdisques.com\/slamdisques\/wp-content\/uploads\/2025\/07\/zoo4_1440x1440px-3-768x768.jpg 768w, https:\/\/www.slamdisques.com\/slamdisques\/wp-content\/uploads\/2025\/07\/zoo4_1440x1440px-3-100x100.jpg 100w, https:\/\/www.slamdisques.com\/slamdisques\/wp-content\/uploads\/2025\/07\/zoo4_1440x1440px-3.jpg 1440w\" sizes=\"auto, (max-width: 767px) 89vw, (max-width: 1000px) 54vw, (max-width: 1071px) 543px, 580px\" \/><\/a><figcaption class=\"wp-element-caption\"><mark style=\"background-color:rgba(0, 0, 0, 0)\" class=\"has-inline-color has-white-color\"><strong>La 40, La grosse molle , La grosse quille, La m\u00e9lasse<\/strong><br><\/mark>(Compilation Zoo 4)<\/figcaption><\/figure>\n<\/div>\n<\/div>\n\n\n\n<div class=\"wp-block-columns is-layout-flex wp-container-core-columns-is-layout-9d6595d7 wp-block-columns-is-layout-flex\">\n<div class=\"wp-block-column is-layout-flow wp-block-column-is-layout-flow\">\n<figure class=\"wp-block-image size-large\"><a href=\"https:\/\/fanlink.tv\/zoo3\" target=\"_blank\" rel=\"noreferrer noopener\"><img loading=\"lazy\" decoding=\"async\" width=\"1024\" height=\"1024\" src=\"https:\/\/www.slamdisques.com\/slamdisques\/wp-content\/uploads\/2025\/07\/zoo-3-front-numerique-1440x1440-4-1024x1024.jpg\" alt=\"\" class=\"wp-image-5301\" style=\"aspect-ratio:1;object-fit:cover\" srcset=\"https:\/\/www.slamdisques.com\/slamdisques\/wp-content\/uploads\/2025\/07\/zoo-3-front-numerique-1440x1440-4-1024x1024.jpg 1024w, https:\/\/www.slamdisques.com\/slamdisques\/wp-content\/uploads\/2025\/07\/zoo-3-front-numerique-1440x1440-4-300x300.jpg 300w, https:\/\/www.slamdisques.com\/slamdisques\/wp-content\/uploads\/2025\/07\/zoo-3-front-numerique-1440x1440-4-150x150.jpg 150w, https:\/\/www.slamdisques.com\/slamdisques\/wp-content\/uploads\/2025\/07\/zoo-3-front-numerique-1440x1440-4-768x768.jpg 768w, https:\/\/www.slamdisques.com\/slamdisques\/wp-content\/uploads\/2025\/07\/zoo-3-front-numerique-1440x1440-4-100x100.jpg 100w, https:\/\/www.slamdisques.com\/slamdisques\/wp-content\/uploads\/2025\/07\/zoo-3-front-numerique-1440x1440-4.jpg 1440w\" sizes=\"auto, (max-width: 767px) 89vw, (max-width: 1000px) 54vw, (max-width: 1071px) 543px, 580px\" \/><\/a><figcaption class=\"wp-element-caption\"><mark style=\"background-color:rgba(0, 0, 0, 0)\" class=\"has-inline-color has-white-color\"><strong>Je t\u2019aime moi non plus<\/strong><br><\/mark>(Compilation Zoo 3)<\/figcaption><\/figure>\n<\/div>\n\n\n\n<div class=\"wp-block-column is-layout-flow wp-block-column-is-layout-flow\">\n<figure class=\"wp-block-image size-large\"><a href=\"https:\/\/fanlink.tv\/zoo2\" target=\"_blank\" rel=\"noreferrer noopener\"><img loading=\"lazy\" decoding=\"async\" width=\"1024\" height=\"1024\" src=\"https:\/\/www.slamdisques.com\/slamdisques\/wp-content\/uploads\/2025\/07\/zoo2_slamdisques_compilation1440x1440-2-1024x1024.jpg\" alt=\"\" class=\"wp-image-5302\" style=\"aspect-ratio:1;object-fit:cover\" srcset=\"https:\/\/www.slamdisques.com\/slamdisques\/wp-content\/uploads\/2025\/07\/zoo2_slamdisques_compilation1440x1440-2-1024x1024.jpg 1024w, https:\/\/www.slamdisques.com\/slamdisques\/wp-content\/uploads\/2025\/07\/zoo2_slamdisques_compilation1440x1440-2-300x300.jpg 300w, https:\/\/www.slamdisques.com\/slamdisques\/wp-content\/uploads\/2025\/07\/zoo2_slamdisques_compilation1440x1440-2-150x150.jpg 150w, https:\/\/www.slamdisques.com\/slamdisques\/wp-content\/uploads\/2025\/07\/zoo2_slamdisques_compilation1440x1440-2-768x768.jpg 768w, https:\/\/www.slamdisques.com\/slamdisques\/wp-content\/uploads\/2025\/07\/zoo2_slamdisques_compilation1440x1440-2-1536x1536.jpg 1536w, https:\/\/www.slamdisques.com\/slamdisques\/wp-content\/uploads\/2025\/07\/zoo2_slamdisques_compilation1440x1440-2-2048x2048.jpg 2048w, https:\/\/www.slamdisques.com\/slamdisques\/wp-content\/uploads\/2025\/07\/zoo2_slamdisques_compilation1440x1440-2-100x100.jpg 100w\" sizes=\"auto, (max-width: 767px) 89vw, (max-width: 1000px) 54vw, (max-width: 1071px) 543px, 580px\" \/><\/a><figcaption class=\"wp-element-caption\"><mark style=\"background-color:rgba(0, 0, 0, 0)\" class=\"has-inline-color has-white-color\"><strong>Go go guerriers puissants<\/strong><br><\/mark>(Compilation Zoo 2)<\/figcaption><\/figure>\n<\/div>\n\n\n\n<div class=\"wp-block-column is-layout-flow wp-block-column-is-layout-flow\">\n<figure class=\"wp-block-image size-large\"><a href=\"https:\/\/fanlink.tv\/zoo1\" target=\"_blank\" rel=\"noreferrer noopener\"><img loading=\"lazy\" decoding=\"async\" width=\"1024\" height=\"1024\" src=\"https:\/\/www.slamdisques.com\/slamdisques\/wp-content\/uploads\/2025\/07\/Pochette1440x1440-2-1024x1024.jpg\" alt=\"\" class=\"wp-image-5303\" style=\"aspect-ratio:1;object-fit:cover\" srcset=\"https:\/\/www.slamdisques.com\/slamdisques\/wp-content\/uploads\/2025\/07\/Pochette1440x1440-2-1024x1024.jpg 1024w, https:\/\/www.slamdisques.com\/slamdisques\/wp-content\/uploads\/2025\/07\/Pochette1440x1440-2-300x300.jpg 300w, https:\/\/www.slamdisques.com\/slamdisques\/wp-content\/uploads\/2025\/07\/Pochette1440x1440-2-150x150.jpg 150w, https:\/\/www.slamdisques.com\/slamdisques\/wp-content\/uploads\/2025\/07\/Pochette1440x1440-2-768x768.jpg 768w, https:\/\/www.slamdisques.com\/slamdisques\/wp-content\/uploads\/2025\/07\/Pochette1440x1440-2-100x100.jpg 100w, https:\/\/www.slamdisques.com\/slamdisques\/wp-content\/uploads\/2025\/07\/Pochette1440x1440-2.jpg 1440w\" sizes=\"auto, (max-width: 767px) 89vw, (max-width: 1000px) 54vw, (max-width: 1071px) 543px, 580px\" \/><\/a><figcaption class=\"wp-element-caption\"><strong><mark style=\"background-color:rgba(0, 0, 0, 0)\" class=\"has-inline-color has-white-color\">Rester dur<\/mark><\/strong><mark style=\"background-color:rgba(0, 0, 0, 0)\" class=\"has-inline-color has-white-color\"><br><\/mark>(Compilation Zoo 1)<\/figcaption><\/figure>\n<\/div>\n<\/div>\n","protected":false},"excerpt":{"rendered":"<p>Albums Singles<\/p>\n","protected":false},"author":1,"featured_media":0,"parent":0,"menu_order":0,"comment_status":"closed","ping_status":"closed","template":"","meta":{"footnotes":""},"class_list":["post-5283","page","type-page","status-publish","hentry"],"_links":{"self":[{"href":"https:\/\/www.slamdisques.com\/slamdisques\/wp-json\/wp\/v2\/pages\/5283","targetHints":{"allow":["GET"]}}],"collection":[{"href":"https:\/\/www.slamdisques.com\/slamdisques\/wp-json\/wp\/v2\/pages"}],"about":[{"href":"https:\/\/www.slamdisques.com\/slamdisques\/wp-json\/wp\/v2\/types\/page"}],"author":[{"embeddable":true,"href":"https:\/\/www.slamdisques.com\/slamdisques\/wp-json\/wp\/v2\/users\/1"}],"replies":[{"embeddable":true,"href":"https:\/\/www.slamdisques.com\/slamdisques\/wp-json\/wp\/v2\/comments?post=5283"}],"version-history":[{"count":4,"href":"https:\/\/www.slamdisques.com\/slamdisques\/wp-json\/wp\/v2\/pages\/5283\/revisions"}],"predecessor-version":[{"id":5308,"href":"https:\/\/www.slamdisques.com\/slamdisques\/wp-json\/wp\/v2\/pages\/5283\/revisions\/5308"}],"wp:attachment":[{"href":"https:\/\/www.slamdisques.com\/slamdisques\/wp-json\/wp\/v2\/media?parent=5283"}],"curies":[{"name":"wp","href":"https:\/\/api.w.org\/{rel}","templated":true}]}}