{"id":5441,"date":"2026-03-04T20:13:36","date_gmt":"2026-03-04T19:13:36","guid":{"rendered":"https:\/\/www.slamdisques.com\/slamdisques\/?page_id=5441"},"modified":"2026-03-10T20:17:48","modified_gmt":"2026-03-10T19:17:48","slug":"guhn-twei","status":"publish","type":"page","link":"https:\/\/www.slamdisques.com\/slamdisques\/guhn-twei","title":{"rendered":"Guhn Twei"},"content":{"rendered":"\n<figure class=\"wp-block-image size-large\"><a href=\"https:\/\/www.slamdisques.com\/slamdisques\/wp-content\/uploads\/2026\/03\/DSF4387-scaled.jpg\"><img loading=\"lazy\" decoding=\"async\" width=\"1024\" height=\"683\" src=\"https:\/\/www.slamdisques.com\/slamdisques\/wp-content\/uploads\/2026\/03\/DSF4387-1024x683.jpg\" alt=\"\" class=\"wp-image-5442\" srcset=\"https:\/\/www.slamdisques.com\/slamdisques\/wp-content\/uploads\/2026\/03\/DSF4387-1024x683.jpg 1024w, https:\/\/www.slamdisques.com\/slamdisques\/wp-content\/uploads\/2026\/03\/DSF4387-300x200.jpg 300w, https:\/\/www.slamdisques.com\/slamdisques\/wp-content\/uploads\/2026\/03\/DSF4387-768x512.jpg 768w, https:\/\/www.slamdisques.com\/slamdisques\/wp-content\/uploads\/2026\/03\/DSF4387-1536x1024.jpg 1536w, https:\/\/www.slamdisques.com\/slamdisques\/wp-content\/uploads\/2026\/03\/DSF4387-2048x1366.jpg 2048w\" sizes=\"auto, (max-width: 767px) 89vw, (max-width: 1000px) 54vw, (max-width: 1071px) 543px, 580px\" \/><\/a><\/figure>\n\n\n\n<p>Photo: William Bri\u00e8re Daigle<\/p>\n\n\n\n<ul class=\"wp-block-social-links is-layout-flex wp-block-social-links-is-layout-flex\"><li class=\"wp-social-link wp-social-link-bandcamp  wp-block-social-link\"><a href=\"https:\/\/guhntwei.bandcamp.com\/?search_item_id%3D1514269746%26search_item_type%3Db%26search_match_part%3D%253F%26search_page_id%3D5191348830%26search_page_no%3D0%26search_rank%3D1=\" class=\"wp-block-social-link-anchor\"><svg width=\"24\" height=\"24\" viewBox=\"0 0 24 24\" version=\"1.1\" xmlns=\"http:\/\/www.w3.org\/2000\/svg\" aria-hidden=\"true\" focusable=\"false\"><path d=\"M15.27 17.289 3 17.289 8.73 6.711 21 6.711 15.27 17.289\"><\/path><\/svg><span class=\"wp-block-social-link-label screen-reader-text\">Bandcamp<\/span><\/a><\/li>\n\n<li class=\"wp-social-link wp-social-link-instagram  wp-block-social-link\"><a href=\"https:\/\/www.instagram.com\/guhntwei\/\" class=\"wp-block-social-link-anchor\"><svg width=\"24\" height=\"24\" viewBox=\"0 0 24 24\" version=\"1.1\" xmlns=\"http:\/\/www.w3.org\/2000\/svg\" aria-hidden=\"true\" focusable=\"false\"><path d=\"M12,4.622c2.403,0,2.688,0.009,3.637,0.052c0.877,0.04,1.354,0.187,1.671,0.31c0.42,0.163,0.72,0.358,1.035,0.673 c0.315,0.315,0.51,0.615,0.673,1.035c0.123,0.317,0.27,0.794,0.31,1.671c0.043,0.949,0.052,1.234,0.052,3.637 s-0.009,2.688-0.052,3.637c-0.04,0.877-0.187,1.354-0.31,1.671c-0.163,0.42-0.358,0.72-0.673,1.035 c-0.315,0.315-0.615,0.51-1.035,0.673c-0.317,0.123-0.794,0.27-1.671,0.31c-0.949,0.043-1.233,0.052-3.637,0.052 s-2.688-0.009-3.637-0.052c-0.877-0.04-1.354-0.187-1.671-0.31c-0.42-0.163-0.72-0.358-1.035-0.673 c-0.315-0.315-0.51-0.615-0.673-1.035c-0.123-0.317-0.27-0.794-0.31-1.671C4.631,14.688,4.622,14.403,4.622,12 s0.009-2.688,0.052-3.637c0.04-0.877,0.187-1.354,0.31-1.671c0.163-0.42,0.358-0.72,0.673-1.035 c0.315-0.315,0.615-0.51,1.035-0.673c0.317-0.123,0.794-0.27,1.671-0.31C9.312,4.631,9.597,4.622,12,4.622 M12,3 C9.556,3,9.249,3.01,8.289,3.054C7.331,3.098,6.677,3.25,6.105,3.472C5.513,3.702,5.011,4.01,4.511,4.511 c-0.5,0.5-0.808,1.002-1.038,1.594C3.25,6.677,3.098,7.331,3.054,8.289C3.01,9.249,3,9.556,3,12c0,2.444,0.01,2.751,0.054,3.711 c0.044,0.958,0.196,1.612,0.418,2.185c0.23,0.592,0.538,1.094,1.038,1.594c0.5,0.5,1.002,0.808,1.594,1.038 c0.572,0.222,1.227,0.375,2.185,0.418C9.249,20.99,9.556,21,12,21s2.751-0.01,3.711-0.054c0.958-0.044,1.612-0.196,2.185-0.418 c0.592-0.23,1.094-0.538,1.594-1.038c0.5-0.5,0.808-1.002,1.038-1.594c0.222-0.572,0.375-1.227,0.418-2.185 C20.99,14.751,21,14.444,21,12s-0.01-2.751-0.054-3.711c-0.044-0.958-0.196-1.612-0.418-2.185c-0.23-0.592-0.538-1.094-1.038-1.594 c-0.5-0.5-1.002-0.808-1.594-1.038c-0.572-0.222-1.227-0.375-2.185-0.418C14.751,3.01,14.444,3,12,3L12,3z M12,7.378 c-2.552,0-4.622,2.069-4.622,4.622S9.448,16.622,12,16.622s4.622-2.069,4.622-4.622S14.552,7.378,12,7.378z M12,15 c-1.657,0-3-1.343-3-3s1.343-3,3-3s3,1.343,3,3S13.657,15,12,15z M16.804,6.116c-0.596,0-1.08,0.484-1.08,1.08 s0.484,1.08,1.08,1.08c0.596,0,1.08-0.484,1.08-1.08S17.401,6.116,16.804,6.116z\"><\/path><\/svg><span class=\"wp-block-social-link-label screen-reader-text\">Instagram<\/span><\/a><\/li>\n\n<li class=\"wp-social-link wp-social-link-facebook  wp-block-social-link\"><a href=\"https:\/\/www.facebook.com\/guhntwei\" class=\"wp-block-social-link-anchor\"><svg width=\"24\" height=\"24\" viewBox=\"0 0 24 24\" version=\"1.1\" xmlns=\"http:\/\/www.w3.org\/2000\/svg\" aria-hidden=\"true\" focusable=\"false\"><path d=\"M12 2C6.5 2 2 6.5 2 12c0 5 3.7 9.1 8.4 9.9v-7H7.9V12h2.5V9.8c0-2.5 1.5-3.9 3.8-3.9 1.1 0 2.2.2 2.2.2v2.5h-1.3c-1.2 0-1.6.8-1.6 1.6V12h2.8l-.4 2.9h-2.3v7C18.3 21.1 22 17 22 12c0-5.5-4.5-10-10-10z\"><\/path><\/svg><span class=\"wp-block-social-link-label screen-reader-text\">Facebook<\/span><\/a><\/li><\/ul>\n\n\n\n<p>On reproche \u00e0 Rouyn-Noranda d&rsquo;\u00eatre la capitale de l&rsquo;Arsenic, mais on ne peut lui reprocher la formation de Guhn Twei. Compos\u00e9e de Simon Turcotte, Jeanne Perrin, David Alisich-B\u00e9rub\u00e9 et \u00c9tienne Pelchat, le groupe de <strong>metal\/hardcore punk<\/strong> prend position devant l&rsquo;industrie mini\u00e8re qui empoisonne la ville.<\/p>\n\n\n\n<p>\u00ab\u00a0Toutes les tounes de Guhn Twei, [elles] d\u00e9noncent l&#8217;empoisonnement de la population\u00a0\u00bb .<\/p>\n\n\n\n<p>C&rsquo;est en effet par ses paroles engag\u00e9es et son discours tranch\u00e9 que <strong>Guhn Twei<\/strong> se fait connaitre, aimer, d\u00e9tester, mais surtout se solidifie dans la sc\u00e8ne m\u00e9tal\/punk qu\u00e9b\u00e9coise.<\/p>\n\n\n\n<p>Leur premier album <strong>Glencorruption<\/strong> para\u00eet en ao\u00fbt 2023, portant le nom m\u00eame de la multinationale propri\u00e9taire de la fonderie Horne (Glencore). L&rsquo;oeuvre se fait parler; certains heureux d&rsquo;enfin entendre une prise de position publique et culturelle devant un empoisonnement de masse, d&rsquo;autres victimes du capitalisme et de la surproduction. Ce cri de revendication contre cette industrie polluante leur vaudra le meilleur album m\u00e9tal de l&rsquo;ann\u00e9e au GAMIQ 2024.<\/p>\n\n\n\n<p>\u00c0 peine un an plus tard, en juillet 2024, <strong>Capitale de l&rsquo;arsenic,<\/strong> leur second album, voit le jour. Un album d&rsquo;autant plus militant et bruyant. Il s&rsquo;agit d&rsquo;une v\u00e9ritable suite logique dans le processus cr\u00e9atif du groupe. Cet opus vaut \u00e0 Guhn Twei, pour une deuxi\u00e8me fois de suite, le titre du meilleur album m\u00e9tal de l&rsquo;ann\u00e9e au GAMIQ 2025.<\/p>\n\n\n\n<p>En spectacle, on peut s&rsquo;attendre \u00e0 se faire brasser, \u00e0 un show intense qui plonge le spectateur instantan\u00e9ment dans le vif du sujet. Un show de Guhn Twei ne laisse personne indiff\u00e9rent. Et surtout pas Slam Disques.<\/p>\n\n\n\n<p>C&rsquo;est en 2026 que les destins se croisent, les mains se serrent et les signatures se signent. Le troisi\u00e8me opus, <strong>Une ville, une mine, un cancer<\/strong>, sort en mars 2026. Une m\u00eame direction, un message d&rsquo;autant plus fort et une m\u00e9lodie d&rsquo;autant plus perfectionn\u00e9e.<\/p>\n","protected":false},"excerpt":{"rendered":"<p>Photo: William Bri\u00e8re Daigle On reproche \u00e0 Rouyn-Noranda d&rsquo;\u00eatre la capitale de l&rsquo;Arsenic, mais on ne peut lui reprocher la formation de Guhn Twei. Compos\u00e9e de Simon Turcotte, Jeanne Perrin, David Alisich-B\u00e9rub\u00e9 et \u00c9tienne Pelchat, le groupe de metal\/hardcore punk prend position devant l&rsquo;industrie mini\u00e8re qui empoisonne la ville. \u00ab\u00a0Toutes les tounes de Guhn Twei, &hellip; <\/p>\n<p class=\"link-more\"><a href=\"https:\/\/www.slamdisques.com\/slamdisques\/guhn-twei\" class=\"more-link\">Continuer la lecture<span class=\"screen-reader-text\"> de &laquo;&nbsp;Guhn Twei&nbsp;&raquo;<\/span><\/a><\/p>\n","protected":false},"author":1,"featured_media":0,"parent":0,"menu_order":0,"comment_status":"closed","ping_status":"closed","template":"","meta":{"footnotes":""},"class_list":["post-5441","page","type-page","status-publish","hentry"],"_links":{"self":[{"href":"https:\/\/www.slamdisques.com\/slamdisques\/wp-json\/wp\/v2\/pages\/5441","targetHints":{"allow":["GET"]}}],"collection":[{"href":"https:\/\/www.slamdisques.com\/slamdisques\/wp-json\/wp\/v2\/pages"}],"about":[{"href":"https:\/\/www.slamdisques.com\/slamdisques\/wp-json\/wp\/v2\/types\/page"}],"author":[{"embeddable":true,"href":"https:\/\/www.slamdisques.com\/slamdisques\/wp-json\/wp\/v2\/users\/1"}],"replies":[{"embeddable":true,"href":"https:\/\/www.slamdisques.com\/slamdisques\/wp-json\/wp\/v2\/comments?post=5441"}],"version-history":[{"count":4,"href":"https:\/\/www.slamdisques.com\/slamdisques\/wp-json\/wp\/v2\/pages\/5441\/revisions"}],"predecessor-version":[{"id":5462,"href":"https:\/\/www.slamdisques.com\/slamdisques\/wp-json\/wp\/v2\/pages\/5441\/revisions\/5462"}],"wp:attachment":[{"href":"https:\/\/www.slamdisques.com\/slamdisques\/wp-json\/wp\/v2\/media?parent=5441"}],"curies":[{"name":"wp","href":"https:\/\/api.w.org\/{rel}","templated":true}]}}